{"id":755,"date":"2025-06-16T17:22:12","date_gmt":"2025-06-16T17:22:12","guid":{"rendered":"https:\/\/elipharmgroup.com\/?post_type=product&#038;p=755"},"modified":"2025-12-08T16:01:34","modified_gmt":"2025-12-08T16:01:34","slug":"mind-master-formula-red","status":"publish","type":"product","link":"https:\/\/elipharmgroup.com\/?product=mind-master-formula-red","title":{"rendered":"Mind Master Formula Red"},"content":{"rendered":"<h2>Mind Master Formula Red<\/h2>\n<p>Vivez votre vie de fa\u00e7on active et \u00e9nergique ! La variante rouge \u00e0 la saveur fruit\u00e9e de raisin<br \/>\nTravail, famille, sport et loisirs \u2013 tout mener de front peut parfois s&rsquo;av\u00e9rer fatigant. Il est d&rsquo;autant plus important de fournir \u00e0 l&rsquo;\u00e9quilibre nutritif des vitamines et des oligo\u00e9l\u00e9ments utiles.<br \/>\nMind Master fournit des micro\u00e9l\u00e9ments importants. Ils contribuent notamment \u00e0<\/p>\n<ul>\n<li>un bon m\u00e9tabolisme \u00e9nerg\u00e9tique<sup>1<\/sup>,<\/li>\n<li>un bon fonctionnement du syst\u00e8me nerveux<sup>2<\/sup>,<\/li>\n<li>une bonne fonction psychique<sup>3<\/sup>,<\/li>\n<li>une diminution de la fatigue et de la sensation d&rsquo;\u00e9puisement<sup>4<\/sup>,<\/li>\n<li>une bonne fonction cognitive<sup>5<\/sup>,<\/li>\n<li>la protection des cellules contre le stress oxydant<sup>6<\/sup>.<\/li>\n<\/ul>\n<p>Mind Master vous accompagne dans votre journ\u00e9e : au travail, \u00e0 l&rsquo;\u00e9cole, \u00e0 la fac, durant votre s\u00e9ance de sport.<\/p>\n<p>Votre contribution quotidienne \u00e0 l&rsquo;apport parfait en nutriments dans le cadre d&rsquo;un style de vie actif !<br \/>\nDes \u00e9tudes scientifiques de l&rsquo;EFSA* confirment :<br \/>\n<sup>1<\/sup>La thiamine et la vitamine B12 contribuent au bon fonctionnement du m\u00e9tabolisme.<br \/>\n<sup>2<\/sup>La vitamine B12 contribue au bon fonctionnement du syst\u00e8me nerveux.<br \/>\n<sup>3<\/sup>La vitamine B12 contribue \u00e0 un bon fonctionnement psychique.<br \/>\n<sup>4<\/sup>La vitamine B12 et le fer contribuent \u00e0 diminuer la fatigue et l&rsquo;\u00e9puisement.<br \/>\n<sup>5<\/sup>Le fer contribue \u00e0 un bon fonctionnement cognitif.<br \/>\n<sup>6<\/sup>La vitamine E contribue \u00e0 la protection des cellules contre le stress oxydant.<\/p>\n<p>*European Food Safety Authority<\/p>\n<h2>Ingr\u00e9dients<\/h2>\n<p><strong>Ingr\u00e9dients:<\/strong>\u00a0Jus de raisin rouge \u00e0 partir de jus de raisin concentr\u00e9, gel Aloe Vera (Barbadensis Miller)<sup>1<\/sup>\u00a0(36 %), eau, dextrose, stabilisant (gomme de xanthane), m\u00e9lange d&rsquo;extrait (extrait de p\u00e9pins de raisin, extrait de th\u00e9 vert, extrait de peau de raisin contenant du resv\u00e9ratrol), L-carnitine-L-tartrate, antioxydant (acide L-ascorbique), coenzyme Q10, m\u00e9lange de vitamines (mononitrate de thiamine, acide folique, vitamine B12, ac\u00e9tate de DL-alpha-tocoph\u00e9rol), acide (acide citrique), fer (III) pyrophosphate, conservateur (sorbate de potassium), \u00e9dulcorants (glycosides de st\u00e9viol), bitartrate de choline, s\u00e9l\u00e9nite de sodium, colorant (complexes de cuivre de<\/p>\n<p>chlorophyllines).<\/p>\n<table>\n<thead>\n<tr>\n<th scope=\"col\"><\/th>\n<th scope=\"col\">par 100 ml<\/th>\n<th scope=\"col\">par portion journali\u00e8re (80 ml)<\/th>\n<\/tr>\n<\/thead>\n<tbody>\n<tr>\n<td scope=\"row\" data-label=\"\">Apport calorique<\/td>\n<td data-label=\"par 100 ml\">177 kJ \/ 42 kcal<\/td>\n<td data-label=\"par portion journali\u00e8re (80 ml)\">142 kJ \/ 34 kcal<\/td>\n<\/tr>\n<tr>\n<td scope=\"row\" data-label=\"\">Mati\u00e8re grasse<\/td>\n<td data-label=\"par 100 ml\">&lt; 0,5 g<\/td>\n<td data-label=\"par portion journali\u00e8re (80 ml)\">&lt; 0,5 g<\/td>\n<\/tr>\n<tr>\n<td scope=\"row\" data-label=\"\">&#8211; dont acides gras satur\u00e9s<\/td>\n<td data-label=\"par 100 ml\">0 g<\/td>\n<td data-label=\"par portion journali\u00e8re (80 ml)\">0 g<\/td>\n<\/tr>\n<tr>\n<td scope=\"row\" data-label=\"\">&#8211; dont acides gras monoinsatur\u00e9s<\/td>\n<td data-label=\"par 100 ml\">&#8211;<\/td>\n<td data-label=\"par portion journali\u00e8re (80 ml)\">&#8211;<\/td>\n<\/tr>\n<tr>\n<td scope=\"row\" data-label=\"\">&#8211; dont acides gras polyinsatur\u00e9s<\/td>\n<td data-label=\"par 100 ml\">&#8211;<\/td>\n<td data-label=\"par portion journali\u00e8re (80 ml)\">&#8211;<\/td>\n<\/tr>\n<tr>\n<td scope=\"row\" data-label=\"\">Glucides<\/td>\n<td data-label=\"par 100 ml\">10 g<\/td>\n<td data-label=\"par portion journali\u00e8re (80 ml)\">8,0 g<\/td>\n<\/tr>\n<tr>\n<td scope=\"row\" data-label=\"\">&#8211; dont sucre<\/td>\n<td data-label=\"par 100 ml\">9,6 g<\/td>\n<td data-label=\"par portion journali\u00e8re (80 ml)\">7,7 g<\/td>\n<\/tr>\n<tr>\n<td scope=\"row\" data-label=\"\">Fibres<\/td>\n<td data-label=\"par 100 ml\">&#8211;<\/td>\n<td data-label=\"par portion journali\u00e8re (80 ml)\">&#8211;<\/td>\n<\/tr>\n<tr>\n<td scope=\"row\" data-label=\"\">Prot\u00e9ines<\/td>\n<td data-label=\"par 100 ml\">&lt; 0,5 g<\/td>\n<td data-label=\"par portion journali\u00e8re (80 ml)\">&lt; 0,5 g<\/td>\n<\/tr>\n<tr>\n<td scope=\"row\" data-label=\"\">Sel<\/td>\n<td data-label=\"par 100 ml\">0,04 g<\/td>\n<td data-label=\"par portion journali\u00e8re (80 ml)\">0,03 g<\/td>\n<\/tr>\n<\/tbody>\n<\/table>\n<p>*** du montant de r\u00e9f\u00e9rence pour l\u2019apport journalier<\/p>\n<p><sup>1<\/sup>\u00a0Etats-Unis \/ Mexique<\/p>\n<h2>Application<\/h2>\n<p>Conseil d&rsquo;utilisation : boire 1 x par jour 80 ml de Mind Master Formula Red, de pr\u00e9f\u00e9rence apr\u00e8s les repas (pur, diluer avec de l&rsquo;eau ou du jus de fruit).<\/p>\n<p>Secouer avant usage. Conserver au r\u00e9frig\u00e9rateur apr\u00e8s ouverture. La dose journali\u00e8re conseill\u00e9e ne doit pas \u00eatre d\u00e9pass\u00e9e. Les compl\u00e9ments alimentaires ne remplacent pas une alimentation vari\u00e9e et \u00e9quilibr\u00e9e qui est aussi importante qu&rsquo;un mode de vie sain. Ranger le produit hors de port\u00e9e des jeunes enfants.<\/p>\n<h2>Informations int\u00e9ressantes<\/h2>\n<p>Pour Mind Master \u00e9galement, LR accorde une tr\u00e8s grande importance \u00e0 la qualit\u00e9 la plus \u00e9lev\u00e9e qui soit &#8211; que ce soit dans les mati\u00e8res premi\u00e8res ou dans la fabrication. C&rsquo;est pourquoi LR veille tout particuli\u00e8rement \u00e0 choisir les meilleurs ingr\u00e9dients tels que l&rsquo;Aloe Vera Barbadensis Miller issue d&rsquo;une agriculture contr\u00f4l\u00e9e.<br \/>\nAfin de rendre, pour vous en tant que client, cette qualit\u00e9 transparente et de la garantir de fa\u00e7on objective, nous avons \u00e9galement demand\u00e9 au SGS INSTITUT FRESENIUS de r\u00e9aliser des contr\u00f4les r\u00e9guliers. L&rsquo;\u00e9tablissement ind\u00e9pendant contr\u00f4le la qualit\u00e9 de Mind Master \u00e0 travers notamment des achats-tests cach\u00e9s.<br \/>\nLe r\u00e9sultat : Mind Master porte le label de contr\u00f4le du SGS INSTITUT FRESENIUS, l&rsquo;un des plus rigoureux au monde. Il certifie la remarquable qualit\u00e9 de ce compl\u00e9ment alimentaire.<\/p>\n","protected":false},"excerpt":{"rendered":"<ul>\n<li>L&rsquo;alli\u00e9 du corps et de l&rsquo;esprit en cas de stress oxydant 6<\/li>\n<li>Fournit des micronutriments \u00e0 tous ceux qui donnent une orientation active \u00e0 leur vie<\/li>\n<li>Qualit\u00e9 excellente attest\u00e9e par le SGS INSTITUT FRESENIUS<\/li>\n<li>Le compagnon quotidien au travail, \u00e0 la fac, etc.<\/li>\n<\/ul>\n","protected":false},"featured_media":618,"comment_status":"open","ping_status":"closed","template":"","meta":[],"product_brand":[153],"product_cat":[323,324],"product_tag":[325,328],"class_list":{"0":"post-755","1":"product","2":"type-product","3":"status-publish","4":"has-post-thumbnail","6":"product_brand-lr-health-beauty","7":"product_cat-produits-bien-etre","8":"product_cat-nutrition-bien-etre","9":"product_tag-bien-etre","10":"product_tag-nutrition","12":"first","13":"outofstock","14":"taxable","15":"shipping-taxable","16":"purchasable","17":"product-type-simple"},"yoast_head":"<!-- This site is optimized with the Yoast SEO plugin v27.3 - https:\/\/yoast.com\/product\/yoast-seo-wordpress\/ -->\n<title>Mind Master Formula Red - EliPharm Group<\/title>\n<meta name=\"description\" content=\"Mind Master Formula Red, l&#039;alli\u00e9 du corps et de l&#039;esprit en cas de stress oxydant. Fournit des micronutriments \u00e0 tous ceux qui donnent une orientation active \u00e0 leur vie. Qualit\u00e9 excellente attest\u00e9e par le SGS INSTITUT FRESENIUS. Le compagnon quotidien au travail, \u00e0 la fac, etc.\" \/>\n<meta name=\"robots\" content=\"index, follow, max-snippet:-1, max-image-preview:large, max-video-preview:-1\" \/>\n<link rel=\"canonical\" href=\"https:\/\/elipharmgroup.com\/?product=mind-master-formula-red\" \/>\n<meta property=\"og:locale\" content=\"fr_FR\" \/>\n<meta property=\"og:type\" content=\"article\" \/>\n<meta property=\"og:title\" content=\"Mind Master Formula Red\" \/>\n<meta property=\"og:description\" content=\"Vivez votre vie de fa\u00e7on active et \u00e9nergique ! La variante rouge \u00e0 la saveur fruit\u00e9e de raisin. Travail, famille, sport et loisirs \u2013 tout mener de front peut parfois s&#039;av\u00e9rer fatigant. Il est d&#039;autant plus important de fournir \u00e0 l&#039;\u00e9quilibre nutritif des vitamines et des oligo\u00e9l\u00e9ments utiles.\" \/>\n<meta property=\"og:url\" content=\"https:\/\/elipharmgroup.com\/?product=mind-master-formula-red\" \/>\n<meta property=\"og:site_name\" content=\"EliPharm Group\" \/>\n<meta property=\"article:publisher\" content=\"https:\/\/www.facebook.com\/profile.php?id=61571934707378\" \/>\n<meta property=\"article:modified_time\" content=\"2025-12-08T16:01:34+00:00\" \/>\n<meta property=\"og:image\" content=\"https:\/\/elipharmgroup.com\/wp-content\/uploads\/2025\/06\/Mind-Master-Formula-Red.jpg\" \/>\n\t<meta property=\"og:image:width\" content=\"500\" \/>\n\t<meta property=\"og:image:height\" content=\"500\" \/>\n\t<meta property=\"og:image:type\" content=\"image\/jpeg\" \/>\n<meta name=\"twitter:card\" content=\"summary_large_image\" \/>\n<meta name=\"twitter:label1\" content=\"Dur\u00e9e de lecture estim\u00e9e\" \/>\n\t<meta name=\"twitter:data1\" content=\"4 minutes\" \/>\n<script type=\"application\/ld+json\" class=\"yoast-schema-graph\">{\"@context\":\"https:\\\/\\\/schema.org\",\"@graph\":[{\"@type\":\"WebPage\",\"@id\":\"https:\\\/\\\/elipharmgroup.com\\\/?product=mind-master-formula-red\",\"url\":\"https:\\\/\\\/elipharmgroup.com\\\/?product=mind-master-formula-red\",\"name\":\"Mind Master Formula Red - EliPharm Group\",\"isPartOf\":{\"@id\":\"https:\\\/\\\/elipharmgroup.com\\\/#website\"},\"primaryImageOfPage\":{\"@id\":\"https:\\\/\\\/elipharmgroup.com\\\/?product=mind-master-formula-red#primaryimage\"},\"image\":{\"@id\":\"https:\\\/\\\/elipharmgroup.com\\\/?product=mind-master-formula-red#primaryimage\"},\"thumbnailUrl\":\"https:\\\/\\\/elipharmgroup.com\\\/wp-content\\\/uploads\\\/2025\\\/06\\\/Mind-Master-Formula-Red.jpg\",\"datePublished\":\"2025-06-16T17:22:12+00:00\",\"dateModified\":\"2025-12-08T16:01:34+00:00\",\"description\":\"Mind Master Formula Red, l'alli\u00e9 du corps et de l'esprit en cas de stress oxydant. Fournit des micronutriments \u00e0 tous ceux qui donnent une orientation active \u00e0 leur vie. Qualit\u00e9 excellente attest\u00e9e par le SGS INSTITUT FRESENIUS. Le compagnon quotidien au travail, \u00e0 la fac, etc.\",\"breadcrumb\":{\"@id\":\"https:\\\/\\\/elipharmgroup.com\\\/?product=mind-master-formula-red#breadcrumb\"},\"inLanguage\":\"fr-FR\",\"potentialAction\":[{\"@type\":\"ReadAction\",\"target\":[\"https:\\\/\\\/elipharmgroup.com\\\/?product=mind-master-formula-red\"]}]},{\"@type\":\"ImageObject\",\"inLanguage\":\"fr-FR\",\"@id\":\"https:\\\/\\\/elipharmgroup.com\\\/?product=mind-master-formula-red#primaryimage\",\"url\":\"https:\\\/\\\/elipharmgroup.com\\\/wp-content\\\/uploads\\\/2025\\\/06\\\/Mind-Master-Formula-Red.jpg\",\"contentUrl\":\"https:\\\/\\\/elipharmgroup.com\\\/wp-content\\\/uploads\\\/2025\\\/06\\\/Mind-Master-Formula-Red.jpg\",\"width\":500,\"height\":500},{\"@type\":\"BreadcrumbList\",\"@id\":\"https:\\\/\\\/elipharmgroup.com\\\/?product=mind-master-formula-red#breadcrumb\",\"itemListElement\":[{\"@type\":\"ListItem\",\"position\":1,\"name\":\"Accueil\",\"item\":\"https:\\\/\\\/elipharmgroup.com\\\/\"},{\"@type\":\"ListItem\",\"position\":2,\"name\":\"Boutique\",\"item\":\"https:\\\/\\\/elipharmgroup.com\\\/?page_id=51\"},{\"@type\":\"ListItem\",\"position\":3,\"name\":\"Bien-\u00eatre\",\"item\":\"https:\\\/\\\/elipharmgroup.com\\\/?product_cat=produits-bien-etre\"},{\"@type\":\"ListItem\",\"position\":4,\"name\":\"Nutrition\",\"item\":\"https:\\\/\\\/elipharmgroup.com\\\/?product_cat=nutrition-bien-etre\"},{\"@type\":\"ListItem\",\"position\":5,\"name\":\"Mind Master Formula Red\"}]},{\"@type\":\"WebSite\",\"@id\":\"https:\\\/\\\/elipharmgroup.com\\\/#website\",\"url\":\"https:\\\/\\\/elipharmgroup.com\\\/\",\"name\":\"EliPharm Group\",\"description\":\"Entreprise pharmaceutique\",\"publisher\":{\"@id\":\"https:\\\/\\\/elipharmgroup.com\\\/#organization\"},\"potentialAction\":[{\"@type\":\"SearchAction\",\"target\":{\"@type\":\"EntryPoint\",\"urlTemplate\":\"https:\\\/\\\/elipharmgroup.com\\\/?s={search_term_string}\"},\"query-input\":{\"@type\":\"PropertyValueSpecification\",\"valueRequired\":true,\"valueName\":\"search_term_string\"}}],\"inLanguage\":\"fr-FR\"},{\"@type\":\"Organization\",\"@id\":\"https:\\\/\\\/elipharmgroup.com\\\/#organization\",\"name\":\"EliPharm Group\",\"url\":\"https:\\\/\\\/elipharmgroup.com\\\/\",\"logo\":{\"@type\":\"ImageObject\",\"inLanguage\":\"fr-FR\",\"@id\":\"https:\\\/\\\/elipharmgroup.com\\\/#\\\/schema\\\/logo\\\/image\\\/\",\"url\":\"https:\\\/\\\/elipharmgroup.com\\\/wp-content\\\/uploads\\\/2025\\\/02\\\/cropped-Logo-Elipharm-group-2.png\",\"contentUrl\":\"https:\\\/\\\/elipharmgroup.com\\\/wp-content\\\/uploads\\\/2025\\\/02\\\/cropped-Logo-Elipharm-group-2.png\",\"width\":652,\"height\":467,\"caption\":\"EliPharm Group\"},\"image\":{\"@id\":\"https:\\\/\\\/elipharmgroup.com\\\/#\\\/schema\\\/logo\\\/image\\\/\"},\"sameAs\":[\"https:\\\/\\\/www.facebook.com\\\/profile.php?id=61571934707378\",\"https:\\\/\\\/www.instagram.com\\\/elipharmgroup\\\/\",\"https:\\\/\\\/www.youtube.com\\\/@ElipharmGroup\"]}]}<\/script>\n<!-- \/ Yoast SEO plugin. -->","yoast_head_json":{"title":"Mind Master Formula Red - EliPharm Group","description":"Mind Master Formula Red, l'alli\u00e9 du corps et de l'esprit en cas de stress oxydant. Fournit des micronutriments \u00e0 tous ceux qui donnent une orientation active \u00e0 leur vie. Qualit\u00e9 excellente attest\u00e9e par le SGS INSTITUT FRESENIUS. Le compagnon quotidien au travail, \u00e0 la fac, etc.","robots":{"index":"index","follow":"follow","max-snippet":"max-snippet:-1","max-image-preview":"max-image-preview:large","max-video-preview":"max-video-preview:-1"},"canonical":"https:\/\/elipharmgroup.com\/?product=mind-master-formula-red","og_locale":"fr_FR","og_type":"article","og_title":"Mind Master Formula Red","og_description":"Vivez votre vie de fa\u00e7on active et \u00e9nergique ! La variante rouge \u00e0 la saveur fruit\u00e9e de raisin. Travail, famille, sport et loisirs \u2013 tout mener de front peut parfois s'av\u00e9rer fatigant. Il est d'autant plus important de fournir \u00e0 l'\u00e9quilibre nutritif des vitamines et des oligo\u00e9l\u00e9ments utiles.","og_url":"https:\/\/elipharmgroup.com\/?product=mind-master-formula-red","og_site_name":"EliPharm Group","article_publisher":"https:\/\/www.facebook.com\/profile.php?id=61571934707378","article_modified_time":"2025-12-08T16:01:34+00:00","og_image":[{"width":500,"height":500,"url":"https:\/\/elipharmgroup.com\/wp-content\/uploads\/2025\/06\/Mind-Master-Formula-Red.jpg","type":"image\/jpeg"}],"twitter_card":"summary_large_image","twitter_misc":{"Dur\u00e9e de lecture estim\u00e9e":"4 minutes"},"schema":{"@context":"https:\/\/schema.org","@graph":[{"@type":"WebPage","@id":"https:\/\/elipharmgroup.com\/?product=mind-master-formula-red","url":"https:\/\/elipharmgroup.com\/?product=mind-master-formula-red","name":"Mind Master Formula Red - EliPharm Group","isPartOf":{"@id":"https:\/\/elipharmgroup.com\/#website"},"primaryImageOfPage":{"@id":"https:\/\/elipharmgroup.com\/?product=mind-master-formula-red#primaryimage"},"image":{"@id":"https:\/\/elipharmgroup.com\/?product=mind-master-formula-red#primaryimage"},"thumbnailUrl":"https:\/\/elipharmgroup.com\/wp-content\/uploads\/2025\/06\/Mind-Master-Formula-Red.jpg","datePublished":"2025-06-16T17:22:12+00:00","dateModified":"2025-12-08T16:01:34+00:00","description":"Mind Master Formula Red, l'alli\u00e9 du corps et de l'esprit en cas de stress oxydant. Fournit des micronutriments \u00e0 tous ceux qui donnent une orientation active \u00e0 leur vie. Qualit\u00e9 excellente attest\u00e9e par le SGS INSTITUT FRESENIUS. Le compagnon quotidien au travail, \u00e0 la fac, etc.","breadcrumb":{"@id":"https:\/\/elipharmgroup.com\/?product=mind-master-formula-red#breadcrumb"},"inLanguage":"fr-FR","potentialAction":[{"@type":"ReadAction","target":["https:\/\/elipharmgroup.com\/?product=mind-master-formula-red"]}]},{"@type":"ImageObject","inLanguage":"fr-FR","@id":"https:\/\/elipharmgroup.com\/?product=mind-master-formula-red#primaryimage","url":"https:\/\/elipharmgroup.com\/wp-content\/uploads\/2025\/06\/Mind-Master-Formula-Red.jpg","contentUrl":"https:\/\/elipharmgroup.com\/wp-content\/uploads\/2025\/06\/Mind-Master-Formula-Red.jpg","width":500,"height":500},{"@type":"BreadcrumbList","@id":"https:\/\/elipharmgroup.com\/?product=mind-master-formula-red#breadcrumb","itemListElement":[{"@type":"ListItem","position":1,"name":"Accueil","item":"https:\/\/elipharmgroup.com\/"},{"@type":"ListItem","position":2,"name":"Boutique","item":"https:\/\/elipharmgroup.com\/?page_id=51"},{"@type":"ListItem","position":3,"name":"Bien-\u00eatre","item":"https:\/\/elipharmgroup.com\/?product_cat=produits-bien-etre"},{"@type":"ListItem","position":4,"name":"Nutrition","item":"https:\/\/elipharmgroup.com\/?product_cat=nutrition-bien-etre"},{"@type":"ListItem","position":5,"name":"Mind Master Formula Red"}]},{"@type":"WebSite","@id":"https:\/\/elipharmgroup.com\/#website","url":"https:\/\/elipharmgroup.com\/","name":"EliPharm Group","description":"Entreprise pharmaceutique","publisher":{"@id":"https:\/\/elipharmgroup.com\/#organization"},"potentialAction":[{"@type":"SearchAction","target":{"@type":"EntryPoint","urlTemplate":"https:\/\/elipharmgroup.com\/?s={search_term_string}"},"query-input":{"@type":"PropertyValueSpecification","valueRequired":true,"valueName":"search_term_string"}}],"inLanguage":"fr-FR"},{"@type":"Organization","@id":"https:\/\/elipharmgroup.com\/#organization","name":"EliPharm Group","url":"https:\/\/elipharmgroup.com\/","logo":{"@type":"ImageObject","inLanguage":"fr-FR","@id":"https:\/\/elipharmgroup.com\/#\/schema\/logo\/image\/","url":"https:\/\/elipharmgroup.com\/wp-content\/uploads\/2025\/02\/cropped-Logo-Elipharm-group-2.png","contentUrl":"https:\/\/elipharmgroup.com\/wp-content\/uploads\/2025\/02\/cropped-Logo-Elipharm-group-2.png","width":652,"height":467,"caption":"EliPharm Group"},"image":{"@id":"https:\/\/elipharmgroup.com\/#\/schema\/logo\/image\/"},"sameAs":["https:\/\/www.facebook.com\/profile.php?id=61571934707378","https:\/\/www.instagram.com\/elipharmgroup\/","https:\/\/www.youtube.com\/@ElipharmGroup"]}]}},"_links":{"self":[{"href":"https:\/\/elipharmgroup.com\/index.php?rest_route=\/wp\/v2\/product\/755","targetHints":{"allow":["GET"]}}],"collection":[{"href":"https:\/\/elipharmgroup.com\/index.php?rest_route=\/wp\/v2\/product"}],"about":[{"href":"https:\/\/elipharmgroup.com\/index.php?rest_route=\/wp\/v2\/types\/product"}],"replies":[{"embeddable":true,"href":"https:\/\/elipharmgroup.com\/index.php?rest_route=%2Fwp%2Fv2%2Fcomments&post=755"}],"wp:featuredmedia":[{"embeddable":true,"href":"https:\/\/elipharmgroup.com\/index.php?rest_route=\/wp\/v2\/media\/618"}],"wp:attachment":[{"href":"https:\/\/elipharmgroup.com\/index.php?rest_route=%2Fwp%2Fv2%2Fmedia&parent=755"}],"wp:term":[{"taxonomy":"product_brand","embeddable":true,"href":"https:\/\/elipharmgroup.com\/index.php?rest_route=%2Fwp%2Fv2%2Fproduct_brand&post=755"},{"taxonomy":"product_cat","embeddable":true,"href":"https:\/\/elipharmgroup.com\/index.php?rest_route=%2Fwp%2Fv2%2Fproduct_cat&post=755"},{"taxonomy":"product_tag","embeddable":true,"href":"https:\/\/elipharmgroup.com\/index.php?rest_route=%2Fwp%2Fv2%2Fproduct_tag&post=755"}],"curies":[{"name":"wp","href":"https:\/\/api.w.org\/{rel}","templated":true}]}}