{"id":749,"date":"2025-06-16T16:36:52","date_gmt":"2025-06-16T16:36:52","guid":{"rendered":"https:\/\/elipharmgroup.com\/?post_type=product&#038;p=749"},"modified":"2025-12-08T16:05:16","modified_gmt":"2025-12-08T16:05:16","slug":"boisson-en-poudre-protein-power-vanille","status":"publish","type":"product","link":"https:\/\/elipharmgroup.com\/?product=boisson-en-poudre-protein-power-vanille","title":{"rendered":"Boisson en poudre Protein Power Vanille"},"content":{"rendered":"<h2>LR Lifetakt Boisson en poudre Protein Power Vanille<\/h2>\n<p>Une meilleure pr\u00e9servation et augmentation de la masse musculaire. . Contribue \u00e0 une meilleure assimilation des prot\u00e9ines gr\u00e2ce aux 5 composants prot\u00e9iniques, au magn\u00e9sium (2) et \u00e0 la vitamine B6 (3).<\/p>\n<p>Scientifiquement prouv\u00e9 par l&rsquo;EFSA (European Food Safety Authority) :<br \/>\n<sup>1<\/sup>\u00a0Les prot\u00e9ines contribuent \u00e0 la pr\u00e9servation de la masse musculaire et \u00e0 l&rsquo;augmentation de la masse musculaire<br \/>\n<sup>2<\/sup>\u00a0Le magn\u00e9sium contribue \u00e0 une bonne assimilation des prot\u00e9ines et \u00e0 une bonne fonction musculaire<br \/>\n<sup>3<\/sup>\u00a0La vitamine B6 contribue \u00e0 un bon m\u00e9tabolisme des prot\u00e9ines et glycog\u00e8nes.<\/p>\n<h2>Ingr\u00e9dients<\/h2>\n<p><strong>Ingr\u00e9dients<\/strong>: 95 % poudre de prot\u00e9ines (prot\u00e9ines de\u00a0<strong>soja<\/strong>, prot\u00e9ines de\u00a0<strong>lactos\u00e9rum<\/strong>,\u00a0<strong>cas\u00e9inate<\/strong>\u00a0de calcium, prot\u00e9ine de\u00a0<strong>lait<\/strong>, blanc\u00a0<strong>d\u2019oeuf<\/strong>), carbonate de magn\u00e9sium, ar\u00f4me, antiagglom\u00e9rant (dioxyde de silicium), \u00e9dulcorant (sucralose), vitamine B6, colorant (b\u00eata-carot\u00e8ne).<\/p>\n<table>\n<thead>\n<tr>\n<th scope=\"col\"><\/th>\n<th scope=\"col\">par 100 g \/ % VNR**<\/th>\n<th scope=\"col\">par portion*** \/ % VNR**<\/th>\n<th scope=\"col\">par portion**** \/ % VNR**<\/th>\n<\/tr>\n<\/thead>\n<tbody>\n<tr>\n<td scope=\"row\" data-label=\"\">Apport calorique<\/td>\n<td data-label=\"par 100 g \/ % VNR**\">1555 kJ \/ 367 kcal<\/td>\n<td data-label=\"par portion*** \/ % VNR**\">437 kJ \/ 104 kcal<\/td>\n<td data-label=\"par portion**** \/ % VNR**\">193 kJ \/ 46 kcal<\/td>\n<\/tr>\n<tr>\n<td scope=\"row\" data-label=\"\">Mati\u00e8re grasse<\/td>\n<td data-label=\"par 100 g \/ % VNR**\">3,3 g \/ &#8211;<\/td>\n<td data-label=\"par portion*** \/ % VNR**\">2,4 g \/ &#8211;<\/td>\n<td data-label=\"par portion**** \/ % VNR**\">&lt; 0,5 g \/ &#8211;<\/td>\n<\/tr>\n<tr>\n<td scope=\"row\" data-label=\"\">&#8211; dont acides gras satur\u00e9s<\/td>\n<td data-label=\"par 100 g \/ % VNR**\">2,1 g \/ &#8211;<\/td>\n<td data-label=\"par portion*** \/ % VNR**\">1,4 g \/ &#8211;<\/td>\n<td data-label=\"par portion**** \/ % VNR**\">0,3 g \/ &#8211;<\/td>\n<\/tr>\n<tr>\n<td scope=\"row\" data-label=\"\">&#8211; dont acides gras monoinsatur\u00e9s<\/td>\n<td data-label=\"par 100 g \/ % VNR**\">&#8211;<\/td>\n<td data-label=\"par portion*** \/ % VNR**\">&#8211;<\/td>\n<td data-label=\"par portion**** \/ % VNR**\">&#8211;<\/td>\n<\/tr>\n<tr>\n<td scope=\"row\" data-label=\"\">&#8211; dont acides gras polyinsatur\u00e9s<\/td>\n<td data-label=\"par 100 g \/ % VNR**\">&#8211;<\/td>\n<td data-label=\"par portion*** \/ % VNR**\">&#8211;<\/td>\n<td data-label=\"par portion**** \/ % VNR**\">&#8211;<\/td>\n<\/tr>\n<tr>\n<td scope=\"row\" data-label=\"\">Glucides<\/td>\n<td data-label=\"par 100 g \/ % VNR**\">4,3 g \/ &#8211;<\/td>\n<td data-label=\"par portion*** \/ % VNR**\">6,5 g \/ &#8211;<\/td>\n<td data-label=\"par portion**** \/ % VNR**\">0,5 g \/ &#8211;<\/td>\n<\/tr>\n<tr>\n<td scope=\"row\" data-label=\"\">&#8211; dont sucre<\/td>\n<td data-label=\"par 100 g \/ % VNR**\">2,5 g \/ &#8211;<\/td>\n<td data-label=\"par portion*** \/ % VNR**\">6,3 g \/ &#8211;<\/td>\n<td data-label=\"par portion**** \/ % VNR**\">0,3 g \/ &#8211;<\/td>\n<\/tr>\n<tr>\n<td scope=\"row\" data-label=\"\">Fibres<\/td>\n<td data-label=\"par 100 g \/ % VNR**\">&#8211;<\/td>\n<td data-label=\"par portion*** \/ % VNR**\">&#8211;<\/td>\n<td data-label=\"par portion**** \/ % VNR**\">&#8211;<\/td>\n<\/tr>\n<tr>\n<td scope=\"row\" data-label=\"\">Prot\u00e9ines<\/td>\n<td data-label=\"par 100 g \/ % VNR**\">80 g \/ &#8211;<\/td>\n<td data-label=\"par portion*** \/ % VNR**\">14 g \/ &#8211;<\/td>\n<td data-label=\"par portion**** \/ % VNR**\">10 g \/ &#8211;<\/td>\n<\/tr>\n<tr>\n<td scope=\"row\" data-label=\"\">Sel<\/td>\n<td data-label=\"par 100 g \/ % VNR**\">1,5 g \/ &#8211;<\/td>\n<td data-label=\"par portion*** \/ % VNR**\">0,34 g \/ &#8211;<\/td>\n<td data-label=\"par portion**** \/ % VNR**\">0,19 g \/ &#8211;<\/td>\n<\/tr>\n<\/tbody>\n<\/table>\n<p>** % du montant de r\u00e9f\u00e9rence pour l\u2019apport journalier &#8211; Valeurs Nutritionnelles de R\u00e9f\u00e9rence (VNR)<br \/>\n*** 12,5 g de poudre + 125 ml de lait \u00e9cr\u00e9m\u00e9 (1,5 % de mati\u00e8re grasse)<br \/>\n**** 12,5 g de poudre + 100 ml d\u2019eau<\/p>\n<p><sup>1<\/sup>\u00a0Acides amin\u00e9s essentiels<\/p>\n<h2>Application<\/h2>\n<p>Conseil d&rsquo;utilisation : d\u00e9layez une mesurette remplie \u00e0 ras (12,5 g de poudre) dans 125 ml de lait \u00e9cr\u00e9m\u00e9 (1,5 % de mati\u00e8res grasses) ou dans 100 ml d&rsquo;eau. Nous recommandons une pr\u00e9paration avec du lait ainsi qu&rsquo;une consommation le soir. Nous recommandons \u00e9galement une pr\u00e9paration au shaker LR.<br \/>\nVeillez imp\u00e9rativement \u00e0 un mode de vie sain et \u00e0 une alimentation \u00e9quilibr\u00e9e et diversifi\u00e9e. Des traces de gluten et delupin ne sont pas \u00e0 exclure.<\/p>\n<p>Secouer la bo\u00eete avant usage. Le volume de remplissage est impos\u00e9 par des contraintes techniques. Conserver dans un endroit frais et sec, \u00e0 consommer rapidement apr\u00e8s l\u2019ouverture.<\/p>\n<h2>Informations int\u00e9ressantes<\/h2>\n<p>On a peine \u00e0 le croire et pourtant, les muscles jouent un r\u00f4le important dans le br\u00fblage des graisses. Plus on en a, mieux c&rsquo;est. Lorsque l&rsquo;on fait du sport mais \u00e9galement lorsque l&rsquo;on fait un r\u00e9gime, il faut faire particuli\u00e8rement attention \u00e0 ses muscles. Car les muscles ont besoin de beaucoup d&rsquo;\u00e9nergie. Et c&rsquo;est le cas lorsque l&rsquo;on perd du poids !<\/p>\n<p>Le m\u00e9lange sp\u00e9cial de 5 composants prot\u00e9iniques est unique sur le march\u00e9. Il soutient le corps dans l&rsquo;absorption et l&rsquo;assimilation des pr\u00e9cieuses prot\u00e9ines.<\/p>\n<p>Avec Protein Power, vous consommez un produit de tr\u00e8s grande qualit\u00e9. Le produit est d\u00e9velopp\u00e9 avec d&rsquo;\u00e9minents chercheurs en alimentation et en prenant en compte les recherches scientifiques actuelles sur l&rsquo;alimentation.<\/p>\n<p>Protein Power est Made in Germany : de l&rsquo;extraction des mati\u00e8res premi\u00e8res jusqu&rsquo;au remplissage dans la bouteille, chaque \u00e9tape de fabrication s&rsquo;accompagne de contr\u00f4les selon la norme de qualit\u00e9 LR.<\/p>\n","protected":false},"excerpt":{"rendered":"<ul>\n<li>Protein Power unique pour soutenir les muscles<\/li>\n<li>Apporte des prot\u00e9ines importantes et d&rsquo;autres nutriments pour gagner en muscles et les conserver1<\/li>\n<li>Avec 80 % de prot\u00e9ines pr\u00e9cieuses provenant de cinq composants diff\u00e9rents (unique)<\/li>\n<li>Avec du magn\u00e9sium et de la vitamine B6<\/li>\n<\/ul>\n","protected":false},"featured_media":624,"comment_status":"open","ping_status":"closed","template":"","meta":[],"product_brand":[153],"product_cat":[323,324],"product_tag":[325,328,329],"class_list":{"0":"post-749","1":"product","2":"type-product","3":"status-publish","4":"has-post-thumbnail","6":"product_brand-lr-health-beauty","7":"product_cat-produits-bien-etre","8":"product_cat-nutrition-bien-etre","9":"product_tag-bien-etre","10":"product_tag-nutrition","11":"product_tag-proteine","13":"first","14":"instock","15":"taxable","16":"shipping-taxable","17":"purchasable","18":"product-type-simple"},"yoast_head":"<!-- This site is optimized with the Yoast SEO plugin v27.3 - https:\/\/yoast.com\/product\/yoast-seo-wordpress\/ -->\n<title>Boisson en poudre Protein Power Vanille - EliPharm Group<\/title>\n<meta name=\"robots\" content=\"index, follow, max-snippet:-1, max-image-preview:large, max-video-preview:-1\" \/>\n<link rel=\"canonical\" href=\"https:\/\/elipharmgroup.com\/?product=boisson-en-poudre-protein-power-vanille\" \/>\n<meta property=\"og:locale\" content=\"fr_FR\" \/>\n<meta property=\"og:type\" content=\"article\" \/>\n<meta property=\"og:title\" content=\"Boisson en poudre Protein Power Vanille - EliPharm Group\" \/>\n<meta property=\"og:description\" content=\"Protein Power unique pour soutenir les muscles  Apporte des prot\u00e9ines importantes et d&#039;autres nutriments pour gagner en muscles et les conserver1  Avec 80 % de prot\u00e9ines pr\u00e9cieuses provenant de cinq composants diff\u00e9rents (unique)  Avec du magn\u00e9sium et de la vitamine B6\" \/>\n<meta property=\"og:url\" content=\"https:\/\/elipharmgroup.com\/?product=boisson-en-poudre-protein-power-vanille\" \/>\n<meta property=\"og:site_name\" content=\"EliPharm Group\" \/>\n<meta property=\"article:publisher\" content=\"https:\/\/www.facebook.com\/profile.php?id=61571934707378\" \/>\n<meta property=\"article:modified_time\" content=\"2025-12-08T16:05:16+00:00\" \/>\n<meta property=\"og:image\" content=\"https:\/\/elipharmgroup.com\/wp-content\/uploads\/2025\/06\/Proteine-poudre.jpg\" \/>\n\t<meta property=\"og:image:width\" content=\"500\" \/>\n\t<meta property=\"og:image:height\" content=\"500\" \/>\n\t<meta property=\"og:image:type\" content=\"image\/jpeg\" \/>\n<meta name=\"twitter:card\" content=\"summary_large_image\" \/>\n<meta name=\"twitter:label1\" content=\"Dur\u00e9e de lecture estim\u00e9e\" \/>\n\t<meta name=\"twitter:data1\" content=\"3 minutes\" \/>\n<script type=\"application\/ld+json\" class=\"yoast-schema-graph\">{\"@context\":\"https:\\\/\\\/schema.org\",\"@graph\":[{\"@type\":\"WebPage\",\"@id\":\"https:\\\/\\\/elipharmgroup.com\\\/?product=boisson-en-poudre-protein-power-vanille\",\"url\":\"https:\\\/\\\/elipharmgroup.com\\\/?product=boisson-en-poudre-protein-power-vanille\",\"name\":\"Boisson en poudre Protein Power Vanille - EliPharm Group\",\"isPartOf\":{\"@id\":\"https:\\\/\\\/elipharmgroup.com\\\/#website\"},\"primaryImageOfPage\":{\"@id\":\"https:\\\/\\\/elipharmgroup.com\\\/?product=boisson-en-poudre-protein-power-vanille#primaryimage\"},\"image\":{\"@id\":\"https:\\\/\\\/elipharmgroup.com\\\/?product=boisson-en-poudre-protein-power-vanille#primaryimage\"},\"thumbnailUrl\":\"https:\\\/\\\/elipharmgroup.com\\\/wp-content\\\/uploads\\\/2025\\\/06\\\/Proteine-poudre.jpg\",\"datePublished\":\"2025-06-16T16:36:52+00:00\",\"dateModified\":\"2025-12-08T16:05:16+00:00\",\"breadcrumb\":{\"@id\":\"https:\\\/\\\/elipharmgroup.com\\\/?product=boisson-en-poudre-protein-power-vanille#breadcrumb\"},\"inLanguage\":\"fr-FR\",\"potentialAction\":[{\"@type\":\"ReadAction\",\"target\":[\"https:\\\/\\\/elipharmgroup.com\\\/?product=boisson-en-poudre-protein-power-vanille\"]}]},{\"@type\":\"ImageObject\",\"inLanguage\":\"fr-FR\",\"@id\":\"https:\\\/\\\/elipharmgroup.com\\\/?product=boisson-en-poudre-protein-power-vanille#primaryimage\",\"url\":\"https:\\\/\\\/elipharmgroup.com\\\/wp-content\\\/uploads\\\/2025\\\/06\\\/Proteine-poudre.jpg\",\"contentUrl\":\"https:\\\/\\\/elipharmgroup.com\\\/wp-content\\\/uploads\\\/2025\\\/06\\\/Proteine-poudre.jpg\",\"width\":500,\"height\":500},{\"@type\":\"BreadcrumbList\",\"@id\":\"https:\\\/\\\/elipharmgroup.com\\\/?product=boisson-en-poudre-protein-power-vanille#breadcrumb\",\"itemListElement\":[{\"@type\":\"ListItem\",\"position\":1,\"name\":\"Accueil\",\"item\":\"https:\\\/\\\/elipharmgroup.com\\\/\"},{\"@type\":\"ListItem\",\"position\":2,\"name\":\"Boutique\",\"item\":\"https:\\\/\\\/elipharmgroup.com\\\/?page_id=51\"},{\"@type\":\"ListItem\",\"position\":3,\"name\":\"Bien-\u00eatre\",\"item\":\"https:\\\/\\\/elipharmgroup.com\\\/?product_cat=produits-bien-etre\"},{\"@type\":\"ListItem\",\"position\":4,\"name\":\"Nutrition\",\"item\":\"https:\\\/\\\/elipharmgroup.com\\\/?product_cat=nutrition-bien-etre\"},{\"@type\":\"ListItem\",\"position\":5,\"name\":\"Boisson en poudre Protein Power Vanille\"}]},{\"@type\":\"WebSite\",\"@id\":\"https:\\\/\\\/elipharmgroup.com\\\/#website\",\"url\":\"https:\\\/\\\/elipharmgroup.com\\\/\",\"name\":\"EliPharm Group\",\"description\":\"Entreprise pharmaceutique\",\"publisher\":{\"@id\":\"https:\\\/\\\/elipharmgroup.com\\\/#organization\"},\"potentialAction\":[{\"@type\":\"SearchAction\",\"target\":{\"@type\":\"EntryPoint\",\"urlTemplate\":\"https:\\\/\\\/elipharmgroup.com\\\/?s={search_term_string}\"},\"query-input\":{\"@type\":\"PropertyValueSpecification\",\"valueRequired\":true,\"valueName\":\"search_term_string\"}}],\"inLanguage\":\"fr-FR\"},{\"@type\":\"Organization\",\"@id\":\"https:\\\/\\\/elipharmgroup.com\\\/#organization\",\"name\":\"EliPharm Group\",\"url\":\"https:\\\/\\\/elipharmgroup.com\\\/\",\"logo\":{\"@type\":\"ImageObject\",\"inLanguage\":\"fr-FR\",\"@id\":\"https:\\\/\\\/elipharmgroup.com\\\/#\\\/schema\\\/logo\\\/image\\\/\",\"url\":\"https:\\\/\\\/elipharmgroup.com\\\/wp-content\\\/uploads\\\/2025\\\/02\\\/cropped-Logo-Elipharm-group-2.png\",\"contentUrl\":\"https:\\\/\\\/elipharmgroup.com\\\/wp-content\\\/uploads\\\/2025\\\/02\\\/cropped-Logo-Elipharm-group-2.png\",\"width\":652,\"height\":467,\"caption\":\"EliPharm Group\"},\"image\":{\"@id\":\"https:\\\/\\\/elipharmgroup.com\\\/#\\\/schema\\\/logo\\\/image\\\/\"},\"sameAs\":[\"https:\\\/\\\/www.facebook.com\\\/profile.php?id=61571934707378\",\"https:\\\/\\\/www.instagram.com\\\/elipharmgroup\\\/\",\"https:\\\/\\\/www.youtube.com\\\/@ElipharmGroup\"]}]}<\/script>\n<!-- \/ Yoast SEO plugin. -->","yoast_head_json":{"title":"Boisson en poudre Protein Power Vanille - EliPharm Group","robots":{"index":"index","follow":"follow","max-snippet":"max-snippet:-1","max-image-preview":"max-image-preview:large","max-video-preview":"max-video-preview:-1"},"canonical":"https:\/\/elipharmgroup.com\/?product=boisson-en-poudre-protein-power-vanille","og_locale":"fr_FR","og_type":"article","og_title":"Boisson en poudre Protein Power Vanille - EliPharm Group","og_description":"Protein Power unique pour soutenir les muscles  Apporte des prot\u00e9ines importantes et d'autres nutriments pour gagner en muscles et les conserver1  Avec 80 % de prot\u00e9ines pr\u00e9cieuses provenant de cinq composants diff\u00e9rents (unique)  Avec du magn\u00e9sium et de la vitamine B6","og_url":"https:\/\/elipharmgroup.com\/?product=boisson-en-poudre-protein-power-vanille","og_site_name":"EliPharm Group","article_publisher":"https:\/\/www.facebook.com\/profile.php?id=61571934707378","article_modified_time":"2025-12-08T16:05:16+00:00","og_image":[{"width":500,"height":500,"url":"https:\/\/elipharmgroup.com\/wp-content\/uploads\/2025\/06\/Proteine-poudre.jpg","type":"image\/jpeg"}],"twitter_card":"summary_large_image","twitter_misc":{"Dur\u00e9e de lecture estim\u00e9e":"3 minutes"},"schema":{"@context":"https:\/\/schema.org","@graph":[{"@type":"WebPage","@id":"https:\/\/elipharmgroup.com\/?product=boisson-en-poudre-protein-power-vanille","url":"https:\/\/elipharmgroup.com\/?product=boisson-en-poudre-protein-power-vanille","name":"Boisson en poudre Protein Power Vanille - EliPharm Group","isPartOf":{"@id":"https:\/\/elipharmgroup.com\/#website"},"primaryImageOfPage":{"@id":"https:\/\/elipharmgroup.com\/?product=boisson-en-poudre-protein-power-vanille#primaryimage"},"image":{"@id":"https:\/\/elipharmgroup.com\/?product=boisson-en-poudre-protein-power-vanille#primaryimage"},"thumbnailUrl":"https:\/\/elipharmgroup.com\/wp-content\/uploads\/2025\/06\/Proteine-poudre.jpg","datePublished":"2025-06-16T16:36:52+00:00","dateModified":"2025-12-08T16:05:16+00:00","breadcrumb":{"@id":"https:\/\/elipharmgroup.com\/?product=boisson-en-poudre-protein-power-vanille#breadcrumb"},"inLanguage":"fr-FR","potentialAction":[{"@type":"ReadAction","target":["https:\/\/elipharmgroup.com\/?product=boisson-en-poudre-protein-power-vanille"]}]},{"@type":"ImageObject","inLanguage":"fr-FR","@id":"https:\/\/elipharmgroup.com\/?product=boisson-en-poudre-protein-power-vanille#primaryimage","url":"https:\/\/elipharmgroup.com\/wp-content\/uploads\/2025\/06\/Proteine-poudre.jpg","contentUrl":"https:\/\/elipharmgroup.com\/wp-content\/uploads\/2025\/06\/Proteine-poudre.jpg","width":500,"height":500},{"@type":"BreadcrumbList","@id":"https:\/\/elipharmgroup.com\/?product=boisson-en-poudre-protein-power-vanille#breadcrumb","itemListElement":[{"@type":"ListItem","position":1,"name":"Accueil","item":"https:\/\/elipharmgroup.com\/"},{"@type":"ListItem","position":2,"name":"Boutique","item":"https:\/\/elipharmgroup.com\/?page_id=51"},{"@type":"ListItem","position":3,"name":"Bien-\u00eatre","item":"https:\/\/elipharmgroup.com\/?product_cat=produits-bien-etre"},{"@type":"ListItem","position":4,"name":"Nutrition","item":"https:\/\/elipharmgroup.com\/?product_cat=nutrition-bien-etre"},{"@type":"ListItem","position":5,"name":"Boisson en poudre Protein Power Vanille"}]},{"@type":"WebSite","@id":"https:\/\/elipharmgroup.com\/#website","url":"https:\/\/elipharmgroup.com\/","name":"EliPharm Group","description":"Entreprise pharmaceutique","publisher":{"@id":"https:\/\/elipharmgroup.com\/#organization"},"potentialAction":[{"@type":"SearchAction","target":{"@type":"EntryPoint","urlTemplate":"https:\/\/elipharmgroup.com\/?s={search_term_string}"},"query-input":{"@type":"PropertyValueSpecification","valueRequired":true,"valueName":"search_term_string"}}],"inLanguage":"fr-FR"},{"@type":"Organization","@id":"https:\/\/elipharmgroup.com\/#organization","name":"EliPharm Group","url":"https:\/\/elipharmgroup.com\/","logo":{"@type":"ImageObject","inLanguage":"fr-FR","@id":"https:\/\/elipharmgroup.com\/#\/schema\/logo\/image\/","url":"https:\/\/elipharmgroup.com\/wp-content\/uploads\/2025\/02\/cropped-Logo-Elipharm-group-2.png","contentUrl":"https:\/\/elipharmgroup.com\/wp-content\/uploads\/2025\/02\/cropped-Logo-Elipharm-group-2.png","width":652,"height":467,"caption":"EliPharm Group"},"image":{"@id":"https:\/\/elipharmgroup.com\/#\/schema\/logo\/image\/"},"sameAs":["https:\/\/www.facebook.com\/profile.php?id=61571934707378","https:\/\/www.instagram.com\/elipharmgroup\/","https:\/\/www.youtube.com\/@ElipharmGroup"]}]}},"_links":{"self":[{"href":"https:\/\/elipharmgroup.com\/index.php?rest_route=\/wp\/v2\/product\/749","targetHints":{"allow":["GET"]}}],"collection":[{"href":"https:\/\/elipharmgroup.com\/index.php?rest_route=\/wp\/v2\/product"}],"about":[{"href":"https:\/\/elipharmgroup.com\/index.php?rest_route=\/wp\/v2\/types\/product"}],"replies":[{"embeddable":true,"href":"https:\/\/elipharmgroup.com\/index.php?rest_route=%2Fwp%2Fv2%2Fcomments&post=749"}],"wp:featuredmedia":[{"embeddable":true,"href":"https:\/\/elipharmgroup.com\/index.php?rest_route=\/wp\/v2\/media\/624"}],"wp:attachment":[{"href":"https:\/\/elipharmgroup.com\/index.php?rest_route=%2Fwp%2Fv2%2Fmedia&parent=749"}],"wp:term":[{"taxonomy":"product_brand","embeddable":true,"href":"https:\/\/elipharmgroup.com\/index.php?rest_route=%2Fwp%2Fv2%2Fproduct_brand&post=749"},{"taxonomy":"product_cat","embeddable":true,"href":"https:\/\/elipharmgroup.com\/index.php?rest_route=%2Fwp%2Fv2%2Fproduct_cat&post=749"},{"taxonomy":"product_tag","embeddable":true,"href":"https:\/\/elipharmgroup.com\/index.php?rest_route=%2Fwp%2Fv2%2Fproduct_tag&post=749"}],"curies":[{"name":"wp","href":"https:\/\/api.w.org\/{rel}","templated":true}]}}