{"id":747,"date":"2025-06-16T16:30:32","date_gmt":"2025-06-16T16:30:32","guid":{"rendered":"https:\/\/elipharmgroup.com\/?post_type=product&#038;p=747"},"modified":"2025-12-08T16:04:39","modified_gmt":"2025-12-08T16:04:39","slug":"the-herbal-fasting","status":"publish","type":"product","link":"https:\/\/elipharmgroup.com\/?product=the-herbal-fasting","title":{"rendered":"Th\u00e9 Herbal Fasting"},"content":{"rendered":"<h2>Th\u00e9 Herbal Fasting<\/h2>\n<p>Tisane de je\u00fbne aux herbes &#8211; le compagnon id\u00e9al de chaque jour<\/p>\n<p>Il est particuli\u00e8rement important de boire beaucoup pendant la journ\u00e9e. La tisane de je\u00fbne aux herbes est un compagnon id\u00e9al, car gr\u00e2ce \u00e0 son go\u00fbt d\u00e9licieux, il est facile de s&rsquo;hydrater suffisamment tout au long de la journ\u00e9e. De plus, boire beaucoup peut stimuler le m\u00e9tabolisme et te soutenir ainsi activement.<\/p>\n<p>Il est \u00e9galement tr\u00e8s important de boire suffisamment pendant un r\u00e9gime. La tisane de je\u00fbne aux herbes te soutient pleinement dans cette phase \u00e9galement.<\/p>\n<h2>Ingr\u00e9dients<\/h2>\n<p>Th\u00e9 Herbal Fasting<\/p>\n<p><strong>Ingr\u00e9dients :<\/strong>\u00a0Th\u00e9 vert (20 %), feuilles de mat\u00e9, \u00e9corce de lapacho, feuilles d&rsquo;ortie, th\u00e9 de rooibos, lemongrass, racine de r\u00e9glisse.<\/p>\n<p>Contient de la r\u00e9glisse &#8211; en cas d&rsquo;hypertension art\u00e9rielle, il convient d&rsquo;\u00e9viter une consommation excessive de ce produit.<\/p>\n<h2>Application<\/h2>\n<p><strong>Recommandation d&rsquo;utilisation :<\/strong>\u00a0verser 1-2 cuill\u00e8res \u00e0 caf\u00e9 bien remplies dans une grande tasse d&rsquo;eau bouillante (env. 200 ml), laisser infuser \u00e0 couvert pendant 5-7 minutes et filtrer. Boire 3-4 tasses par jour.<\/p>\n<p>Pour que vous puissiez le faire, consomme les 1,5 litres de liquide recommand\u00e9s : C\u00e9l\u00e9brez-le ! Pourquoi ne pas vous offrir une nouvelle tasse dans laquelle vous aimez particuli\u00e8rement boire ? Pr\u00e9parez toujours une th\u00e9i\u00e8re enti\u00e8re et faites attention au temps d&rsquo;infusion. Si vous laissez le th\u00e9 infuser trop longtemps ou trop bri\u00e8vement, vous risquez d&rsquo;obtenir un go\u00fbt diff\u00e9rent.<\/p>\n<p>Veillez \u00e0 avoir une alimentation vari\u00e9e et \u00e9quilibr\u00e9e ainsi qu&rsquo;un mode de vie sain.<\/p>\n<h2>Informations int\u00e9ressantes<\/h2>\n<p>La Deutsche Gesellschaft f\u00fcr Ern\u00e4hrung e.V. recommande de boire environ 1,5 litre d&rsquo;eau ou de th\u00e9 non sucr\u00e9 par jour. En fonction de la temp\u00e9rature ext\u00e9rieure et de l&rsquo;activit\u00e9, et surtout pendant un r\u00e9gime, tu devrais boire encore un peu plus.<\/p>\n","protected":false},"excerpt":{"rendered":"<ul>\n<li>Th\u00e9 vert<\/li>\n<li>Feuilles de mat\u00e9<\/li>\n<li>Lapachorinde<\/li>\n<li>Feuilles d&rsquo;ortie<\/li>\n<li>Th\u00e9 de Rooibos<\/li>\n<li>Citronnelle<\/li>\n<li>Racine de R\u00e9glisse<\/li>\n<\/ul>\n","protected":false},"featured_media":613,"comment_status":"open","ping_status":"closed","template":"","meta":[],"product_brand":[153],"product_cat":[323,324],"product_tag":[325,327,326],"class_list":{"0":"post-747","1":"product","2":"type-product","3":"status-publish","4":"has-post-thumbnail","6":"product_brand-lr-health-beauty","7":"product_cat-produits-bien-etre","8":"product_cat-nutrition-bien-etre","9":"product_tag-bien-etre","10":"product_tag-the","11":"product_tag-tisane","13":"first","14":"instock","15":"featured","16":"taxable","17":"shipping-taxable","18":"purchasable","19":"product-type-simple"},"yoast_head":"<!-- This site is optimized with the Yoast SEO plugin v27.3 - https:\/\/yoast.com\/product\/yoast-seo-wordpress\/ -->\n<title>Th\u00e9 Herbal Fasting - EliPharm Group<\/title>\n<meta name=\"robots\" content=\"index, follow, max-snippet:-1, max-image-preview:large, max-video-preview:-1\" \/>\n<link rel=\"canonical\" href=\"https:\/\/elipharmgroup.com\/?product=the-herbal-fasting\" \/>\n<meta property=\"og:locale\" content=\"fr_FR\" \/>\n<meta property=\"og:type\" content=\"article\" \/>\n<meta property=\"og:title\" content=\"Th\u00e9 Herbal Fasting - EliPharm Group\" \/>\n<meta property=\"og:description\" content=\"Th\u00e9 vert  Feuilles de mat\u00e9  Lapachorinde  Feuilles d&#039;ortie  Th\u00e9 de Rooibos  Citronnelle  Racine de R\u00e9glisse\" \/>\n<meta property=\"og:url\" content=\"https:\/\/elipharmgroup.com\/?product=the-herbal-fasting\" \/>\n<meta property=\"og:site_name\" content=\"EliPharm Group\" \/>\n<meta property=\"article:publisher\" content=\"https:\/\/www.facebook.com\/profile.php?id=61571934707378\" \/>\n<meta property=\"article:modified_time\" content=\"2025-12-08T16:04:39+00:00\" \/>\n<meta property=\"og:image\" content=\"https:\/\/elipharmgroup.com\/wp-content\/uploads\/2025\/06\/herbal-fasting.jpg\" \/>\n\t<meta property=\"og:image:width\" content=\"500\" \/>\n\t<meta property=\"og:image:height\" content=\"500\" \/>\n\t<meta property=\"og:image:type\" content=\"image\/jpeg\" \/>\n<meta name=\"twitter:card\" content=\"summary_large_image\" \/>\n<meta name=\"twitter:label1\" content=\"Dur\u00e9e de lecture estim\u00e9e\" \/>\n\t<meta name=\"twitter:data1\" content=\"2 minutes\" \/>\n<script type=\"application\/ld+json\" class=\"yoast-schema-graph\">{\"@context\":\"https:\\\/\\\/schema.org\",\"@graph\":[{\"@type\":\"WebPage\",\"@id\":\"https:\\\/\\\/elipharmgroup.com\\\/?product=the-herbal-fasting\",\"url\":\"https:\\\/\\\/elipharmgroup.com\\\/?product=the-herbal-fasting\",\"name\":\"Th\u00e9 Herbal Fasting - EliPharm Group\",\"isPartOf\":{\"@id\":\"https:\\\/\\\/elipharmgroup.com\\\/#website\"},\"primaryImageOfPage\":{\"@id\":\"https:\\\/\\\/elipharmgroup.com\\\/?product=the-herbal-fasting#primaryimage\"},\"image\":{\"@id\":\"https:\\\/\\\/elipharmgroup.com\\\/?product=the-herbal-fasting#primaryimage\"},\"thumbnailUrl\":\"https:\\\/\\\/elipharmgroup.com\\\/wp-content\\\/uploads\\\/2025\\\/06\\\/herbal-fasting.jpg\",\"datePublished\":\"2025-06-16T16:30:32+00:00\",\"dateModified\":\"2025-12-08T16:04:39+00:00\",\"breadcrumb\":{\"@id\":\"https:\\\/\\\/elipharmgroup.com\\\/?product=the-herbal-fasting#breadcrumb\"},\"inLanguage\":\"fr-FR\",\"potentialAction\":[{\"@type\":\"ReadAction\",\"target\":[\"https:\\\/\\\/elipharmgroup.com\\\/?product=the-herbal-fasting\"]}]},{\"@type\":\"ImageObject\",\"inLanguage\":\"fr-FR\",\"@id\":\"https:\\\/\\\/elipharmgroup.com\\\/?product=the-herbal-fasting#primaryimage\",\"url\":\"https:\\\/\\\/elipharmgroup.com\\\/wp-content\\\/uploads\\\/2025\\\/06\\\/herbal-fasting.jpg\",\"contentUrl\":\"https:\\\/\\\/elipharmgroup.com\\\/wp-content\\\/uploads\\\/2025\\\/06\\\/herbal-fasting.jpg\",\"width\":500,\"height\":500},{\"@type\":\"BreadcrumbList\",\"@id\":\"https:\\\/\\\/elipharmgroup.com\\\/?product=the-herbal-fasting#breadcrumb\",\"itemListElement\":[{\"@type\":\"ListItem\",\"position\":1,\"name\":\"Accueil\",\"item\":\"https:\\\/\\\/elipharmgroup.com\\\/\"},{\"@type\":\"ListItem\",\"position\":2,\"name\":\"Boutique\",\"item\":\"https:\\\/\\\/elipharmgroup.com\\\/?page_id=51\"},{\"@type\":\"ListItem\",\"position\":3,\"name\":\"Bien-\u00eatre\",\"item\":\"https:\\\/\\\/elipharmgroup.com\\\/?product_cat=produits-bien-etre\"},{\"@type\":\"ListItem\",\"position\":4,\"name\":\"Nutrition\",\"item\":\"https:\\\/\\\/elipharmgroup.com\\\/?product_cat=nutrition-bien-etre\"},{\"@type\":\"ListItem\",\"position\":5,\"name\":\"Th\u00e9 Herbal Fasting\"}]},{\"@type\":\"WebSite\",\"@id\":\"https:\\\/\\\/elipharmgroup.com\\\/#website\",\"url\":\"https:\\\/\\\/elipharmgroup.com\\\/\",\"name\":\"EliPharm Group\",\"description\":\"Entreprise pharmaceutique\",\"publisher\":{\"@id\":\"https:\\\/\\\/elipharmgroup.com\\\/#organization\"},\"potentialAction\":[{\"@type\":\"SearchAction\",\"target\":{\"@type\":\"EntryPoint\",\"urlTemplate\":\"https:\\\/\\\/elipharmgroup.com\\\/?s={search_term_string}\"},\"query-input\":{\"@type\":\"PropertyValueSpecification\",\"valueRequired\":true,\"valueName\":\"search_term_string\"}}],\"inLanguage\":\"fr-FR\"},{\"@type\":\"Organization\",\"@id\":\"https:\\\/\\\/elipharmgroup.com\\\/#organization\",\"name\":\"EliPharm Group\",\"url\":\"https:\\\/\\\/elipharmgroup.com\\\/\",\"logo\":{\"@type\":\"ImageObject\",\"inLanguage\":\"fr-FR\",\"@id\":\"https:\\\/\\\/elipharmgroup.com\\\/#\\\/schema\\\/logo\\\/image\\\/\",\"url\":\"https:\\\/\\\/elipharmgroup.com\\\/wp-content\\\/uploads\\\/2025\\\/02\\\/cropped-Logo-Elipharm-group-2.png\",\"contentUrl\":\"https:\\\/\\\/elipharmgroup.com\\\/wp-content\\\/uploads\\\/2025\\\/02\\\/cropped-Logo-Elipharm-group-2.png\",\"width\":652,\"height\":467,\"caption\":\"EliPharm Group\"},\"image\":{\"@id\":\"https:\\\/\\\/elipharmgroup.com\\\/#\\\/schema\\\/logo\\\/image\\\/\"},\"sameAs\":[\"https:\\\/\\\/www.facebook.com\\\/profile.php?id=61571934707378\",\"https:\\\/\\\/www.instagram.com\\\/elipharmgroup\\\/\",\"https:\\\/\\\/www.youtube.com\\\/@ElipharmGroup\"]}]}<\/script>\n<!-- \/ Yoast SEO plugin. -->","yoast_head_json":{"title":"Th\u00e9 Herbal Fasting - EliPharm Group","robots":{"index":"index","follow":"follow","max-snippet":"max-snippet:-1","max-image-preview":"max-image-preview:large","max-video-preview":"max-video-preview:-1"},"canonical":"https:\/\/elipharmgroup.com\/?product=the-herbal-fasting","og_locale":"fr_FR","og_type":"article","og_title":"Th\u00e9 Herbal Fasting - EliPharm Group","og_description":"Th\u00e9 vert  Feuilles de mat\u00e9  Lapachorinde  Feuilles d'ortie  Th\u00e9 de Rooibos  Citronnelle  Racine de R\u00e9glisse","og_url":"https:\/\/elipharmgroup.com\/?product=the-herbal-fasting","og_site_name":"EliPharm Group","article_publisher":"https:\/\/www.facebook.com\/profile.php?id=61571934707378","article_modified_time":"2025-12-08T16:04:39+00:00","og_image":[{"width":500,"height":500,"url":"https:\/\/elipharmgroup.com\/wp-content\/uploads\/2025\/06\/herbal-fasting.jpg","type":"image\/jpeg"}],"twitter_card":"summary_large_image","twitter_misc":{"Dur\u00e9e de lecture estim\u00e9e":"2 minutes"},"schema":{"@context":"https:\/\/schema.org","@graph":[{"@type":"WebPage","@id":"https:\/\/elipharmgroup.com\/?product=the-herbal-fasting","url":"https:\/\/elipharmgroup.com\/?product=the-herbal-fasting","name":"Th\u00e9 Herbal Fasting - EliPharm Group","isPartOf":{"@id":"https:\/\/elipharmgroup.com\/#website"},"primaryImageOfPage":{"@id":"https:\/\/elipharmgroup.com\/?product=the-herbal-fasting#primaryimage"},"image":{"@id":"https:\/\/elipharmgroup.com\/?product=the-herbal-fasting#primaryimage"},"thumbnailUrl":"https:\/\/elipharmgroup.com\/wp-content\/uploads\/2025\/06\/herbal-fasting.jpg","datePublished":"2025-06-16T16:30:32+00:00","dateModified":"2025-12-08T16:04:39+00:00","breadcrumb":{"@id":"https:\/\/elipharmgroup.com\/?product=the-herbal-fasting#breadcrumb"},"inLanguage":"fr-FR","potentialAction":[{"@type":"ReadAction","target":["https:\/\/elipharmgroup.com\/?product=the-herbal-fasting"]}]},{"@type":"ImageObject","inLanguage":"fr-FR","@id":"https:\/\/elipharmgroup.com\/?product=the-herbal-fasting#primaryimage","url":"https:\/\/elipharmgroup.com\/wp-content\/uploads\/2025\/06\/herbal-fasting.jpg","contentUrl":"https:\/\/elipharmgroup.com\/wp-content\/uploads\/2025\/06\/herbal-fasting.jpg","width":500,"height":500},{"@type":"BreadcrumbList","@id":"https:\/\/elipharmgroup.com\/?product=the-herbal-fasting#breadcrumb","itemListElement":[{"@type":"ListItem","position":1,"name":"Accueil","item":"https:\/\/elipharmgroup.com\/"},{"@type":"ListItem","position":2,"name":"Boutique","item":"https:\/\/elipharmgroup.com\/?page_id=51"},{"@type":"ListItem","position":3,"name":"Bien-\u00eatre","item":"https:\/\/elipharmgroup.com\/?product_cat=produits-bien-etre"},{"@type":"ListItem","position":4,"name":"Nutrition","item":"https:\/\/elipharmgroup.com\/?product_cat=nutrition-bien-etre"},{"@type":"ListItem","position":5,"name":"Th\u00e9 Herbal Fasting"}]},{"@type":"WebSite","@id":"https:\/\/elipharmgroup.com\/#website","url":"https:\/\/elipharmgroup.com\/","name":"EliPharm Group","description":"Entreprise pharmaceutique","publisher":{"@id":"https:\/\/elipharmgroup.com\/#organization"},"potentialAction":[{"@type":"SearchAction","target":{"@type":"EntryPoint","urlTemplate":"https:\/\/elipharmgroup.com\/?s={search_term_string}"},"query-input":{"@type":"PropertyValueSpecification","valueRequired":true,"valueName":"search_term_string"}}],"inLanguage":"fr-FR"},{"@type":"Organization","@id":"https:\/\/elipharmgroup.com\/#organization","name":"EliPharm Group","url":"https:\/\/elipharmgroup.com\/","logo":{"@type":"ImageObject","inLanguage":"fr-FR","@id":"https:\/\/elipharmgroup.com\/#\/schema\/logo\/image\/","url":"https:\/\/elipharmgroup.com\/wp-content\/uploads\/2025\/02\/cropped-Logo-Elipharm-group-2.png","contentUrl":"https:\/\/elipharmgroup.com\/wp-content\/uploads\/2025\/02\/cropped-Logo-Elipharm-group-2.png","width":652,"height":467,"caption":"EliPharm Group"},"image":{"@id":"https:\/\/elipharmgroup.com\/#\/schema\/logo\/image\/"},"sameAs":["https:\/\/www.facebook.com\/profile.php?id=61571934707378","https:\/\/www.instagram.com\/elipharmgroup\/","https:\/\/www.youtube.com\/@ElipharmGroup"]}]}},"_links":{"self":[{"href":"https:\/\/elipharmgroup.com\/index.php?rest_route=\/wp\/v2\/product\/747","targetHints":{"allow":["GET"]}}],"collection":[{"href":"https:\/\/elipharmgroup.com\/index.php?rest_route=\/wp\/v2\/product"}],"about":[{"href":"https:\/\/elipharmgroup.com\/index.php?rest_route=\/wp\/v2\/types\/product"}],"replies":[{"embeddable":true,"href":"https:\/\/elipharmgroup.com\/index.php?rest_route=%2Fwp%2Fv2%2Fcomments&post=747"}],"wp:featuredmedia":[{"embeddable":true,"href":"https:\/\/elipharmgroup.com\/index.php?rest_route=\/wp\/v2\/media\/613"}],"wp:attachment":[{"href":"https:\/\/elipharmgroup.com\/index.php?rest_route=%2Fwp%2Fv2%2Fmedia&parent=747"}],"wp:term":[{"taxonomy":"product_brand","embeddable":true,"href":"https:\/\/elipharmgroup.com\/index.php?rest_route=%2Fwp%2Fv2%2Fproduct_brand&post=747"},{"taxonomy":"product_cat","embeddable":true,"href":"https:\/\/elipharmgroup.com\/index.php?rest_route=%2Fwp%2Fv2%2Fproduct_cat&post=747"},{"taxonomy":"product_tag","embeddable":true,"href":"https:\/\/elipharmgroup.com\/index.php?rest_route=%2Fwp%2Fv2%2Fproduct_tag&post=747"}],"curies":[{"name":"wp","href":"https:\/\/api.w.org\/{rel}","templated":true}]}}