{"id":744,"date":"2025-06-16T14:53:12","date_gmt":"2025-06-16T14:53:12","guid":{"rendered":"https:\/\/elipharmgroup.com\/?post_type=product&#038;p=744"},"modified":"2025-12-08T16:06:21","modified_gmt":"2025-12-08T16:06:21","slug":"beauty-elixir-5en1","status":"publish","type":"product","link":"https:\/\/elipharmgroup.com\/?product=beauty-elixir-5en1","title":{"rendered":"Beauty Elixir 5en1"},"content":{"rendered":"<p><span style=\"font-size: 23.04px;\">Beauty Elixir 5en1<\/span><\/p>\n<p>Le produit r\u00e9volutionnaire LR LIFETAKT 5in1 Beauty Elixir r\u00e9pond \u00e0 vos 5 souhaits en mati\u00e8re de beaut\u00e9 : avoir l\u2019air plus jeune, une peau saine, un corps ferme, des cheveux vigoureux et des ongles forts !<\/p>\n<p>Une seule dose par jour suffit pour qu\u2019un double complexe unique active en profondeur les processus de beaut\u00e9 dans votre corps et vous prot\u00e8ge des principales causes du vieillissement \u2013 pour un r\u00e9sultat visiblement plus jeune de la t\u00eate aux pieds et \u00e0 tout \u00e2ge.<sup>1-4<\/sup><\/p>\n<p>1. AVOIR L\u2019AIR PLUS JEUNE AVEC MOINS DE RIDES<\/p>\n<ul>\n<li>R\u00e9duction des rides gr\u00e2ce \u00e0 la vitamine C et les peptides de collag\u00e8ne agissant en profondeur<sup>6<\/sup><\/li>\n<li>15 % d\u2019\u00e9lasticit\u00e9 de la peau en plus gr\u00e2ce aux efficaces peptides de collag\u00e8ne<sup>7<\/sup><\/li>\n<li>Le gel d\u2019Aloe Vera, l\u2019extrait de fleurs d\u2019oranger, d\u2019orpin rose et de th\u00e9 vert prot\u00e8gent des principales causes du vieillissement, telles que par ex. les UV<\/li>\n<\/ul>\n<p>2. GRAIN DE PEAU ASSAINI ET EN BONNE SANT\u00c9 SANS IRRITATIONS<\/p>\n<ul>\n<li>Protection contre les influences environnementales externes assur\u00e9e par l\u2019extrait de myrtille et la vitamine E5<\/li>\n<li>Meilleur fonctionnement et pigmentation de la peau assur\u00e9s par la forteconcentration de vitamines A, E, de thiamine, de riboflavine, de niacine, de vitamine B6, de biotine, de vitamine B12, C ainsi que de zinc comme oligo\u00e9l\u00e9ment essentiel<sup>1<\/sup><\/li>\n<\/ul>\n<p>3. UN CORPS PLUS FERME AVEC MOINS DE CELLULITE<\/p>\n<ul>\n<li>Les peptides de collag\u00e8ne densifient la peau et r\u00e9duisent de fa\u00e7on av\u00e9r\u00e9e la cellulite<sup>8<\/sup><\/li>\n<li>Le cuivre et le gel d\u2019Aloe Vera renforcent le tissu conjonctif<sup>2<\/sup><\/li>\n<\/ul>\n<p>4. CHEVEUX \u00c9PAIS ET BRILLANTS<\/p>\n<ul>\n<li>La biotine renforce les cheveux et les r\u00e9g\u00e9n\u00e8re de l\u2019int\u00e9rieur<sup>3<\/sup><\/li>\n<li>Le cuivre garantit une pigmentation normale des cheveux et conf\u00e8re une brillance saine<sup>3<\/sup><\/li>\n<\/ul>\n<p>5. DES ONGLES FORTS ET SAINS<\/p>\n<ul>\n<li>Les peptides de collag\u00e8ne acc\u00e9l\u00e8rent de fa\u00e7on av\u00e9r\u00e9e la croissance des ongles. Les ongles sont jusqu\u2019\u00e0 42 % moins ab\u00eem\u00e9s<sup>9<\/sup><\/li>\n<li>Le zinc renforce les ongles<sup>4<\/sup><\/li>\n<\/ul>\n<p>Le complexe actif active les processus de beaut\u00e9 et combat les signes de l&rsquo;\u00e2ge. Il allie les ingr\u00e9dients de beaut\u00e9 les plus connus et les plus importants \u00e0 des taux de concentration \u00e9lev\u00e9s :<\/p>\n<ul>\n<li>2,5g PEPTIDES DE COLLAGENE<\/li>\n<li>50 mg D&rsquo;ACIDE HYALURONIC<\/li>\n<li>CUIVRE<\/li>\n<li>ZINC<\/li>\n<li>9 VITAMINES HAUTEMENT CONCENTR\u00c9ES: 100% Vitamine E, de thiamine, de riboflavine, de niacine, de vitamine B6, de biotine, de vitamine B12, de vitamine C par dose quotidienne* et 75% de vitamine A par dose quotidienne<\/li>\n<\/ul>\n<p>Le complexe pr\u00e9ventif prot\u00e8ge de l&rsquo;int\u00e9rieur contre les influences ext\u00e9rieures et pr\u00e9vient les signes de l&rsquo;\u00e2ge. Un savant m\u00e9lange de complexe actif et de ce que la nature a de meilleur:<\/p>\n<ul>\n<li>20 % GEL D&rsquo;ALOE VERA<\/li>\n<li>EXTRAIT DE FLEUR D&rsquo;ORANGER<\/li>\n<li>EXTRAIT DE MYRTILLE<\/li>\n<li>EXTRAIT D&rsquo;ORPIN ROSE<\/li>\n<li>EXTRAIT DE TH\u00c9 VERT<\/li>\n<\/ul>\n<p><sup>1<\/sup>La biotine, le zinc, la vitamine A, la riboflavine et la niacine contribuent \u00e0 maintenir une peau normale. Le cuivre contribue au maintien d\u2019une pigmentation normale de la peau. La vitamine C contribue \u00e0 une formation normale de collag\u00e8ne pour un bon fonctionnement de la peau.<br \/>\n<sup>2<\/sup>Le cuivre contribue au maintien de tissus conjonctifs normaux.<br \/>\n<sup>3<\/sup>La biotine et le zinc contribuent au maintien de cheveux normaux. Le cuivre contribue au maintien d\u2019une pigmentation normale des cheveux.<br \/>\n<sup>4<\/sup>Le zinc contribue au maintien d\u2019ongles normaux.<br \/>\n<sup>5<\/sup>La vitamine E contribue \u00e0 prot\u00e9ger les cellules contre le stress oxydant. La thiamine contribue \u00e0 un m\u00e9tabolisme \u00e9nerg\u00e9tique normal. Les vitamines B6 et B12 contribuent \u00e0 la diminution de la fatigue et de la sensation d\u2019\u00e9puisement. * De la quantit\u00e9 de r\u00e9f\u00e9rence pour l\u2019apport quotidien.<br \/>\n<sup>6<\/sup>Proksch et al., 2014, Skin Pharmacol Physiol; 27: 113-119. R\u00e9duction significative des rides et augmentation de la concentration de collag\u00e8ne dans la peau apr\u00e8s 4 semaines d&rsquo;utilisation. Mesur\u00e9 sur 100 femmes entre 45 et 65 ans.<\/p>\n<p><sup>7<\/sup>Proksch et al., 2014, Skin Pharmacol Physiol; 27:47-55. 15 % d\u2019\u00e9lasticit\u00e9 de la peau en plus apr\u00e8s 4 semaines d\u2019utilisation. Mesur\u00e9 sur 69 femmes \u00e2g\u00e9es de 35 \u00e0 55 ans.<\/p>\n<p><sup>8<\/sup>Schunck et al., 2015, Journal of Medicinal Food; 18 (12): 1340-1348. R\u00e9duction significative de la cellulite apr\u00e8s seulement 3 mois et augmentation significative de la densit\u00e9 de la peau apr\u00e8s 6 mois d\u2019utilisation. Mesur\u00e9 sur 105 femmes \u00e2g\u00e9es de 18 \u00e0 50 ans.<\/p>\n<p><sup>9<\/sup>Hexsel et al., 2017, Journal of Cosmetic Dermatology; 1-7. R\u00e9duction significative des ongles ab\u00eem\u00e9s apr\u00e8s 2 mois d\u2019utilisation et augmentation de la croissance des ongles apr\u00e8s 3 mois d\u2019utilisation. Mesur\u00e9 sur 25 femmes \u00e2g\u00e9es de 18 \u00e0 50 ans.<\/p>\n<p>*Quantit\u00e9 de r\u00e9f\u00e9rence pour l&rsquo;apport quotidien.<\/p>\n<h2>Ingr\u00e9dients<\/h2>\n<p><strong>Ingr\u00e9dients<\/strong>: Eau, gel d&rsquo;Aloe vera (Barbadensis Miller), sirop d&rsquo;agave, concentr\u00e9 de jus de raisin blanc, concentr\u00e9 de jus d&rsquo;orange, concentr\u00e9 de jus de poire, concentr\u00e9 de jus d&rsquo;abricot, acide citrique, carbonate de magn\u00e9sium, ar\u00f4me, acide L-ascorbique, acide hyaluronique, conservateur (sorbate de potassium), \u00e9paississant (gomme xanthane), Ac\u00e9tate de DL-\u03b1-tocoph\u00e9ryle, palmitate de r\u00e9tinyle, extrait de racine de rose, gluconate de zinc, extrait d\u2019orange sanguine, extrait de bleuet, extrait de th\u00e9 vert, bioflavono\u00efdes d\u2019agrumes, gluconate de cuivre, sulfate de mangan\u00e8se, chlorhydrate de pyridoxine, riboflavine, chlorhydrate de thiamine, D-biotine, cyanocobalamine.<\/p>\n<h2>Application<\/h2>\n<p><strong>Conseil de consommation<\/strong>: Une ampoule \u00e0 boire par jour. Veuillez secouer avant utilisation.<\/p>\n<p>Remarque: La dose quotidienne recommand\u00e9e ne doit pas \u00eatre depass\u00e9e. Les compl\u00e9ments alimentaires ne peuvent pas se substituer \u00e0 une alimentation vari\u00e9e et \u00e9quilibr\u00e9e et \u00e0 un mode de vie sain. Gardez hors de port\u00e9e des enfants en bas \u00e2ge. Contient de la caf\u00e9ine. D\u00e9conseill\u00e9 aux enfants et aux femmes enceintes (teneur en caf\u00e9ine de 0,8mg par 25ml). Informations de stockage: Conserver au sec et \u00e0 temp\u00e9rature ambiante, ne pas laisser au soleil.<\/p>\n<p>*La valeur de r\u00e9f\u00e9rence pour l&rsquo;apport journalier selon le r\u00e9glement sur l&rsquo;information alimentaire<\/p>\n<p>**Pas de valeurs de r\u00e9f\u00e9rence pour l&rsquo;apport journalier disponible.<\/p>\n<p><sup>1\u00a0<\/sup>La biotine, le zinc, la vitamine A, la riboflavine et la niacine contribuent \u00e0 maintenir une peau normale. Le cuivre contribue au maintien d\u2019une pigmentation normale de la peau. La vitamine C contribue \u00e0 une formation normale de collag\u00e8ne pour un bon fonctionnement de la peau.<br \/>\n<sup>2\u00a0<\/sup>Le cuivre contribue au maintien de tissus conjonctifs normaux.<br \/>\n<sup>3\u00a0<\/sup>Teneur en lactose \u2264 10mg\/100ml<br \/>\n<sup>4\u00a0<\/sup>Teneur en gluten \u2264 20mg\/kg<\/p>\n","protected":false},"excerpt":{"rendered":"<ul>\n<li>Innovation<\/li>\n<li>Double complexe actif &amp; pr\u00e9ventif<\/li>\n<li>R\u00e9pond \u00e0 5 objectifs beaut\u00e9: une apparence plus jeune, une peau saine et purifi\u00e9e, un corps plus ferme, des cheveux et des ongles plus r\u00e9sistants<\/li>\n<li>Sans \u00e9dulcorants, colorants artificiel, lactose ni gluten<\/li>\n<li>Bo\u00eete de 30 x 25ml<\/li>\n<\/ul>\n","protected":false},"featured_media":604,"comment_status":"open","ping_status":"closed","template":"","meta":[],"product_brand":[153],"product_cat":[323,324],"product_tag":[325,321,328],"class_list":{"0":"post-744","1":"product","2":"type-product","3":"status-publish","4":"has-post-thumbnail","6":"product_brand-lr-health-beauty","7":"product_cat-produits-bien-etre","8":"product_cat-nutrition-bien-etre","9":"product_tag-bien-etre","10":"product_tag-elixir","11":"product_tag-nutrition","13":"first","14":"onbackorder","15":"featured","16":"taxable","17":"shipping-taxable","18":"purchasable","19":"product-type-simple"},"yoast_head":"<!-- This site is optimized with the Yoast SEO plugin v27.3 - https:\/\/yoast.com\/product\/yoast-seo-wordpress\/ -->\n<title>Beauty Elixir 5en1 - EliPharm Group<\/title>\n<meta name=\"robots\" content=\"index, follow, max-snippet:-1, max-image-preview:large, max-video-preview:-1\" \/>\n<link rel=\"canonical\" href=\"https:\/\/elipharmgroup.com\/?product=beauty-elixir-5en1\" \/>\n<meta property=\"og:locale\" content=\"fr_FR\" \/>\n<meta property=\"og:type\" content=\"article\" \/>\n<meta property=\"og:title\" content=\"Beauty Elixir 5en1 - EliPharm Group\" \/>\n<meta property=\"og:description\" content=\"Innovation  Double complexe actif &amp; pr\u00e9ventif  R\u00e9pond \u00e0 5 objectifs beaut\u00e9: une apparence plus jeune, une peau saine et purifi\u00e9e, un corps plus ferme, des cheveux et des ongles plus r\u00e9sistants  Sans \u00e9dulcorants, colorants artificiel, lactose ni gluten  Bo\u00eete de 30 x 25ml\" \/>\n<meta property=\"og:url\" content=\"https:\/\/elipharmgroup.com\/?product=beauty-elixir-5en1\" \/>\n<meta property=\"og:site_name\" content=\"EliPharm Group\" \/>\n<meta property=\"article:publisher\" content=\"https:\/\/www.facebook.com\/profile.php?id=61571934707378\" \/>\n<meta property=\"article:modified_time\" content=\"2025-12-08T16:06:21+00:00\" \/>\n<meta property=\"og:image\" content=\"https:\/\/elipharmgroup.com\/wp-content\/uploads\/2025\/06\/Elixir-Femme.jpg\" \/>\n\t<meta property=\"og:image:width\" content=\"500\" \/>\n\t<meta property=\"og:image:height\" content=\"500\" \/>\n\t<meta property=\"og:image:type\" content=\"image\/jpeg\" \/>\n<meta name=\"twitter:card\" content=\"summary_large_image\" \/>\n<meta name=\"twitter:label1\" content=\"Dur\u00e9e de lecture estim\u00e9e\" \/>\n\t<meta name=\"twitter:data1\" content=\"5 minutes\" \/>\n<script type=\"application\/ld+json\" class=\"yoast-schema-graph\">{\"@context\":\"https:\\\/\\\/schema.org\",\"@graph\":[{\"@type\":\"WebPage\",\"@id\":\"https:\\\/\\\/elipharmgroup.com\\\/?product=beauty-elixir-5en1\",\"url\":\"https:\\\/\\\/elipharmgroup.com\\\/?product=beauty-elixir-5en1\",\"name\":\"Beauty Elixir 5en1 - EliPharm Group\",\"isPartOf\":{\"@id\":\"https:\\\/\\\/elipharmgroup.com\\\/#website\"},\"primaryImageOfPage\":{\"@id\":\"https:\\\/\\\/elipharmgroup.com\\\/?product=beauty-elixir-5en1#primaryimage\"},\"image\":{\"@id\":\"https:\\\/\\\/elipharmgroup.com\\\/?product=beauty-elixir-5en1#primaryimage\"},\"thumbnailUrl\":\"https:\\\/\\\/elipharmgroup.com\\\/wp-content\\\/uploads\\\/2025\\\/06\\\/Elixir-Femme.jpg\",\"datePublished\":\"2025-06-16T14:53:12+00:00\",\"dateModified\":\"2025-12-08T16:06:21+00:00\",\"breadcrumb\":{\"@id\":\"https:\\\/\\\/elipharmgroup.com\\\/?product=beauty-elixir-5en1#breadcrumb\"},\"inLanguage\":\"fr-FR\",\"potentialAction\":[{\"@type\":\"ReadAction\",\"target\":[\"https:\\\/\\\/elipharmgroup.com\\\/?product=beauty-elixir-5en1\"]}]},{\"@type\":\"ImageObject\",\"inLanguage\":\"fr-FR\",\"@id\":\"https:\\\/\\\/elipharmgroup.com\\\/?product=beauty-elixir-5en1#primaryimage\",\"url\":\"https:\\\/\\\/elipharmgroup.com\\\/wp-content\\\/uploads\\\/2025\\\/06\\\/Elixir-Femme.jpg\",\"contentUrl\":\"https:\\\/\\\/elipharmgroup.com\\\/wp-content\\\/uploads\\\/2025\\\/06\\\/Elixir-Femme.jpg\",\"width\":500,\"height\":500},{\"@type\":\"BreadcrumbList\",\"@id\":\"https:\\\/\\\/elipharmgroup.com\\\/?product=beauty-elixir-5en1#breadcrumb\",\"itemListElement\":[{\"@type\":\"ListItem\",\"position\":1,\"name\":\"Accueil\",\"item\":\"https:\\\/\\\/elipharmgroup.com\\\/\"},{\"@type\":\"ListItem\",\"position\":2,\"name\":\"Boutique\",\"item\":\"https:\\\/\\\/elipharmgroup.com\\\/?page_id=51\"},{\"@type\":\"ListItem\",\"position\":3,\"name\":\"Bien-\u00eatre\",\"item\":\"https:\\\/\\\/elipharmgroup.com\\\/?product_cat=produits-bien-etre\"},{\"@type\":\"ListItem\",\"position\":4,\"name\":\"Nutrition\",\"item\":\"https:\\\/\\\/elipharmgroup.com\\\/?product_cat=nutrition-bien-etre\"},{\"@type\":\"ListItem\",\"position\":5,\"name\":\"Beauty Elixir 5en1\"}]},{\"@type\":\"WebSite\",\"@id\":\"https:\\\/\\\/elipharmgroup.com\\\/#website\",\"url\":\"https:\\\/\\\/elipharmgroup.com\\\/\",\"name\":\"EliPharm Group\",\"description\":\"Entreprise pharmaceutique\",\"publisher\":{\"@id\":\"https:\\\/\\\/elipharmgroup.com\\\/#organization\"},\"potentialAction\":[{\"@type\":\"SearchAction\",\"target\":{\"@type\":\"EntryPoint\",\"urlTemplate\":\"https:\\\/\\\/elipharmgroup.com\\\/?s={search_term_string}\"},\"query-input\":{\"@type\":\"PropertyValueSpecification\",\"valueRequired\":true,\"valueName\":\"search_term_string\"}}],\"inLanguage\":\"fr-FR\"},{\"@type\":\"Organization\",\"@id\":\"https:\\\/\\\/elipharmgroup.com\\\/#organization\",\"name\":\"EliPharm Group\",\"url\":\"https:\\\/\\\/elipharmgroup.com\\\/\",\"logo\":{\"@type\":\"ImageObject\",\"inLanguage\":\"fr-FR\",\"@id\":\"https:\\\/\\\/elipharmgroup.com\\\/#\\\/schema\\\/logo\\\/image\\\/\",\"url\":\"https:\\\/\\\/elipharmgroup.com\\\/wp-content\\\/uploads\\\/2025\\\/02\\\/cropped-Logo-Elipharm-group-2.png\",\"contentUrl\":\"https:\\\/\\\/elipharmgroup.com\\\/wp-content\\\/uploads\\\/2025\\\/02\\\/cropped-Logo-Elipharm-group-2.png\",\"width\":652,\"height\":467,\"caption\":\"EliPharm Group\"},\"image\":{\"@id\":\"https:\\\/\\\/elipharmgroup.com\\\/#\\\/schema\\\/logo\\\/image\\\/\"},\"sameAs\":[\"https:\\\/\\\/www.facebook.com\\\/profile.php?id=61571934707378\",\"https:\\\/\\\/www.instagram.com\\\/elipharmgroup\\\/\",\"https:\\\/\\\/www.youtube.com\\\/@ElipharmGroup\"]}]}<\/script>\n<!-- \/ Yoast SEO plugin. -->","yoast_head_json":{"title":"Beauty Elixir 5en1 - EliPharm Group","robots":{"index":"index","follow":"follow","max-snippet":"max-snippet:-1","max-image-preview":"max-image-preview:large","max-video-preview":"max-video-preview:-1"},"canonical":"https:\/\/elipharmgroup.com\/?product=beauty-elixir-5en1","og_locale":"fr_FR","og_type":"article","og_title":"Beauty Elixir 5en1 - EliPharm Group","og_description":"Innovation  Double complexe actif &amp; pr\u00e9ventif  R\u00e9pond \u00e0 5 objectifs beaut\u00e9: une apparence plus jeune, une peau saine et purifi\u00e9e, un corps plus ferme, des cheveux et des ongles plus r\u00e9sistants  Sans \u00e9dulcorants, colorants artificiel, lactose ni gluten  Bo\u00eete de 30 x 25ml","og_url":"https:\/\/elipharmgroup.com\/?product=beauty-elixir-5en1","og_site_name":"EliPharm Group","article_publisher":"https:\/\/www.facebook.com\/profile.php?id=61571934707378","article_modified_time":"2025-12-08T16:06:21+00:00","og_image":[{"width":500,"height":500,"url":"https:\/\/elipharmgroup.com\/wp-content\/uploads\/2025\/06\/Elixir-Femme.jpg","type":"image\/jpeg"}],"twitter_card":"summary_large_image","twitter_misc":{"Dur\u00e9e de lecture estim\u00e9e":"5 minutes"},"schema":{"@context":"https:\/\/schema.org","@graph":[{"@type":"WebPage","@id":"https:\/\/elipharmgroup.com\/?product=beauty-elixir-5en1","url":"https:\/\/elipharmgroup.com\/?product=beauty-elixir-5en1","name":"Beauty Elixir 5en1 - EliPharm Group","isPartOf":{"@id":"https:\/\/elipharmgroup.com\/#website"},"primaryImageOfPage":{"@id":"https:\/\/elipharmgroup.com\/?product=beauty-elixir-5en1#primaryimage"},"image":{"@id":"https:\/\/elipharmgroup.com\/?product=beauty-elixir-5en1#primaryimage"},"thumbnailUrl":"https:\/\/elipharmgroup.com\/wp-content\/uploads\/2025\/06\/Elixir-Femme.jpg","datePublished":"2025-06-16T14:53:12+00:00","dateModified":"2025-12-08T16:06:21+00:00","breadcrumb":{"@id":"https:\/\/elipharmgroup.com\/?product=beauty-elixir-5en1#breadcrumb"},"inLanguage":"fr-FR","potentialAction":[{"@type":"ReadAction","target":["https:\/\/elipharmgroup.com\/?product=beauty-elixir-5en1"]}]},{"@type":"ImageObject","inLanguage":"fr-FR","@id":"https:\/\/elipharmgroup.com\/?product=beauty-elixir-5en1#primaryimage","url":"https:\/\/elipharmgroup.com\/wp-content\/uploads\/2025\/06\/Elixir-Femme.jpg","contentUrl":"https:\/\/elipharmgroup.com\/wp-content\/uploads\/2025\/06\/Elixir-Femme.jpg","width":500,"height":500},{"@type":"BreadcrumbList","@id":"https:\/\/elipharmgroup.com\/?product=beauty-elixir-5en1#breadcrumb","itemListElement":[{"@type":"ListItem","position":1,"name":"Accueil","item":"https:\/\/elipharmgroup.com\/"},{"@type":"ListItem","position":2,"name":"Boutique","item":"https:\/\/elipharmgroup.com\/?page_id=51"},{"@type":"ListItem","position":3,"name":"Bien-\u00eatre","item":"https:\/\/elipharmgroup.com\/?product_cat=produits-bien-etre"},{"@type":"ListItem","position":4,"name":"Nutrition","item":"https:\/\/elipharmgroup.com\/?product_cat=nutrition-bien-etre"},{"@type":"ListItem","position":5,"name":"Beauty Elixir 5en1"}]},{"@type":"WebSite","@id":"https:\/\/elipharmgroup.com\/#website","url":"https:\/\/elipharmgroup.com\/","name":"EliPharm Group","description":"Entreprise pharmaceutique","publisher":{"@id":"https:\/\/elipharmgroup.com\/#organization"},"potentialAction":[{"@type":"SearchAction","target":{"@type":"EntryPoint","urlTemplate":"https:\/\/elipharmgroup.com\/?s={search_term_string}"},"query-input":{"@type":"PropertyValueSpecification","valueRequired":true,"valueName":"search_term_string"}}],"inLanguage":"fr-FR"},{"@type":"Organization","@id":"https:\/\/elipharmgroup.com\/#organization","name":"EliPharm Group","url":"https:\/\/elipharmgroup.com\/","logo":{"@type":"ImageObject","inLanguage":"fr-FR","@id":"https:\/\/elipharmgroup.com\/#\/schema\/logo\/image\/","url":"https:\/\/elipharmgroup.com\/wp-content\/uploads\/2025\/02\/cropped-Logo-Elipharm-group-2.png","contentUrl":"https:\/\/elipharmgroup.com\/wp-content\/uploads\/2025\/02\/cropped-Logo-Elipharm-group-2.png","width":652,"height":467,"caption":"EliPharm Group"},"image":{"@id":"https:\/\/elipharmgroup.com\/#\/schema\/logo\/image\/"},"sameAs":["https:\/\/www.facebook.com\/profile.php?id=61571934707378","https:\/\/www.instagram.com\/elipharmgroup\/","https:\/\/www.youtube.com\/@ElipharmGroup"]}]}},"_links":{"self":[{"href":"https:\/\/elipharmgroup.com\/index.php?rest_route=\/wp\/v2\/product\/744","targetHints":{"allow":["GET"]}}],"collection":[{"href":"https:\/\/elipharmgroup.com\/index.php?rest_route=\/wp\/v2\/product"}],"about":[{"href":"https:\/\/elipharmgroup.com\/index.php?rest_route=\/wp\/v2\/types\/product"}],"replies":[{"embeddable":true,"href":"https:\/\/elipharmgroup.com\/index.php?rest_route=%2Fwp%2Fv2%2Fcomments&post=744"}],"wp:featuredmedia":[{"embeddable":true,"href":"https:\/\/elipharmgroup.com\/index.php?rest_route=\/wp\/v2\/media\/604"}],"wp:attachment":[{"href":"https:\/\/elipharmgroup.com\/index.php?rest_route=%2Fwp%2Fv2%2Fmedia&parent=744"}],"wp:term":[{"taxonomy":"product_brand","embeddable":true,"href":"https:\/\/elipharmgroup.com\/index.php?rest_route=%2Fwp%2Fv2%2Fproduct_brand&post=744"},{"taxonomy":"product_cat","embeddable":true,"href":"https:\/\/elipharmgroup.com\/index.php?rest_route=%2Fwp%2Fv2%2Fproduct_cat&post=744"},{"taxonomy":"product_tag","embeddable":true,"href":"https:\/\/elipharmgroup.com\/index.php?rest_route=%2Fwp%2Fv2%2Fproduct_tag&post=744"}],"curies":[{"name":"wp","href":"https:\/\/api.w.org\/{rel}","templated":true}]}}