{"id":704,"date":"2025-06-10T09:02:55","date_gmt":"2025-06-10T09:02:55","guid":{"rendered":"https:\/\/elipharmgroup.com\/?post_type=product&#038;p=704"},"modified":"2025-12-08T16:10:24","modified_gmt":"2025-12-08T16:10:24","slug":"lr-figuactive-soupe-yummy-veggie","status":"publish","type":"product","link":"https:\/\/elipharmgroup.com\/?product=lr-figuactive-soupe-yummy-veggie","title":{"rendered":"LR FIGUACTIVE Soupe Yummy Veggie"},"content":{"rendered":"<h2>LR FIGUACTIVE Soupe Yummy Veggie<\/h2>\n<p><strong>Pleine puissance v\u00e9g\u00e9tarienne !<\/strong><\/p>\n<p>Une soupe de l\u00e9gumes merveilleusement cr\u00e9meuse avec du brocoli, des pommes de terre et du poireau. La d\u00e9licieuse soupe LR FIGUACTIVE Yummy Veggie apporte de la puissance v\u00e9gane \u00e0 ton quotidien ! Elle remplace un repas complet et vous aide \u00e0 perdre du poids<sup>1<\/sup>\u00a0ou \u00e0 maintenir votre poids<sup>1<\/sup>\u00a0et \u00e0 vous alimenter de mani\u00e8re simple et intelligente au quotidien.<br \/>\nUn go\u00fbt riche et cr\u00e9meux et de nombreux ingr\u00e9dients pr\u00e9cieux font de nos soupes une exp\u00e9rience gustative tr\u00e8s particuli\u00e8re. Les soupes sont des repas complets avec un \u00e9quilibre parfait entre la r\u00e9duction des calories et l&rsquo;apport de tous les nutriments dont le corps a besoin.<\/p>\n<p><sup>1<\/sup><sub><strong>Contr\u00f4le du poids :<\/strong>\u00a0le remplacement de deux des repas principaux quotidiens dans le cadre d&rsquo;un r\u00e9gime hypocalorique par un tel substitut de repas (LR FIGUACTIVE Shakes, soupes et flakes) contribue \u00e0 la perte de poids. Pour obtenir l&rsquo;effet indiqu\u00e9, il convient de remplacer deux repas principaux par jour.\u00a0<strong>Maintien du poids :<\/strong>\u00a0le remplacement d&rsquo;un des repas principaux quotidiens dans le cadre d&rsquo;un r\u00e9gime hypocalorique par un tel substitut de repas (LR FIGUACTIVE Shakes, Soupes et Flakes) contribue \u00e0 maintenir le poids apr\u00e8s une perte de poids. Pour obtenir l&rsquo;effet indiqu\u00e9, il convient de remplacer chaque jour un repas principal par un substitut de repas.<\/sub><\/p>\n<h2>Ingr\u00e9dients<\/h2>\n<p><strong>Ingr\u00e9dients<\/strong>\u00a0: isolat de prot\u00e9ines de\u00a0<strong>soja<\/strong>\u00a0(25 %), flocons de pommes de terre (12 %) (pommes de terre (99 %), \u00e9mulsifiant : mono- et diglyc\u00e9rides d&rsquo;acides gras ; stabilisant : diphosphates ; extrait d&rsquo;\u00e9pices), maltodextrine, brocoli (10 %), inuline (7 %), poireau (5 %), bouillon (prot\u00e9ines de ma\u00efs hydrolys\u00e9es, sel, huile de tournesol), huile de noix de coco, \u00e9mulsifiant : L\u00e9cithine de soja ; prot\u00e9ines de pois (3 %), ar\u00f4mes naturels, oignons (3 %), phosphate de potassium, carbonate de calcium, isolat de prot\u00e9ines de f\u00e9verole (1 %), persil (1 %), hydroxyde de magn\u00e9sium, poudre de t\u00e9gument de psyllium (1 %), sel de cuisine, poivre noir (0,2 %), acide L-ascorbique, antiagglom\u00e9rant : Dioxyde de silicium ; \u00e9paississant : farine de graines de guar ; pyrophosphate de fer, oxyde de zinc, nicotinamide, ac\u00e9tate de D- -tocoph\u00e9ryle, sulfate de mangan\u00e8se, D-pantoth\u00e9nate de calcium, antioxydant : alpha-tocoph\u00e9rol ; \u00e9dulcorant : Glycosides de st\u00e9viol issus de la st\u00e9via ; riboflavine, chlorhydrate de pyridoxine, mononitrate de thiamine, ac\u00e9tate de r\u00e9tinyle, carbonate de cuivre, acide pt\u00e9roylmonoglutamique, iodure de sodium, s\u00e9l\u00e9nite de sodium, phylloquinone, D-biotine, chol\u00e9calcif\u00e9rol, cyanocobalamine.<\/p>\n<table>\n<thead>\n<tr>\n<th scope=\"col\"><\/th>\n<th scope=\"col\">PAR 100 G POUDRE<\/th>\n<th scope=\"col\">PAR PORTION (= 1 REPAS)\u00b2<\/th>\n<\/tr>\n<\/thead>\n<tbody>\n<tr>\n<td scope=\"row\" data-label=\"\">Apport calorique<\/td>\n<td data-label=\"par 100 g poudre\">1471 kJ \/ 350 kcal<\/td>\n<td data-label=\"par portion (= 1 repas)\u00b2\">897 kJ \/ 214 kcal<\/td>\n<\/tr>\n<tr>\n<td scope=\"row\" data-label=\"\">Mati\u00e8re grasse<\/td>\n<td data-label=\"par 100 g poudre\">8,4 g<\/td>\n<td data-label=\"par portion (= 1 repas)\u00b2\">5,1 g<\/td>\n<\/tr>\n<tr>\n<td scope=\"row\" data-label=\"\">&#8211; dont acides gras satur\u00e9s<\/td>\n<td data-label=\"par 100 g poudre\">5,1 g<\/td>\n<td data-label=\"par portion (= 1 repas)\u00b2\">3,1 g<\/td>\n<\/tr>\n<tr>\n<td scope=\"row\" data-label=\"\">&#8211; dont acides gras monoinsatur\u00e9s<\/td>\n<td data-label=\"par 100 g poudre\">1,1 g<\/td>\n<td data-label=\"par portion (= 1 repas)\u00b2\">0,7 g<\/td>\n<\/tr>\n<tr>\n<td scope=\"row\" data-label=\"\">&#8211; dont acides gras polyinsatur\u00e9s<\/td>\n<td data-label=\"par 100 g poudre\">2,2 g<\/td>\n<td data-label=\"par portion (= 1 repas)\u00b2\">1,3 g<\/td>\n<\/tr>\n<tr>\n<td scope=\"row\" data-label=\"\">Glucides<\/td>\n<td data-label=\"par 100 g poudre\">30 g<\/td>\n<td data-label=\"par portion (= 1 repas)\u00b2\">18 g<\/td>\n<\/tr>\n<tr>\n<td scope=\"row\" data-label=\"\">&#8211; dont sucre<\/td>\n<td data-label=\"par 100 g poudre\">6,6 g<\/td>\n<td data-label=\"par portion (= 1 repas)\u00b2\">4,0 g<\/td>\n<\/tr>\n<tr>\n<td scope=\"row\" data-label=\"\">Fibres<\/td>\n<td data-label=\"par 100 g poudre\">16 g<\/td>\n<td data-label=\"par portion (= 1 repas)\u00b2\">9,8 g<\/td>\n<\/tr>\n<tr>\n<td scope=\"row\" data-label=\"\">Prot\u00e9ines<\/td>\n<td data-label=\"par 100 g poudre\">31 g<\/td>\n<td data-label=\"par portion (= 1 repas)\u00b2\">19 g<\/td>\n<\/tr>\n<tr>\n<td scope=\"row\" data-label=\"\">Sel<\/td>\n<td data-label=\"par 100 g poudre\">4,9 g<\/td>\n<td data-label=\"par portion (= 1 repas)\u00b2\">3,0 g<\/td>\n<\/tr>\n<\/tbody>\n<\/table>\n<p><sup>1<\/sup>\u00a0Quantit\u00e9 de r\u00e9f\u00e9rence pour l&rsquo;apport journalier (NRV)<br \/>\n<sup>2<\/sup>\u00a0par portion (= un repas) : 31 g + 300 ml de boisson au soja.<br \/>\n<sup>3<\/sup>\u00a0M\u00e9langez 7 cuill\u00e8res \u00e0 soupe rases (61 g de poudre) dans 350 ml d&rsquo;eau chaude \u00e0 l&rsquo;aide d&rsquo;un fouet. Utilisez pour cela un r\u00e9cipient suffisamment grand ; un bol de 350 ml est trop petit. Apr\u00e8s un court instant, remuez \u00e0 nouveau et consommez comme substitut de votre petit-d\u00e9jeuner, d\u00e9jeuner ou d\u00eener. Consommez imm\u00e9diatement apr\u00e8s la pr\u00e9paration.<\/p>\n<h2>Application<\/h2>\n<p>Il suffit de m\u00e9langer 7 cuill\u00e8res \u00e0 soupe dans 350 ml d&rsquo;eau chaude \u00e0 l&rsquo;aide d&rsquo;un fouet &#8211; c&rsquo;est pr\u00eat !<\/p>\n<p>Contient de nombreuses fibres pr\u00e9cieuses &#8211; par exemple des enveloppes de psyllium et un m\u00e9lange soigneusement s\u00e9lectionn\u00e9 de prot\u00e9ines v\u00e9g\u00e9taliennes de pois, de f\u00e8ve et de soja.<\/p>\n<p><strong>Remarque :<\/strong>\u00a0Dans le cadre d&rsquo;un r\u00e9gime hypocalorique, veillez \u00e0 boire suffisamment. Chaque jour, 2 \u00e0 3 litres de liquide non calorique, de pr\u00e9f\u00e9rence de l&rsquo;eau min\u00e9rale ou du th\u00e9 non sucr\u00e9, sont n\u00e9cessaires. Le produit ne remplit l&rsquo;objectif vis\u00e9 que dans le cadre d&rsquo;une alimentation pauvre en calories. Veillez absolument \u00e0 avoir une alimentation \u00e9quilibr\u00e9e et vari\u00e9e et un mode de vie sain. D&rsquo;autres aliments doivent faire partie de ce r\u00e9gime. Le repas contient tous les nutriments n\u00e9cessaires en quantit\u00e9 suffisante. Les instructions de pr\u00e9paration doivent \u00eatre respect\u00e9es. Ce produit contient de l&rsquo;inuline. \u00c9tant donn\u00e9 que l&rsquo;inuline exerce un effet stimulant sur la fonction intestinale et la flore intestinale, un apport accru peut entra\u00eener des troubles digestifs (p. ex. ballonnements, diarrh\u00e9e). Les personnes souffrant d&rsquo;une sensibilit\u00e9 du tractus gastro-intestinal (p. ex. \u00ab\u00a0c\u00f4lon irritable\u00a0\u00bb) devraient consulter leur m\u00e9decin avant de consommer le produit. Secouer la bo\u00eete avant utilisation. Le volume de remplissage est d\u00e9termin\u00e9 par la technique. Conserver au frais et au sec, \u00e0 consommer dans les 3 mois apr\u00e8s ouverture.<\/p>\n<h2>Informations int\u00e9ressantes<\/h2>\n<p>Des repas particuli\u00e8rement savoureux, vari\u00e9s et 100% v\u00e9g\u00e9taliens avec des ar\u00f4mes naturels permettent de varier les menus. Une teneur \u00e9lev\u00e9e en pr\u00e9cieuses fibres alimentaires ainsi qu&rsquo;un m\u00e9lange de prot\u00e9ines v\u00e9g\u00e9tales soigneusement s\u00e9lectionn\u00e9es vous soutiennent naturellement dans la gestion de votre poids<sup>1<\/sup>. Les produits de haute qualit\u00e9 \u00ab\u00a0Made in Germany\u00a0\u00bb sont \u00e9dulcor\u00e9s avec de la st\u00e9via et contiennent peu de sucre<sup>2<\/sup>. Ils sont exempts d&rsquo;huile de palme, d&rsquo;exhausteurs de go\u00fbt et de colorants artificiels.<\/p>\n<p><strong><sup>1<\/sup>Contr\u00f4le du poids<\/strong>\u00a0: le remplacement de deux des repas principaux quotidiens dans le cadre d&rsquo;un r\u00e9gime hypocalorique par un tel substitut de repas (LR\u00a0<strong>FIGU<\/strong>ACTIVE Shakes, Soupes et Flakes) contribue \u00e0 la perte de poids. Pour obtenir l&rsquo;effet indiqu\u00e9, il convient de remplacer deux repas principaux par jour. Maintien du poids : le remplacement d&rsquo;un des repas principaux quotidiens dans le cadre d&rsquo;un r\u00e9gime hypocalorique par un tel substitut de repas (LR\u00a0<strong>FIGU<\/strong>ACTIVE Shakes, Soupes et Flakes) contribue \u00e0 maintenir le poids apr\u00e8s une perte de poids. Pour obtenir l&rsquo;effet indiqu\u00e9, il convient de remplacer chaque jour un repas principal par un substitut de repas.<\/p>\n<p><sup>2<\/sup>Sauf LR FIGUACTIVE Juicy Tomato Soup. Celle-ci contient du sucre issu de mati\u00e8res premi\u00e8res naturelles (p. ex. tomates). Sans sucre ajout\u00e9. Les LR FIGUACTIVE Crusty Raspberry Flakes sont pauvres en sucre lorsqu&rsquo;ils sont pr\u00e9par\u00e9s conform\u00e9ment aux instructions.<\/p>\n","protected":false},"excerpt":{"rendered":"<ul>\n<li>Soupe savoureuse au go\u00fbt de l\u00e9gumes<\/li>\n<li>Pour perdre du poids et se maintenir<sup>1<\/sup>\u00a0&#8211; 1 portion remplace un repas complet<\/li>\n<li>100 % vegan, \u00e9dulcor\u00e9 avec de la st\u00e9via, uniquement des ar\u00f4mes naturels<\/li>\n<li>Haute teneur en fibres &#8211; entre autres \u00e0 partir de t\u00e9guments de psyllium<\/li>\n<li>Haute teneur en prot\u00e9ines &#8211; \u00e0 partir de pois, de soja et de f\u00e8ve<\/li>\n<li>Sans gluten, de lactose, huile de palme, colorants artificiels &amp; exhausteurs de go\u00fbt<\/li>\n<\/ul>\n","protected":false},"featured_media":633,"comment_status":"open","ping_status":"closed","template":"","meta":[],"product_brand":[153],"product_cat":[323,324,162],"product_tag":[325,328,163],"class_list":{"0":"post-704","1":"product","2":"type-product","3":"status-publish","4":"has-post-thumbnail","6":"product_brand-lr-health-beauty","7":"product_cat-produits-bien-etre","8":"product_cat-nutrition-bien-etre","9":"product_cat-soupes","10":"product_tag-bien-etre","11":"product_tag-nutrition","12":"product_tag-soupes","14":"first","15":"outofstock","16":"taxable","17":"shipping-taxable","18":"purchasable","19":"product-type-simple"},"yoast_head":"<!-- This site is optimized with the Yoast SEO plugin v27.3 - https:\/\/yoast.com\/product\/yoast-seo-wordpress\/ -->\n<title>LR FIGUACTIVE Soupe Yummy Veggie - EliPharm Group<\/title>\n<meta name=\"robots\" content=\"index, follow, max-snippet:-1, max-image-preview:large, max-video-preview:-1\" \/>\n<link rel=\"canonical\" href=\"https:\/\/elipharmgroup.com\/?product=lr-figuactive-soupe-yummy-veggie\" \/>\n<meta property=\"og:locale\" content=\"fr_FR\" \/>\n<meta property=\"og:type\" content=\"article\" \/>\n<meta property=\"og:title\" content=\"LR FIGUACTIVE Soupe Yummy Veggie - EliPharm Group\" \/>\n<meta property=\"og:description\" content=\"Soupe savoureuse au go\u00fbt de l\u00e9gumes  Pour perdre du poids et se maintenir1\u00a0- 1 portion remplace un repas complet  100 % vegan, \u00e9dulcor\u00e9 avec de la st\u00e9via, uniquement des ar\u00f4mes naturels  Haute teneur en fibres - entre autres \u00e0 partir de t\u00e9guments de psyllium  Haute teneur en prot\u00e9ines - \u00e0 partir de pois, de soja et de f\u00e8ve  Sans gluten, de lactose, huile de palme, colorants artificiels &amp; exhausteurs de go\u00fbt\" \/>\n<meta property=\"og:url\" content=\"https:\/\/elipharmgroup.com\/?product=lr-figuactive-soupe-yummy-veggie\" \/>\n<meta property=\"og:site_name\" content=\"EliPharm Group\" \/>\n<meta property=\"article:publisher\" content=\"https:\/\/www.facebook.com\/profile.php?id=61571934707378\" \/>\n<meta property=\"article:modified_time\" content=\"2025-12-08T16:10:24+00:00\" \/>\n<meta property=\"og:image\" content=\"https:\/\/elipharmgroup.com\/wp-content\/uploads\/2025\/06\/YummyVeggie.jpg\" \/>\n\t<meta property=\"og:image:width\" content=\"500\" \/>\n\t<meta property=\"og:image:height\" content=\"500\" \/>\n\t<meta property=\"og:image:type\" content=\"image\/jpeg\" \/>\n<meta name=\"twitter:card\" content=\"summary_large_image\" \/>\n<meta name=\"twitter:label1\" content=\"Dur\u00e9e de lecture estim\u00e9e\" \/>\n\t<meta name=\"twitter:data1\" content=\"5 minutes\" \/>\n<script type=\"application\/ld+json\" class=\"yoast-schema-graph\">{\"@context\":\"https:\\\/\\\/schema.org\",\"@graph\":[{\"@type\":\"WebPage\",\"@id\":\"https:\\\/\\\/elipharmgroup.com\\\/?product=lr-figuactive-soupe-yummy-veggie\",\"url\":\"https:\\\/\\\/elipharmgroup.com\\\/?product=lr-figuactive-soupe-yummy-veggie\",\"name\":\"LR FIGUACTIVE Soupe Yummy Veggie - EliPharm Group\",\"isPartOf\":{\"@id\":\"https:\\\/\\\/elipharmgroup.com\\\/#website\"},\"primaryImageOfPage\":{\"@id\":\"https:\\\/\\\/elipharmgroup.com\\\/?product=lr-figuactive-soupe-yummy-veggie#primaryimage\"},\"image\":{\"@id\":\"https:\\\/\\\/elipharmgroup.com\\\/?product=lr-figuactive-soupe-yummy-veggie#primaryimage\"},\"thumbnailUrl\":\"https:\\\/\\\/elipharmgroup.com\\\/wp-content\\\/uploads\\\/2025\\\/06\\\/YummyVeggie.jpg\",\"datePublished\":\"2025-06-10T09:02:55+00:00\",\"dateModified\":\"2025-12-08T16:10:24+00:00\",\"breadcrumb\":{\"@id\":\"https:\\\/\\\/elipharmgroup.com\\\/?product=lr-figuactive-soupe-yummy-veggie#breadcrumb\"},\"inLanguage\":\"fr-FR\",\"potentialAction\":[{\"@type\":\"ReadAction\",\"target\":[\"https:\\\/\\\/elipharmgroup.com\\\/?product=lr-figuactive-soupe-yummy-veggie\"]}]},{\"@type\":\"ImageObject\",\"inLanguage\":\"fr-FR\",\"@id\":\"https:\\\/\\\/elipharmgroup.com\\\/?product=lr-figuactive-soupe-yummy-veggie#primaryimage\",\"url\":\"https:\\\/\\\/elipharmgroup.com\\\/wp-content\\\/uploads\\\/2025\\\/06\\\/YummyVeggie.jpg\",\"contentUrl\":\"https:\\\/\\\/elipharmgroup.com\\\/wp-content\\\/uploads\\\/2025\\\/06\\\/YummyVeggie.jpg\",\"width\":500,\"height\":500},{\"@type\":\"BreadcrumbList\",\"@id\":\"https:\\\/\\\/elipharmgroup.com\\\/?product=lr-figuactive-soupe-yummy-veggie#breadcrumb\",\"itemListElement\":[{\"@type\":\"ListItem\",\"position\":1,\"name\":\"Accueil\",\"item\":\"https:\\\/\\\/elipharmgroup.com\\\/\"},{\"@type\":\"ListItem\",\"position\":2,\"name\":\"Boutique\",\"item\":\"https:\\\/\\\/elipharmgroup.com\\\/?page_id=51\"},{\"@type\":\"ListItem\",\"position\":3,\"name\":\"Bien-\u00eatre\",\"item\":\"https:\\\/\\\/elipharmgroup.com\\\/?product_cat=produits-bien-etre\"},{\"@type\":\"ListItem\",\"position\":4,\"name\":\"Nutrition\",\"item\":\"https:\\\/\\\/elipharmgroup.com\\\/?product_cat=nutrition-bien-etre\"},{\"@type\":\"ListItem\",\"position\":5,\"name\":\"Soupes\",\"item\":\"https:\\\/\\\/elipharmgroup.com\\\/?product_cat=soupes\"},{\"@type\":\"ListItem\",\"position\":6,\"name\":\"LR FIGUACTIVE Soupe Yummy Veggie\"}]},{\"@type\":\"WebSite\",\"@id\":\"https:\\\/\\\/elipharmgroup.com\\\/#website\",\"url\":\"https:\\\/\\\/elipharmgroup.com\\\/\",\"name\":\"EliPharm Group\",\"description\":\"Entreprise pharmaceutique\",\"publisher\":{\"@id\":\"https:\\\/\\\/elipharmgroup.com\\\/#organization\"},\"potentialAction\":[{\"@type\":\"SearchAction\",\"target\":{\"@type\":\"EntryPoint\",\"urlTemplate\":\"https:\\\/\\\/elipharmgroup.com\\\/?s={search_term_string}\"},\"query-input\":{\"@type\":\"PropertyValueSpecification\",\"valueRequired\":true,\"valueName\":\"search_term_string\"}}],\"inLanguage\":\"fr-FR\"},{\"@type\":\"Organization\",\"@id\":\"https:\\\/\\\/elipharmgroup.com\\\/#organization\",\"name\":\"EliPharm Group\",\"url\":\"https:\\\/\\\/elipharmgroup.com\\\/\",\"logo\":{\"@type\":\"ImageObject\",\"inLanguage\":\"fr-FR\",\"@id\":\"https:\\\/\\\/elipharmgroup.com\\\/#\\\/schema\\\/logo\\\/image\\\/\",\"url\":\"https:\\\/\\\/elipharmgroup.com\\\/wp-content\\\/uploads\\\/2025\\\/02\\\/cropped-Logo-Elipharm-group-2.png\",\"contentUrl\":\"https:\\\/\\\/elipharmgroup.com\\\/wp-content\\\/uploads\\\/2025\\\/02\\\/cropped-Logo-Elipharm-group-2.png\",\"width\":652,\"height\":467,\"caption\":\"EliPharm Group\"},\"image\":{\"@id\":\"https:\\\/\\\/elipharmgroup.com\\\/#\\\/schema\\\/logo\\\/image\\\/\"},\"sameAs\":[\"https:\\\/\\\/www.facebook.com\\\/profile.php?id=61571934707378\",\"https:\\\/\\\/www.instagram.com\\\/elipharmgroup\\\/\",\"https:\\\/\\\/www.youtube.com\\\/@ElipharmGroup\"]}]}<\/script>\n<!-- \/ Yoast SEO plugin. -->","yoast_head_json":{"title":"LR FIGUACTIVE Soupe Yummy Veggie - EliPharm Group","robots":{"index":"index","follow":"follow","max-snippet":"max-snippet:-1","max-image-preview":"max-image-preview:large","max-video-preview":"max-video-preview:-1"},"canonical":"https:\/\/elipharmgroup.com\/?product=lr-figuactive-soupe-yummy-veggie","og_locale":"fr_FR","og_type":"article","og_title":"LR FIGUACTIVE Soupe Yummy Veggie - EliPharm Group","og_description":"Soupe savoureuse au go\u00fbt de l\u00e9gumes  Pour perdre du poids et se maintenir1\u00a0- 1 portion remplace un repas complet  100 % vegan, \u00e9dulcor\u00e9 avec de la st\u00e9via, uniquement des ar\u00f4mes naturels  Haute teneur en fibres - entre autres \u00e0 partir de t\u00e9guments de psyllium  Haute teneur en prot\u00e9ines - \u00e0 partir de pois, de soja et de f\u00e8ve  Sans gluten, de lactose, huile de palme, colorants artificiels &amp; exhausteurs de go\u00fbt","og_url":"https:\/\/elipharmgroup.com\/?product=lr-figuactive-soupe-yummy-veggie","og_site_name":"EliPharm Group","article_publisher":"https:\/\/www.facebook.com\/profile.php?id=61571934707378","article_modified_time":"2025-12-08T16:10:24+00:00","og_image":[{"width":500,"height":500,"url":"https:\/\/elipharmgroup.com\/wp-content\/uploads\/2025\/06\/YummyVeggie.jpg","type":"image\/jpeg"}],"twitter_card":"summary_large_image","twitter_misc":{"Dur\u00e9e de lecture estim\u00e9e":"5 minutes"},"schema":{"@context":"https:\/\/schema.org","@graph":[{"@type":"WebPage","@id":"https:\/\/elipharmgroup.com\/?product=lr-figuactive-soupe-yummy-veggie","url":"https:\/\/elipharmgroup.com\/?product=lr-figuactive-soupe-yummy-veggie","name":"LR FIGUACTIVE Soupe Yummy Veggie - EliPharm Group","isPartOf":{"@id":"https:\/\/elipharmgroup.com\/#website"},"primaryImageOfPage":{"@id":"https:\/\/elipharmgroup.com\/?product=lr-figuactive-soupe-yummy-veggie#primaryimage"},"image":{"@id":"https:\/\/elipharmgroup.com\/?product=lr-figuactive-soupe-yummy-veggie#primaryimage"},"thumbnailUrl":"https:\/\/elipharmgroup.com\/wp-content\/uploads\/2025\/06\/YummyVeggie.jpg","datePublished":"2025-06-10T09:02:55+00:00","dateModified":"2025-12-08T16:10:24+00:00","breadcrumb":{"@id":"https:\/\/elipharmgroup.com\/?product=lr-figuactive-soupe-yummy-veggie#breadcrumb"},"inLanguage":"fr-FR","potentialAction":[{"@type":"ReadAction","target":["https:\/\/elipharmgroup.com\/?product=lr-figuactive-soupe-yummy-veggie"]}]},{"@type":"ImageObject","inLanguage":"fr-FR","@id":"https:\/\/elipharmgroup.com\/?product=lr-figuactive-soupe-yummy-veggie#primaryimage","url":"https:\/\/elipharmgroup.com\/wp-content\/uploads\/2025\/06\/YummyVeggie.jpg","contentUrl":"https:\/\/elipharmgroup.com\/wp-content\/uploads\/2025\/06\/YummyVeggie.jpg","width":500,"height":500},{"@type":"BreadcrumbList","@id":"https:\/\/elipharmgroup.com\/?product=lr-figuactive-soupe-yummy-veggie#breadcrumb","itemListElement":[{"@type":"ListItem","position":1,"name":"Accueil","item":"https:\/\/elipharmgroup.com\/"},{"@type":"ListItem","position":2,"name":"Boutique","item":"https:\/\/elipharmgroup.com\/?page_id=51"},{"@type":"ListItem","position":3,"name":"Bien-\u00eatre","item":"https:\/\/elipharmgroup.com\/?product_cat=produits-bien-etre"},{"@type":"ListItem","position":4,"name":"Nutrition","item":"https:\/\/elipharmgroup.com\/?product_cat=nutrition-bien-etre"},{"@type":"ListItem","position":5,"name":"Soupes","item":"https:\/\/elipharmgroup.com\/?product_cat=soupes"},{"@type":"ListItem","position":6,"name":"LR FIGUACTIVE Soupe Yummy Veggie"}]},{"@type":"WebSite","@id":"https:\/\/elipharmgroup.com\/#website","url":"https:\/\/elipharmgroup.com\/","name":"EliPharm Group","description":"Entreprise pharmaceutique","publisher":{"@id":"https:\/\/elipharmgroup.com\/#organization"},"potentialAction":[{"@type":"SearchAction","target":{"@type":"EntryPoint","urlTemplate":"https:\/\/elipharmgroup.com\/?s={search_term_string}"},"query-input":{"@type":"PropertyValueSpecification","valueRequired":true,"valueName":"search_term_string"}}],"inLanguage":"fr-FR"},{"@type":"Organization","@id":"https:\/\/elipharmgroup.com\/#organization","name":"EliPharm Group","url":"https:\/\/elipharmgroup.com\/","logo":{"@type":"ImageObject","inLanguage":"fr-FR","@id":"https:\/\/elipharmgroup.com\/#\/schema\/logo\/image\/","url":"https:\/\/elipharmgroup.com\/wp-content\/uploads\/2025\/02\/cropped-Logo-Elipharm-group-2.png","contentUrl":"https:\/\/elipharmgroup.com\/wp-content\/uploads\/2025\/02\/cropped-Logo-Elipharm-group-2.png","width":652,"height":467,"caption":"EliPharm Group"},"image":{"@id":"https:\/\/elipharmgroup.com\/#\/schema\/logo\/image\/"},"sameAs":["https:\/\/www.facebook.com\/profile.php?id=61571934707378","https:\/\/www.instagram.com\/elipharmgroup\/","https:\/\/www.youtube.com\/@ElipharmGroup"]}]}},"_links":{"self":[{"href":"https:\/\/elipharmgroup.com\/index.php?rest_route=\/wp\/v2\/product\/704","targetHints":{"allow":["GET"]}}],"collection":[{"href":"https:\/\/elipharmgroup.com\/index.php?rest_route=\/wp\/v2\/product"}],"about":[{"href":"https:\/\/elipharmgroup.com\/index.php?rest_route=\/wp\/v2\/types\/product"}],"replies":[{"embeddable":true,"href":"https:\/\/elipharmgroup.com\/index.php?rest_route=%2Fwp%2Fv2%2Fcomments&post=704"}],"wp:featuredmedia":[{"embeddable":true,"href":"https:\/\/elipharmgroup.com\/index.php?rest_route=\/wp\/v2\/media\/633"}],"wp:attachment":[{"href":"https:\/\/elipharmgroup.com\/index.php?rest_route=%2Fwp%2Fv2%2Fmedia&parent=704"}],"wp:term":[{"taxonomy":"product_brand","embeddable":true,"href":"https:\/\/elipharmgroup.com\/index.php?rest_route=%2Fwp%2Fv2%2Fproduct_brand&post=704"},{"taxonomy":"product_cat","embeddable":true,"href":"https:\/\/elipharmgroup.com\/index.php?rest_route=%2Fwp%2Fv2%2Fproduct_cat&post=704"},{"taxonomy":"product_tag","embeddable":true,"href":"https:\/\/elipharmgroup.com\/index.php?rest_route=%2Fwp%2Fv2%2Fproduct_tag&post=704"}],"curies":[{"name":"wp","href":"https:\/\/api.w.org\/{rel}","templated":true}]}}