{"id":701,"date":"2025-06-10T08:41:50","date_gmt":"2025-06-10T08:41:50","guid":{"rendered":"https:\/\/elipharmgroup.com\/?post_type=product&#038;p=701"},"modified":"2025-12-08T16:10:46","modified_gmt":"2025-12-08T16:10:46","slug":"lr-figuactive-flocons-crusty-raspberry","status":"publish","type":"product","link":"https:\/\/elipharmgroup.com\/?product=lr-figuactive-flocons-crusty-raspberry","title":{"rendered":"LR FIGUACTIVE Flocons Crusty Raspberry"},"content":{"rendered":"<h2>LR FIGUACTIVE Flocons Crusty Raspberry<\/h2>\n<p><strong>FLOCONS CROUSTILLANTS AUX BAIES<\/strong><\/p>\n<p>Avec des flocons d&rsquo;avoine croquants, des framboises fruit\u00e9es et de tendres p\u00e9pites de chocolat, votre petit-d\u00e9jeuner devient une exp\u00e9rience gustative intelligente ! Nos LR\u00a0<strong>FIGU<\/strong>ACTIVE Crusty Raspberry Flakes remplacent un repas complet, vous aident \u00e0 perdre du poids<sup>1<\/sup>\u00a0ou \u00e0 le maintenir<sup>1<\/sup>\u00a0et sont pr\u00e9par\u00e9s en un tour de main. Les flakes offrent un \u00e9quilibre parfait entre la r\u00e9duction des calories et l&rsquo;apport de tous les nutriments dont le corps a besoin.<\/p>\n<p><sup>1<\/sup><strong>Contr\u00f4le du poids<\/strong>\u00a0: le remplacement de deux des repas principaux quotidiens dans le cadre d&rsquo;un r\u00e9gime hypocalorique par un tel substitut de repas (LR\u00a0<strong>FIGU<\/strong>ACTIVE Shakes, Soupes et Flakes) contribue \u00e0 la perte de poids. Pour obtenir l&rsquo;effet indiqu\u00e9, il convient de remplacer deux repas principaux par jour.\u00a0<strong>Maintien du poids<\/strong>\u00a0: le remplacement d&rsquo;un des repas principaux quotidiens dans le cadre d&rsquo;un r\u00e9gime hypocalorique par un tel substitut de repas (LR\u00a0<strong>FIGU<\/strong>ACTIVE Shakes, Soupes et Flakes) contribue \u00e0 maintenir le poids apr\u00e8s une perte de poids. Pour obtenir l&rsquo;effet indiqu\u00e9, il convient de remplacer chaque jour un repas principal par un substitut de repas.<\/p>\n<h2>Ingr\u00e9dients<\/h2>\n<p><strong>Ingr\u00e9dients<\/strong>\u00a0: Flocons\u00a0<strong>d&rsquo;avoine<\/strong>\u00a0(18 %), prot\u00e9ines de pois (15 %), croustillants de riz complet (farine de riz complet) (10 %), gouttes de chocolat noir (p\u00e2te de cacao (48 %), sucre, beurre de cacao (6 %), \u00e9mulsifiant : L\u00e9cithine de soja) (10 %), crispies de soja (isolat de prot\u00e9ines de soja (70 %), semoule de riz, farine de\u00a0<strong>soja<\/strong>, sel) (9 %), crispies de cacao (farine de riz, poudre de cacao (7 %), sel, ar\u00f4me naturel) (5 %), crispies de tournesol et de riz (prot\u00e9ines de tournesol (75 %), farine de riz) (3 %), dextrine de ma\u00efs, \u00e9mulsifiant : L\u00e9cithine de\u00a0<strong>soja<\/strong>\u00a0; isolat de prot\u00e9ines de f\u00e9verole (2 %), farine de graines de lin (2 %), morceaux de framboise (2 %), morceaux de cranberry (2 %),\u00a0<strong>noisettes<\/strong>\u00a0grill\u00e9es hach\u00e9es (2 %), phosphate de calcium, phosphate de potassium, ar\u00f4mes naturels, poudre de t\u00e9gument de psyllium (1 %), morceaux de fraise (1 %), morceaux de pomme (1 %), hydroxyde de magn\u00e9sium, acidifiant : Acide citrique ; \u00e9paississant : farine de graines de guar ; sel, acide L-ascorbique, \u00e9dulcorant : glycosides de st\u00e9via ; pyrophosphate ferrique, oxyde de zinc, nicotinamide, ac\u00e9tate de D- -tocoph\u00e9ryle, D-pantoth\u00e9nate de calcium, antioxydant : alpha-tocoph\u00e9rol ; carbonate de cuivre, riboflavine, chlorhydrate de pyridoxine, sulfate de mangan\u00e8se, mononitrate de thiamine, ac\u00e9tate de r\u00e9tinyle, acide pt\u00e9roylmonoglutamique, iodure de sodium, s\u00e9l\u00e9nite de sodium, phylloquinone, D-biotine, chol\u00e9calcif\u00e9rol, cyanocobalamine.<\/p>\n<table>\n<thead>\n<tr>\n<th scope=\"col\"><\/th>\n<th scope=\"col\">PAR 100 G POUDRE<\/th>\n<th scope=\"col\">PAR PORTION (= 1 REPAS)\u00b2<\/th>\n<\/tr>\n<\/thead>\n<tbody>\n<tr>\n<td scope=\"row\" data-label=\"\">Apport calorique<\/td>\n<td data-label=\"par 100 g poudre\">1605 kJ \/ 382 kcal<\/td>\n<td data-label=\"par portion (= 1 repas)\u00b2\">925 kJ \/ 220 kcal<\/td>\n<\/tr>\n<tr>\n<td scope=\"row\" data-label=\"\">Mati\u00e8re grasse<\/td>\n<td data-label=\"par 100 g poudre\">11 g<\/td>\n<td data-label=\"par portion (= 1 repas)\u00b2\">6,0 g<\/td>\n<\/tr>\n<tr>\n<td scope=\"row\" data-label=\"\">&#8211; dont acides gras satur\u00e9s<\/td>\n<td data-label=\"par 100 g poudre\">3,6 g<\/td>\n<td data-label=\"par portion (= 1 repas)\u00b2\">1,6 g<\/td>\n<\/tr>\n<tr>\n<td scope=\"row\" data-label=\"\">&#8211; dont acides gras monoinsatur\u00e9s<\/td>\n<td data-label=\"par 100 g poudre\">3,9 g<\/td>\n<td data-label=\"par portion (= 1 repas)\u00b2\">1,8 g<\/td>\n<\/tr>\n<tr>\n<td scope=\"row\" data-label=\"\">&#8211; dont acides gras polyinsatur\u00e9s<\/td>\n<td data-label=\"par 100 g poudre\">2,7 g<\/td>\n<td data-label=\"par portion (= 1 repas)\u00b2\">2,4 g<\/td>\n<\/tr>\n<tr>\n<td scope=\"row\" data-label=\"\">Glucides<\/td>\n<td data-label=\"par 100 g poudre\">38 g<\/td>\n<td data-label=\"par portion (= 1 repas)\u00b2\">18 g<\/td>\n<\/tr>\n<tr>\n<td scope=\"row\" data-label=\"\">&#8211; dont sucre<\/td>\n<td data-label=\"par 100 g poudre\">8,6 g<\/td>\n<td data-label=\"par portion (= 1 repas)\u00b2\">4,8 g<\/td>\n<\/tr>\n<tr>\n<td scope=\"row\" data-label=\"\">Fibres<\/td>\n<td data-label=\"par 100 g poudre\">12 g<\/td>\n<td data-label=\"par portion (= 1 repas)\u00b2\">7,5 g<\/td>\n<\/tr>\n<tr>\n<td scope=\"row\" data-label=\"\">Prot\u00e9ines<\/td>\n<td data-label=\"par 100 g poudre\">26 g<\/td>\n<td data-label=\"par portion (= 1 repas)\u00b2\">20 g<\/td>\n<\/tr>\n<tr>\n<td scope=\"row\" data-label=\"\">Sel<\/td>\n<td data-label=\"par 100 g poudre\">1,5 g<\/td>\n<td data-label=\"par portion (= 1 repas)\u00b2\">0,66 g<\/td>\n<\/tr>\n<\/tbody>\n<\/table>\n<p><sup>1<\/sup>\u00a0Quantit\u00e9 de r\u00e9f\u00e9rence pour l&rsquo;apport journalier (NRV)<br \/>\n<sup>2<\/sup>\u00a0par portion (= un repas) : 31 g + 300 ml de boisson de soja.<br \/>\n<sup>3<\/sup>\u00a0M\u00e9langez 6 cuill\u00e8res \u00e0 soupe (35 g de flocons) dans 300 ml de boisson au soja (sans ajout de vitamines\/min\u00e9raux ou autres additifs). D\u00e9gustez ce repas en remplacement de votre petit-d\u00e9jeuner, d\u00e9jeuner ou d\u00eener. Consommez imm\u00e9diatement apr\u00e8s la pr\u00e9paration.<\/p>\n<h2>Application<\/h2>\n<p>Il suffit de m\u00e9langer 6 cuill\u00e8res \u00e0 soupe dans 300 ml de boisson au soja non sucr\u00e9e &#8211; c&rsquo;est tout !<\/p>\n<p>Contient de nombreuses fibres pr\u00e9cieuses &#8211; par exemple des t\u00e9guments de psyllium et un m\u00e9lange soigneusement s\u00e9lectionn\u00e9 de prot\u00e9ines v\u00e9g\u00e9taliennes de pois, de f\u00e8ve et de soja.<\/p>\n<p><strong>Remarque<\/strong>\u00a0: Dans le cadre d&rsquo;un r\u00e9gime hypocalorique, veillez \u00e0 boire suffisamment. Chaque jour, 2 \u00e0 3 litres de liquide non calorique, de pr\u00e9f\u00e9rence de l&rsquo;eau min\u00e9rale ou du th\u00e9 non sucr\u00e9, sont n\u00e9cessaires. Le produit ne remplit l&rsquo;objectif vis\u00e9 que dans le cadre d&rsquo;une alimentation pauvre en calories. Veillez absolument \u00e0 avoir une alimentation \u00e9quilibr\u00e9e et vari\u00e9e et un mode de vie sain. D&rsquo;autres aliments doivent faire partie de ce r\u00e9gime. Le repas contient tous les nutriments n\u00e9cessaires en quantit\u00e9 suffisante. Les instructions de pr\u00e9paration doivent \u00eatre respect\u00e9es. Ce produit contient de l&rsquo;inuline. \u00c9tant donn\u00e9 que l&rsquo;inuline exerce un effet stimulant sur la fonction intestinale et la flore intestinale, un apport accru peut entra\u00eener des troubles digestifs (p. ex. ballonnements, diarrh\u00e9e). Les personnes souffrant d&rsquo;une sensibilit\u00e9 du tractus gastro-intestinal (p. ex. \u00ab\u00a0c\u00f4lon irritable\u00a0\u00bb) devraient consulter leur m\u00e9decin avant de consommer le produit. Secouer la bo\u00eete avant utilisation. Le volume de remplissage est d\u00e9termin\u00e9 par la technique. Conserver au frais et au sec, \u00e0 consommer dans les 3 mois apr\u00e8s ouverture.<\/p>\n<h2>Informations int\u00e9ressantes<\/h2>\n<p>Des repas particuli\u00e8rement savoureux, vari\u00e9s et 100% v\u00e9g\u00e9taliens avec des ar\u00f4mes naturels permettent de varier les menus. Une teneur \u00e9lev\u00e9e en pr\u00e9cieuses fibres alimentaires ainsi qu&rsquo;un m\u00e9lange de prot\u00e9ines v\u00e9g\u00e9tales soigneusement s\u00e9lectionn\u00e9es vous soutiennent naturellement dans la gestion de votre poids<sup>1<\/sup>. Les produits de haute qualit\u00e9 \u00ab\u00a0Made in Germany\u00a0\u00bb sont \u00e9dulcor\u00e9s avec de la st\u00e9via et contiennent peu de sucre<sup>2<\/sup>. Ils sont exempts d&rsquo;huile de palme, d&rsquo;exhausteurs de go\u00fbt et de colorants artificiels.<\/p>\n<p><sup>1<\/sup><strong>Contr\u00f4le du poids<\/strong>\u00a0: le remplacement de deux des repas principaux quotidiens dans le cadre d&rsquo;un r\u00e9gime hypocalorique par un tel substitut de repas (LR FIGUACTIVE Shakes, Soupes et Flakes) contribue \u00e0 la perte de poids. Pour obtenir l&rsquo;effet indiqu\u00e9, il convient de remplacer deux repas principaux par jour.\u00a0<strong>Maintien du poids :<\/strong>\u00a0le remplacement d&rsquo;un des repas principaux quotidiens dans le cadre d&rsquo;un r\u00e9gime hypocalorique par un tel substitut de repas (LR FIGUACTIVE Shakes, Soupes et Flakes) contribue \u00e0 maintenir le poids apr\u00e8s une perte de poids. Pour obtenir l&rsquo;effet indiqu\u00e9, il convient de remplacer chaque jour un repas principal par un substitut de repas.<\/p>\n<p><sup>2<\/sup>Sauf LR FIGUACTIVE Juicy Tomato Soup. Celle-ci contient du sucre issu de mati\u00e8res premi\u00e8res naturelles (p. ex. tomates). Sans sucre ajout\u00e9. Les LR FIGUACTIVE Crusty Raspberry Flakes sont pauvres en sucre lorsqu&rsquo;ils sont pr\u00e9par\u00e9s conform\u00e9ment aux instructions.<\/p>\n","protected":false},"excerpt":{"rendered":"<ul>\n<li>Flakes croustillants avec des framboises, des noix et de tendres morceaux de chocolat<\/li>\n<li>Pour perdre du poids<sup>1<\/sup>\u00a0et le maintenir<sup>1<\/sup>\u00a0&#8211; 1 portion remplace un repas complet<\/li>\n<li>100 % vegan, \u00e9dulcor\u00e9 avec de la st\u00e9via, uniquement des ar\u00f4mes naturels<\/li>\n<li>Haute teneur en fibres &#8211; notamment \u00e0 partir de t\u00e9guments de psyllium<\/li>\n<li>Haute teneur en prot\u00e9ines &#8211; \u00e0 partir de pois, de soja et de f\u00e8ve<\/li>\n<li>Sans lactose, huile de palme, colorants artificiels &amp; exhausteurs de go\u00fbt<\/li>\n<\/ul>\n","protected":false},"featured_media":603,"comment_status":"open","ping_status":"closed","template":"","meta":[],"product_brand":[153],"product_cat":[323,159,324],"product_tag":[325,161,160,328],"class_list":{"0":"post-701","1":"product","2":"type-product","3":"status-publish","4":"has-post-thumbnail","6":"product_brand-lr-health-beauty","7":"product_cat-produits-bien-etre","8":"product_cat-flocons","9":"product_cat-nutrition-bien-etre","10":"product_tag-bien-etre","11":"product_tag-flakes","12":"product_tag-flocons","13":"product_tag-nutrition","15":"first","16":"onbackorder","17":"featured","18":"taxable","19":"shipping-taxable","20":"purchasable","21":"product-type-simple"},"yoast_head":"<!-- This site is optimized with the Yoast SEO plugin v27.3 - https:\/\/yoast.com\/product\/yoast-seo-wordpress\/ -->\n<title>LR FIGUACTIVE Flocons Crusty Raspberry - EliPharm Group<\/title>\n<meta name=\"robots\" content=\"index, follow, max-snippet:-1, max-image-preview:large, max-video-preview:-1\" \/>\n<link rel=\"canonical\" href=\"https:\/\/elipharmgroup.com\/?product=lr-figuactive-flocons-crusty-raspberry\" \/>\n<meta property=\"og:locale\" content=\"fr_FR\" \/>\n<meta property=\"og:type\" content=\"article\" \/>\n<meta property=\"og:title\" content=\"LR FIGUACTIVE Flocons Crusty Raspberry - EliPharm Group\" \/>\n<meta property=\"og:description\" content=\"Flakes croustillants avec des framboises, des noix et de tendres morceaux de chocolat  Pour perdre du poids1\u00a0et le maintenir1\u00a0- 1 portion remplace un repas complet  100 % vegan, \u00e9dulcor\u00e9 avec de la st\u00e9via, uniquement des ar\u00f4mes naturels  Haute teneur en fibres - notamment \u00e0 partir de t\u00e9guments de psyllium  Haute teneur en prot\u00e9ines - \u00e0 partir de pois, de soja et de f\u00e8ve  Sans lactose, huile de palme, colorants artificiels &amp; exhausteurs de go\u00fbt\" \/>\n<meta property=\"og:url\" content=\"https:\/\/elipharmgroup.com\/?product=lr-figuactive-flocons-crusty-raspberry\" \/>\n<meta property=\"og:site_name\" content=\"EliPharm Group\" \/>\n<meta property=\"article:publisher\" content=\"https:\/\/www.facebook.com\/profile.php?id=61571934707378\" \/>\n<meta property=\"article:modified_time\" content=\"2025-12-08T16:10:46+00:00\" \/>\n<meta property=\"og:image\" content=\"https:\/\/elipharmgroup.com\/wp-content\/uploads\/2025\/06\/CrustyRaspberry.jpg\" \/>\n\t<meta property=\"og:image:width\" content=\"500\" \/>\n\t<meta property=\"og:image:height\" content=\"500\" \/>\n\t<meta property=\"og:image:type\" content=\"image\/jpeg\" \/>\n<meta name=\"twitter:card\" content=\"summary_large_image\" \/>\n<meta name=\"twitter:label1\" content=\"Dur\u00e9e de lecture estim\u00e9e\" \/>\n\t<meta name=\"twitter:data1\" content=\"5 minutes\" \/>\n<script type=\"application\/ld+json\" class=\"yoast-schema-graph\">{\"@context\":\"https:\\\/\\\/schema.org\",\"@graph\":[{\"@type\":\"WebPage\",\"@id\":\"https:\\\/\\\/elipharmgroup.com\\\/?product=lr-figuactive-flocons-crusty-raspberry\",\"url\":\"https:\\\/\\\/elipharmgroup.com\\\/?product=lr-figuactive-flocons-crusty-raspberry\",\"name\":\"LR FIGUACTIVE Flocons Crusty Raspberry - EliPharm Group\",\"isPartOf\":{\"@id\":\"https:\\\/\\\/elipharmgroup.com\\\/#website\"},\"primaryImageOfPage\":{\"@id\":\"https:\\\/\\\/elipharmgroup.com\\\/?product=lr-figuactive-flocons-crusty-raspberry#primaryimage\"},\"image\":{\"@id\":\"https:\\\/\\\/elipharmgroup.com\\\/?product=lr-figuactive-flocons-crusty-raspberry#primaryimage\"},\"thumbnailUrl\":\"https:\\\/\\\/elipharmgroup.com\\\/wp-content\\\/uploads\\\/2025\\\/06\\\/CrustyRaspberry.jpg\",\"datePublished\":\"2025-06-10T08:41:50+00:00\",\"dateModified\":\"2025-12-08T16:10:46+00:00\",\"breadcrumb\":{\"@id\":\"https:\\\/\\\/elipharmgroup.com\\\/?product=lr-figuactive-flocons-crusty-raspberry#breadcrumb\"},\"inLanguage\":\"fr-FR\",\"potentialAction\":[{\"@type\":\"ReadAction\",\"target\":[\"https:\\\/\\\/elipharmgroup.com\\\/?product=lr-figuactive-flocons-crusty-raspberry\"]}]},{\"@type\":\"ImageObject\",\"inLanguage\":\"fr-FR\",\"@id\":\"https:\\\/\\\/elipharmgroup.com\\\/?product=lr-figuactive-flocons-crusty-raspberry#primaryimage\",\"url\":\"https:\\\/\\\/elipharmgroup.com\\\/wp-content\\\/uploads\\\/2025\\\/06\\\/CrustyRaspberry.jpg\",\"contentUrl\":\"https:\\\/\\\/elipharmgroup.com\\\/wp-content\\\/uploads\\\/2025\\\/06\\\/CrustyRaspberry.jpg\",\"width\":500,\"height\":500},{\"@type\":\"BreadcrumbList\",\"@id\":\"https:\\\/\\\/elipharmgroup.com\\\/?product=lr-figuactive-flocons-crusty-raspberry#breadcrumb\",\"itemListElement\":[{\"@type\":\"ListItem\",\"position\":1,\"name\":\"Accueil\",\"item\":\"https:\\\/\\\/elipharmgroup.com\\\/\"},{\"@type\":\"ListItem\",\"position\":2,\"name\":\"Boutique\",\"item\":\"https:\\\/\\\/elipharmgroup.com\\\/?page_id=51\"},{\"@type\":\"ListItem\",\"position\":3,\"name\":\"Bien-\u00eatre\",\"item\":\"https:\\\/\\\/elipharmgroup.com\\\/?product_cat=produits-bien-etre\"},{\"@type\":\"ListItem\",\"position\":4,\"name\":\"Nutrition\",\"item\":\"https:\\\/\\\/elipharmgroup.com\\\/?product_cat=nutrition-bien-etre\"},{\"@type\":\"ListItem\",\"position\":5,\"name\":\"Flocons\",\"item\":\"https:\\\/\\\/elipharmgroup.com\\\/?product_cat=flocons\"},{\"@type\":\"ListItem\",\"position\":6,\"name\":\"LR FIGUACTIVE Flocons Crusty Raspberry\"}]},{\"@type\":\"WebSite\",\"@id\":\"https:\\\/\\\/elipharmgroup.com\\\/#website\",\"url\":\"https:\\\/\\\/elipharmgroup.com\\\/\",\"name\":\"EliPharm Group\",\"description\":\"Entreprise pharmaceutique\",\"publisher\":{\"@id\":\"https:\\\/\\\/elipharmgroup.com\\\/#organization\"},\"potentialAction\":[{\"@type\":\"SearchAction\",\"target\":{\"@type\":\"EntryPoint\",\"urlTemplate\":\"https:\\\/\\\/elipharmgroup.com\\\/?s={search_term_string}\"},\"query-input\":{\"@type\":\"PropertyValueSpecification\",\"valueRequired\":true,\"valueName\":\"search_term_string\"}}],\"inLanguage\":\"fr-FR\"},{\"@type\":\"Organization\",\"@id\":\"https:\\\/\\\/elipharmgroup.com\\\/#organization\",\"name\":\"EliPharm Group\",\"url\":\"https:\\\/\\\/elipharmgroup.com\\\/\",\"logo\":{\"@type\":\"ImageObject\",\"inLanguage\":\"fr-FR\",\"@id\":\"https:\\\/\\\/elipharmgroup.com\\\/#\\\/schema\\\/logo\\\/image\\\/\",\"url\":\"https:\\\/\\\/elipharmgroup.com\\\/wp-content\\\/uploads\\\/2025\\\/02\\\/cropped-Logo-Elipharm-group-2.png\",\"contentUrl\":\"https:\\\/\\\/elipharmgroup.com\\\/wp-content\\\/uploads\\\/2025\\\/02\\\/cropped-Logo-Elipharm-group-2.png\",\"width\":652,\"height\":467,\"caption\":\"EliPharm Group\"},\"image\":{\"@id\":\"https:\\\/\\\/elipharmgroup.com\\\/#\\\/schema\\\/logo\\\/image\\\/\"},\"sameAs\":[\"https:\\\/\\\/www.facebook.com\\\/profile.php?id=61571934707378\",\"https:\\\/\\\/www.instagram.com\\\/elipharmgroup\\\/\",\"https:\\\/\\\/www.youtube.com\\\/@ElipharmGroup\"]}]}<\/script>\n<!-- \/ Yoast SEO plugin. -->","yoast_head_json":{"title":"LR FIGUACTIVE Flocons Crusty Raspberry - EliPharm Group","robots":{"index":"index","follow":"follow","max-snippet":"max-snippet:-1","max-image-preview":"max-image-preview:large","max-video-preview":"max-video-preview:-1"},"canonical":"https:\/\/elipharmgroup.com\/?product=lr-figuactive-flocons-crusty-raspberry","og_locale":"fr_FR","og_type":"article","og_title":"LR FIGUACTIVE Flocons Crusty Raspberry - EliPharm Group","og_description":"Flakes croustillants avec des framboises, des noix et de tendres morceaux de chocolat  Pour perdre du poids1\u00a0et le maintenir1\u00a0- 1 portion remplace un repas complet  100 % vegan, \u00e9dulcor\u00e9 avec de la st\u00e9via, uniquement des ar\u00f4mes naturels  Haute teneur en fibres - notamment \u00e0 partir de t\u00e9guments de psyllium  Haute teneur en prot\u00e9ines - \u00e0 partir de pois, de soja et de f\u00e8ve  Sans lactose, huile de palme, colorants artificiels &amp; exhausteurs de go\u00fbt","og_url":"https:\/\/elipharmgroup.com\/?product=lr-figuactive-flocons-crusty-raspberry","og_site_name":"EliPharm Group","article_publisher":"https:\/\/www.facebook.com\/profile.php?id=61571934707378","article_modified_time":"2025-12-08T16:10:46+00:00","og_image":[{"width":500,"height":500,"url":"https:\/\/elipharmgroup.com\/wp-content\/uploads\/2025\/06\/CrustyRaspberry.jpg","type":"image\/jpeg"}],"twitter_card":"summary_large_image","twitter_misc":{"Dur\u00e9e de lecture estim\u00e9e":"5 minutes"},"schema":{"@context":"https:\/\/schema.org","@graph":[{"@type":"WebPage","@id":"https:\/\/elipharmgroup.com\/?product=lr-figuactive-flocons-crusty-raspberry","url":"https:\/\/elipharmgroup.com\/?product=lr-figuactive-flocons-crusty-raspberry","name":"LR FIGUACTIVE Flocons Crusty Raspberry - EliPharm Group","isPartOf":{"@id":"https:\/\/elipharmgroup.com\/#website"},"primaryImageOfPage":{"@id":"https:\/\/elipharmgroup.com\/?product=lr-figuactive-flocons-crusty-raspberry#primaryimage"},"image":{"@id":"https:\/\/elipharmgroup.com\/?product=lr-figuactive-flocons-crusty-raspberry#primaryimage"},"thumbnailUrl":"https:\/\/elipharmgroup.com\/wp-content\/uploads\/2025\/06\/CrustyRaspberry.jpg","datePublished":"2025-06-10T08:41:50+00:00","dateModified":"2025-12-08T16:10:46+00:00","breadcrumb":{"@id":"https:\/\/elipharmgroup.com\/?product=lr-figuactive-flocons-crusty-raspberry#breadcrumb"},"inLanguage":"fr-FR","potentialAction":[{"@type":"ReadAction","target":["https:\/\/elipharmgroup.com\/?product=lr-figuactive-flocons-crusty-raspberry"]}]},{"@type":"ImageObject","inLanguage":"fr-FR","@id":"https:\/\/elipharmgroup.com\/?product=lr-figuactive-flocons-crusty-raspberry#primaryimage","url":"https:\/\/elipharmgroup.com\/wp-content\/uploads\/2025\/06\/CrustyRaspberry.jpg","contentUrl":"https:\/\/elipharmgroup.com\/wp-content\/uploads\/2025\/06\/CrustyRaspberry.jpg","width":500,"height":500},{"@type":"BreadcrumbList","@id":"https:\/\/elipharmgroup.com\/?product=lr-figuactive-flocons-crusty-raspberry#breadcrumb","itemListElement":[{"@type":"ListItem","position":1,"name":"Accueil","item":"https:\/\/elipharmgroup.com\/"},{"@type":"ListItem","position":2,"name":"Boutique","item":"https:\/\/elipharmgroup.com\/?page_id=51"},{"@type":"ListItem","position":3,"name":"Bien-\u00eatre","item":"https:\/\/elipharmgroup.com\/?product_cat=produits-bien-etre"},{"@type":"ListItem","position":4,"name":"Nutrition","item":"https:\/\/elipharmgroup.com\/?product_cat=nutrition-bien-etre"},{"@type":"ListItem","position":5,"name":"Flocons","item":"https:\/\/elipharmgroup.com\/?product_cat=flocons"},{"@type":"ListItem","position":6,"name":"LR FIGUACTIVE Flocons Crusty Raspberry"}]},{"@type":"WebSite","@id":"https:\/\/elipharmgroup.com\/#website","url":"https:\/\/elipharmgroup.com\/","name":"EliPharm Group","description":"Entreprise pharmaceutique","publisher":{"@id":"https:\/\/elipharmgroup.com\/#organization"},"potentialAction":[{"@type":"SearchAction","target":{"@type":"EntryPoint","urlTemplate":"https:\/\/elipharmgroup.com\/?s={search_term_string}"},"query-input":{"@type":"PropertyValueSpecification","valueRequired":true,"valueName":"search_term_string"}}],"inLanguage":"fr-FR"},{"@type":"Organization","@id":"https:\/\/elipharmgroup.com\/#organization","name":"EliPharm Group","url":"https:\/\/elipharmgroup.com\/","logo":{"@type":"ImageObject","inLanguage":"fr-FR","@id":"https:\/\/elipharmgroup.com\/#\/schema\/logo\/image\/","url":"https:\/\/elipharmgroup.com\/wp-content\/uploads\/2025\/02\/cropped-Logo-Elipharm-group-2.png","contentUrl":"https:\/\/elipharmgroup.com\/wp-content\/uploads\/2025\/02\/cropped-Logo-Elipharm-group-2.png","width":652,"height":467,"caption":"EliPharm Group"},"image":{"@id":"https:\/\/elipharmgroup.com\/#\/schema\/logo\/image\/"},"sameAs":["https:\/\/www.facebook.com\/profile.php?id=61571934707378","https:\/\/www.instagram.com\/elipharmgroup\/","https:\/\/www.youtube.com\/@ElipharmGroup"]}]}},"_links":{"self":[{"href":"https:\/\/elipharmgroup.com\/index.php?rest_route=\/wp\/v2\/product\/701","targetHints":{"allow":["GET"]}}],"collection":[{"href":"https:\/\/elipharmgroup.com\/index.php?rest_route=\/wp\/v2\/product"}],"about":[{"href":"https:\/\/elipharmgroup.com\/index.php?rest_route=\/wp\/v2\/types\/product"}],"replies":[{"embeddable":true,"href":"https:\/\/elipharmgroup.com\/index.php?rest_route=%2Fwp%2Fv2%2Fcomments&post=701"}],"wp:featuredmedia":[{"embeddable":true,"href":"https:\/\/elipharmgroup.com\/index.php?rest_route=\/wp\/v2\/media\/603"}],"wp:attachment":[{"href":"https:\/\/elipharmgroup.com\/index.php?rest_route=%2Fwp%2Fv2%2Fmedia&parent=701"}],"wp:term":[{"taxonomy":"product_brand","embeddable":true,"href":"https:\/\/elipharmgroup.com\/index.php?rest_route=%2Fwp%2Fv2%2Fproduct_brand&post=701"},{"taxonomy":"product_cat","embeddable":true,"href":"https:\/\/elipharmgroup.com\/index.php?rest_route=%2Fwp%2Fv2%2Fproduct_cat&post=701"},{"taxonomy":"product_tag","embeddable":true,"href":"https:\/\/elipharmgroup.com\/index.php?rest_route=%2Fwp%2Fv2%2Fproduct_tag&post=701"}],"curies":[{"name":"wp","href":"https:\/\/api.w.org\/{rel}","templated":true}]}}