{"id":602,"date":"2025-06-04T16:53:57","date_gmt":"2025-06-04T16:53:57","guid":{"rendered":"https:\/\/elipharmgroup.com\/?post_type=product&#038;p=602"},"modified":"2025-12-08T16:12:16","modified_gmt":"2025-12-08T16:12:16","slug":"lr-figuactive-shake-soft-vanilla","status":"publish","type":"product","link":"https:\/\/elipharmgroup.com\/?product=lr-figuactive-shake-soft-vanilla","title":{"rendered":"LR FiguActive Shake Soft Vanilla"},"content":{"rendered":"<p><strong>Vanille envo\u00fbtante\u00a0<\/strong><br \/>\nUn plaisir cr\u00e9meux avec de v\u00e9ritables gousses de vanille aromatiques. Avec le shake LR FIGUACTIVE Soft Vanilla, savourez la vie de mani\u00e8re intelligente !<\/p>\n<p>Qu&rsquo;il s&rsquo;agisse de perdre du poids<sup>1<\/sup>, de le maintenir<sup>1<\/sup>\u00a0ou tout simplement de gagner du temps. Nos shakes sont irr\u00e9sistiblement d\u00e9licieux, remplacent un repas complet et contiennent de nombreux ingr\u00e9dients pr\u00e9cieux issus de la nature. Les shakes sont des repas complets avec un \u00e9quilibre parfait entre la r\u00e9duction des calories et l&rsquo;apport de tous les nutriments dont le corps a besoin.<\/p>\n<p><sup>1<\/sup><sub><strong>Contr\u00f4le du poids<\/strong>\u00a0: le remplacement de deux des repas principaux quotidiens dans le cadre d&rsquo;un r\u00e9gime hypocalorique par un tel substitut de repas (LR\u00a0<strong>FIGU<\/strong>ACTIVE Shakes, Soupes et Flakes) contribue \u00e0 la perte de poids. Pour obtenir l&rsquo;effet indiqu\u00e9, il convient de remplacer deux repas principaux par jour.\u00a0<strong>Maintien du poids :<\/strong>\u00a0le remplacement d&rsquo;un des repas principaux quotidiens dans le cadre d&rsquo;un r\u00e9gime hypocalorique par un tel substitut de repas (LR\u00a0<strong>FIGU<\/strong>ACTIVE Shakes, Soupes et Flakes) contribue \u00e0 maintenir le poids apr\u00e8s une perte de poids. Pour obtenir l&rsquo;effet indiqu\u00e9, il convient de remplacer chaque jour un repas principal par un substitut de repas.<\/sub><\/p>\n<h2>Ingr\u00e9dients<\/h2>\n<p><strong>Ingr\u00e9dients:<\/strong>\u00a0isolat de prot\u00e9ines de soja (31 %), maltodextrine, huile de noix de coco, prot\u00e9ines de pois (8 %), poudre de t\u00e9gument de psyllium (6 %), inuline (5 %), \u00e9mulsifiant : L\u00e9cithine de\u00a0<strong>soja<\/strong>\u00a0; ar\u00f4mes naturels, isolat de prot\u00e9ines de f\u00e9verole (2 %), carbonate de calcium, phosphate de calcium, hydroxyde de magn\u00e9sium, phosphate de potassium, \u00e9dulcorant : glycosides de st\u00e9viol issus de la st\u00e9via ; antiagglom\u00e9rant : dioxyde de silicium ; sel de cuisine, acide L-ascorbique, vanille en poudre (0,1 %), colorant : Extrait de jasmin du Cap ; oxyde de zinc, pyrophosphate de fer, nicotinamide, D-pantoth\u00e9nate de calcium, ac\u00e9tate de D- -tocoph\u00e9ryle, sulfate de mangan\u00e8se, antioxydant : alpha-tocoph\u00e9rol ; carbonate de cuivre, riboflavine, chlorhydrate de pyridoxine, mononitrate de thiamine, ac\u00e9tate de r\u00e9tinyle, acide pt\u00e9roylmonoglutamique, iodure de sodium, s\u00e9l\u00e9nite de sodium, phylloquinone, D-biotine, chol\u00e9calcif\u00e9rol, cyanocobalamine.<\/p>\n<table>\n<thead>\n<tr>\n<th scope=\"col\"><\/th>\n<th scope=\"col\">PAR 100 G POUDRE<\/th>\n<th scope=\"col\">PAR PORTION (= 1 REPAS)\u00b2<\/th>\n<\/tr>\n<\/thead>\n<tbody>\n<tr>\n<td scope=\"row\" data-label=\"\">Valeur \u00e9nerg\u00e9tique<\/td>\n<td data-label=\"par 100 g poudre\">1754 kJ \/ 419 kcal<\/td>\n<td data-label=\"par portion (= 1 repas)\u00b2\">907 kJ \/ 216 kcal<\/td>\n<\/tr>\n<tr>\n<td scope=\"row\" data-label=\"\">Mati\u00e8re grasse<\/td>\n<td data-label=\"par 100 g poudre\">15 g<\/td>\n<td data-label=\"par portion (= 1 repas)\u00b2\">6,7 g<\/td>\n<\/tr>\n<tr>\n<td scope=\"row\" data-label=\"\">&#8211; dont acides gras satur\u00e9s<\/td>\n<td data-label=\"par 100 g poudre\">9,4 g<\/td>\n<td data-label=\"par portion (= 1 repas)\u00b2\">3,3 g<\/td>\n<\/tr>\n<tr>\n<td scope=\"row\" data-label=\"\">&#8211; dont acides gras monoinsatur\u00e9s<\/td>\n<td data-label=\"par 100 g poudre\">1,7 g<\/td>\n<td data-label=\"par portion (= 1 repas)\u00b2\">1,0 g<\/td>\n<\/tr>\n<tr>\n<td scope=\"row\" data-label=\"\">&#8211; dont acides gras polyinsatur\u00e9s<\/td>\n<td data-label=\"par 100 g poudre\">2,2 g<\/td>\n<td data-label=\"par portion (= 1 repas)\u00b2\">2,1 g<\/td>\n<\/tr>\n<tr>\n<td scope=\"row\" data-label=\"\">Glucides<\/td>\n<td data-label=\"par 100 g poudre\">30 g<\/td>\n<td data-label=\"par portion (= 1 repas)\u00b2\">14 g<\/td>\n<\/tr>\n<tr>\n<td scope=\"row\" data-label=\"\">&#8211; dont sucre<\/td>\n<td data-label=\"par 100 g poudre\">3,8 g<\/td>\n<td data-label=\"par portion (= 1 repas)\u00b2\">3,0 g<\/td>\n<\/tr>\n<tr>\n<td scope=\"row\" data-label=\"\">Fibres<\/td>\n<td data-label=\"par 100 g poudre\">13 g<\/td>\n<td data-label=\"par portion (= 1 repas)\u00b2\">7,3 g<\/td>\n<\/tr>\n<tr>\n<td scope=\"row\" data-label=\"\">Prot\u00e9ines<\/td>\n<td data-label=\"par 100 g poudre\">35 g<\/td>\n<td data-label=\"par portion (= 1 repas)\u00b2\">21 g<\/td>\n<\/tr>\n<tr>\n<td scope=\"row\" data-label=\"\">Sel<\/td>\n<td data-label=\"par 100 g poudre\">1,7 g<\/td>\n<td data-label=\"par portion (= 1 repas)\u00b2\">0,67 g<\/td>\n<\/tr>\n<\/tbody>\n<\/table>\n<p><sup>1<\/sup>\u00a0% du montant de r\u00e9ference pour l&rsquo;apport journalier &#8211; Valeurs Nutritionnelles de R\u00e9ference (VNR)<br \/>\n<sup>2<\/sup>\u00a0par portion (= un repas): 31 g + 300 ml de boisson au soja<br \/>\n<sup>3<\/sup>\u00a0Diluez 3 cuill\u00e8res \u00e0 soupe (31 g de poudre) dans 300 ml de boisson au soja (sans ajout de vitamines\/min\u00e9raux ou autres additifs). Utilisez pour cela au moins un verre de 500 ml. Nous recommandons de pr\u00e9parer la boisson dans un shaker. Apr\u00e8s un court instant, remuez \u00e0 nouveau et consommez en remplacement de votre petit-d\u00e9jeuner, d\u00e9jeuner ou d\u00eener. Consommez imm\u00e9diatement apr\u00e8s la pr\u00e9paration.<\/p>\n<h2>Application<\/h2>\n<p>Il suffit de pr\u00e9parer 3 cuill\u00e8res \u00e0 soupe avec 300 ml de boisson au soja non sucr\u00e9e dans un shaker &#8211; c&rsquo;est pr\u00eat !<\/p>\n<p>Contient de nombreuses fibres pr\u00e9cieuses &#8211; p. ex. des t\u00e9guments de psyllium et un m\u00e9lange soigneusement s\u00e9lectionn\u00e9 de prot\u00e9ines v\u00e9g\u00e9taliennes de pois, de f\u00e8ve et de soja.<\/p>\n<p><strong>Remarque :<\/strong>\u00a0Dans le cadre d&rsquo;une alimentation pauvre en calories, veillez \u00e0 boire suffisamment. Chaque jour, 2 \u00e0 3 litres de liquide non calorique, de pr\u00e9f\u00e9rence de l&rsquo;eau min\u00e9rale ou du th\u00e9 non sucr\u00e9, sont n\u00e9cessaires. Le produit ne remplit l&rsquo;objectif vis\u00e9 que dans le cadre d&rsquo;une alimentation pauvre en calories. Veillez absolument \u00e0 avoir une alimentation \u00e9quilibr\u00e9e et vari\u00e9e et un mode de vie sain. D&rsquo;autres aliments doivent faire partie de ce r\u00e9gime. Le repas contient tous les nutriments n\u00e9cessaires en quantit\u00e9 suffisante. Les instructions de pr\u00e9paration doivent \u00eatre respect\u00e9es. Ce produit contient de l&rsquo;inuline. \u00c9tant donn\u00e9 que l&rsquo;inuline exerce un effet stimulant sur la fonction intestinale et la flore intestinale, un apport accru peut entra\u00eener des troubles digestifs (p. ex. ballonnements, diarrh\u00e9e). Les personnes souffrant d&rsquo;une sensibilit\u00e9 du tractus gastro-intestinal (p. ex. \u00ab\u00a0c\u00f4lon irritable\u00a0\u00bb) devraient consulter leur m\u00e9decin avant de consommer le produit. Secouer la bo\u00eete avant utilisation. Le volume de remplissage est d\u00e9termin\u00e9 par la technique. Conserver au frais et au sec, \u00e0 consommer dans les 3 mois apr\u00e8s ouverture.<\/p>\n<h2>Informations int\u00e9ressantes<\/h2>\n<p>Des repas particuli\u00e8rement savoureux, vari\u00e9s et 100% v\u00e9g\u00e9taliens avec des ar\u00f4mes naturels permettent de varier les menus. Une teneur \u00e9lev\u00e9e en pr\u00e9cieuses fibres alimentaires ainsi qu&rsquo;un m\u00e9lange de prot\u00e9ines v\u00e9g\u00e9tales soigneusement s\u00e9lectionn\u00e9es vous soutiennent naturellement dans la gestion du poids<sup>1<\/sup>. Les produits de haute qualit\u00e9 \u00ab\u00a0Made in Germany\u00a0\u00bb sont \u00e9dulcor\u00e9s avec de la st\u00e9via et contiennent peu de sucre<sup>2<\/sup>. Ils sont exempts d&rsquo;huile de palme, d&rsquo;exhausteurs de go\u00fbt et de colorants artificiels.<\/p>\n<p><sup>1<\/sup>Contr\u00f4le du poids : le remplacement de deux des repas principaux quotidiens dans le cadre d&rsquo;un r\u00e9gime hypocalorique par un tel substitut de repas (LR\u00a0<strong>FIGU<\/strong>ACTIVE Shakes, Soupes et Flakes) contribue \u00e0 la perte de poids. Pour obtenir l&rsquo;effet indiqu\u00e9, il convient de remplacer deux repas principaux par jour. Maintien du poids : le remplacement d&rsquo;un des repas principaux quotidiens dans le cadre d&rsquo;un r\u00e9gime hypocalorique par un tel substitut de repas (LR\u00a0<strong>FIGU<\/strong>ACTIVE Shakes, Soupes et Flakes) contribue \u00e0 maintenir le poids apr\u00e8s une perte de poids. Pour obtenir l&rsquo;effet indiqu\u00e9, il convient de remplacer chaque jour un repas principal par un substitut de repas.<\/p>\n<p><sup>2<\/sup>Sauf LR\u00a0<strong>FIGU<\/strong>ACTIVE Juicy Tomato Soup. Celle-ci contient du sucre issu de mati\u00e8res premi\u00e8res naturelles (p. ex. tomates). Sans sucre ajout\u00e9. Les LR\u00a0<strong>FIGU<\/strong>ACTIVE Crusty Raspberry Flakes sont pauvres en sucre lorsqu&rsquo;ils sont pr\u00e9par\u00e9s conform\u00e9ment aux instructions.<\/p>\n","protected":false},"excerpt":{"rendered":"<ul>\n<li>Shake cr\u00e9meux au go\u00fbt de vanille<\/li>\n<li>Pour perdre du poids et le maintenir<sup>1<\/sup>\u00a0&#8211; 1 portion remplace un repas complet<\/li>\n<li>100 % v\u00e9gan, \u00e9dulcor\u00e9 avec de la st\u00e9via, uniquement des ar\u00f4mes naturels<\/li>\n<li>Haute teneur en fibres &#8211; entre autres \u00e0 partir de t\u00e9guments de psyllium<\/li>\n<li>Teneur \u00e9lev\u00e9e en prot\u00e9ines &#8211; \u00e0 base de pois, de soja et de f\u00e8ve<\/li>\n<li>Sans gluten, de lactose, huile de palme, colorants artificiels &amp; exhausteurs de go\u00fbt<\/li>\n<\/ul>\n","protected":false},"featured_media":626,"comment_status":"open","ping_status":"closed","template":"","meta":[],"product_brand":[153],"product_cat":[323,324,155],"product_tag":[325,157],"class_list":{"0":"post-602","1":"product","2":"type-product","3":"status-publish","4":"has-post-thumbnail","6":"product_brand-lr-health-beauty","7":"product_cat-produits-bien-etre","8":"product_cat-nutrition-bien-etre","9":"product_cat-shakes","10":"product_tag-bien-etre","11":"product_tag-shakes","13":"first","14":"onbackorder","15":"featured","16":"taxable","17":"shipping-taxable","18":"purchasable","19":"product-type-simple"},"yoast_head":"<!-- This site is optimized with the Yoast SEO plugin v27.3 - https:\/\/yoast.com\/product\/yoast-seo-wordpress\/ -->\n<title>LR FiguActive Shake Soft Vanilla - EliPharm Group<\/title>\n<meta name=\"robots\" content=\"index, follow, max-snippet:-1, max-image-preview:large, max-video-preview:-1\" \/>\n<link rel=\"canonical\" href=\"https:\/\/elipharmgroup.com\/?product=lr-figuactive-shake-soft-vanilla\" \/>\n<meta property=\"og:locale\" content=\"fr_FR\" \/>\n<meta property=\"og:type\" content=\"article\" \/>\n<meta property=\"og:title\" content=\"LR FiguActive Shake Soft Vanilla - EliPharm Group\" \/>\n<meta property=\"og:description\" content=\"Shake cr\u00e9meux au go\u00fbt de vanille  Pour perdre du poids et le maintenir1\u00a0- 1 portion remplace un repas complet  100 % v\u00e9gan, \u00e9dulcor\u00e9 avec de la st\u00e9via, uniquement des ar\u00f4mes naturels  Haute teneur en fibres - entre autres \u00e0 partir de t\u00e9guments de psyllium  Teneur \u00e9lev\u00e9e en prot\u00e9ines - \u00e0 base de pois, de soja et de f\u00e8ve  Sans gluten, de lactose, huile de palme, colorants artificiels &amp; exhausteurs de go\u00fbt\" \/>\n<meta property=\"og:url\" content=\"https:\/\/elipharmgroup.com\/?product=lr-figuactive-shake-soft-vanilla\" \/>\n<meta property=\"og:site_name\" content=\"EliPharm Group\" \/>\n<meta property=\"article:publisher\" content=\"https:\/\/www.facebook.com\/profile.php?id=61571934707378\" \/>\n<meta property=\"article:modified_time\" content=\"2025-12-08T16:12:16+00:00\" \/>\n<meta property=\"og:image\" content=\"https:\/\/elipharmgroup.com\/wp-content\/uploads\/2025\/06\/SoftVanilla.jpg\" \/>\n\t<meta property=\"og:image:width\" content=\"500\" \/>\n\t<meta property=\"og:image:height\" content=\"500\" \/>\n\t<meta property=\"og:image:type\" content=\"image\/jpeg\" \/>\n<meta name=\"twitter:card\" content=\"summary_large_image\" \/>\n<meta name=\"twitter:label1\" content=\"Dur\u00e9e de lecture estim\u00e9e\" \/>\n\t<meta name=\"twitter:data1\" content=\"5 minutes\" \/>\n<script type=\"application\/ld+json\" class=\"yoast-schema-graph\">{\"@context\":\"https:\\\/\\\/schema.org\",\"@graph\":[{\"@type\":\"WebPage\",\"@id\":\"https:\\\/\\\/elipharmgroup.com\\\/?product=lr-figuactive-shake-soft-vanilla\",\"url\":\"https:\\\/\\\/elipharmgroup.com\\\/?product=lr-figuactive-shake-soft-vanilla\",\"name\":\"LR FiguActive Shake Soft Vanilla - EliPharm Group\",\"isPartOf\":{\"@id\":\"https:\\\/\\\/elipharmgroup.com\\\/#website\"},\"primaryImageOfPage\":{\"@id\":\"https:\\\/\\\/elipharmgroup.com\\\/?product=lr-figuactive-shake-soft-vanilla#primaryimage\"},\"image\":{\"@id\":\"https:\\\/\\\/elipharmgroup.com\\\/?product=lr-figuactive-shake-soft-vanilla#primaryimage\"},\"thumbnailUrl\":\"https:\\\/\\\/elipharmgroup.com\\\/wp-content\\\/uploads\\\/2025\\\/06\\\/SoftVanilla.jpg\",\"datePublished\":\"2025-06-04T16:53:57+00:00\",\"dateModified\":\"2025-12-08T16:12:16+00:00\",\"breadcrumb\":{\"@id\":\"https:\\\/\\\/elipharmgroup.com\\\/?product=lr-figuactive-shake-soft-vanilla#breadcrumb\"},\"inLanguage\":\"fr-FR\",\"potentialAction\":[{\"@type\":\"ReadAction\",\"target\":[\"https:\\\/\\\/elipharmgroup.com\\\/?product=lr-figuactive-shake-soft-vanilla\"]}]},{\"@type\":\"ImageObject\",\"inLanguage\":\"fr-FR\",\"@id\":\"https:\\\/\\\/elipharmgroup.com\\\/?product=lr-figuactive-shake-soft-vanilla#primaryimage\",\"url\":\"https:\\\/\\\/elipharmgroup.com\\\/wp-content\\\/uploads\\\/2025\\\/06\\\/SoftVanilla.jpg\",\"contentUrl\":\"https:\\\/\\\/elipharmgroup.com\\\/wp-content\\\/uploads\\\/2025\\\/06\\\/SoftVanilla.jpg\",\"width\":500,\"height\":500},{\"@type\":\"BreadcrumbList\",\"@id\":\"https:\\\/\\\/elipharmgroup.com\\\/?product=lr-figuactive-shake-soft-vanilla#breadcrumb\",\"itemListElement\":[{\"@type\":\"ListItem\",\"position\":1,\"name\":\"Accueil\",\"item\":\"https:\\\/\\\/elipharmgroup.com\\\/\"},{\"@type\":\"ListItem\",\"position\":2,\"name\":\"Boutique\",\"item\":\"https:\\\/\\\/elipharmgroup.com\\\/?page_id=51\"},{\"@type\":\"ListItem\",\"position\":3,\"name\":\"Bien-\u00eatre\",\"item\":\"https:\\\/\\\/elipharmgroup.com\\\/?product_cat=produits-bien-etre\"},{\"@type\":\"ListItem\",\"position\":4,\"name\":\"Nutrition\",\"item\":\"https:\\\/\\\/elipharmgroup.com\\\/?product_cat=nutrition-bien-etre\"},{\"@type\":\"ListItem\",\"position\":5,\"name\":\"Shakes\",\"item\":\"https:\\\/\\\/elipharmgroup.com\\\/?product_cat=shakes\"},{\"@type\":\"ListItem\",\"position\":6,\"name\":\"LR FiguActive Shake Soft Vanilla\"}]},{\"@type\":\"WebSite\",\"@id\":\"https:\\\/\\\/elipharmgroup.com\\\/#website\",\"url\":\"https:\\\/\\\/elipharmgroup.com\\\/\",\"name\":\"EliPharm Group\",\"description\":\"Entreprise pharmaceutique\",\"publisher\":{\"@id\":\"https:\\\/\\\/elipharmgroup.com\\\/#organization\"},\"potentialAction\":[{\"@type\":\"SearchAction\",\"target\":{\"@type\":\"EntryPoint\",\"urlTemplate\":\"https:\\\/\\\/elipharmgroup.com\\\/?s={search_term_string}\"},\"query-input\":{\"@type\":\"PropertyValueSpecification\",\"valueRequired\":true,\"valueName\":\"search_term_string\"}}],\"inLanguage\":\"fr-FR\"},{\"@type\":\"Organization\",\"@id\":\"https:\\\/\\\/elipharmgroup.com\\\/#organization\",\"name\":\"EliPharm Group\",\"url\":\"https:\\\/\\\/elipharmgroup.com\\\/\",\"logo\":{\"@type\":\"ImageObject\",\"inLanguage\":\"fr-FR\",\"@id\":\"https:\\\/\\\/elipharmgroup.com\\\/#\\\/schema\\\/logo\\\/image\\\/\",\"url\":\"https:\\\/\\\/elipharmgroup.com\\\/wp-content\\\/uploads\\\/2025\\\/02\\\/cropped-Logo-Elipharm-group-2.png\",\"contentUrl\":\"https:\\\/\\\/elipharmgroup.com\\\/wp-content\\\/uploads\\\/2025\\\/02\\\/cropped-Logo-Elipharm-group-2.png\",\"width\":652,\"height\":467,\"caption\":\"EliPharm Group\"},\"image\":{\"@id\":\"https:\\\/\\\/elipharmgroup.com\\\/#\\\/schema\\\/logo\\\/image\\\/\"},\"sameAs\":[\"https:\\\/\\\/www.facebook.com\\\/profile.php?id=61571934707378\",\"https:\\\/\\\/www.instagram.com\\\/elipharmgroup\\\/\",\"https:\\\/\\\/www.youtube.com\\\/@ElipharmGroup\"]}]}<\/script>\n<!-- \/ Yoast SEO plugin. -->","yoast_head_json":{"title":"LR FiguActive Shake Soft Vanilla - EliPharm Group","robots":{"index":"index","follow":"follow","max-snippet":"max-snippet:-1","max-image-preview":"max-image-preview:large","max-video-preview":"max-video-preview:-1"},"canonical":"https:\/\/elipharmgroup.com\/?product=lr-figuactive-shake-soft-vanilla","og_locale":"fr_FR","og_type":"article","og_title":"LR FiguActive Shake Soft Vanilla - EliPharm Group","og_description":"Shake cr\u00e9meux au go\u00fbt de vanille  Pour perdre du poids et le maintenir1\u00a0- 1 portion remplace un repas complet  100 % v\u00e9gan, \u00e9dulcor\u00e9 avec de la st\u00e9via, uniquement des ar\u00f4mes naturels  Haute teneur en fibres - entre autres \u00e0 partir de t\u00e9guments de psyllium  Teneur \u00e9lev\u00e9e en prot\u00e9ines - \u00e0 base de pois, de soja et de f\u00e8ve  Sans gluten, de lactose, huile de palme, colorants artificiels &amp; exhausteurs de go\u00fbt","og_url":"https:\/\/elipharmgroup.com\/?product=lr-figuactive-shake-soft-vanilla","og_site_name":"EliPharm Group","article_publisher":"https:\/\/www.facebook.com\/profile.php?id=61571934707378","article_modified_time":"2025-12-08T16:12:16+00:00","og_image":[{"width":500,"height":500,"url":"https:\/\/elipharmgroup.com\/wp-content\/uploads\/2025\/06\/SoftVanilla.jpg","type":"image\/jpeg"}],"twitter_card":"summary_large_image","twitter_misc":{"Dur\u00e9e de lecture estim\u00e9e":"5 minutes"},"schema":{"@context":"https:\/\/schema.org","@graph":[{"@type":"WebPage","@id":"https:\/\/elipharmgroup.com\/?product=lr-figuactive-shake-soft-vanilla","url":"https:\/\/elipharmgroup.com\/?product=lr-figuactive-shake-soft-vanilla","name":"LR FiguActive Shake Soft Vanilla - EliPharm Group","isPartOf":{"@id":"https:\/\/elipharmgroup.com\/#website"},"primaryImageOfPage":{"@id":"https:\/\/elipharmgroup.com\/?product=lr-figuactive-shake-soft-vanilla#primaryimage"},"image":{"@id":"https:\/\/elipharmgroup.com\/?product=lr-figuactive-shake-soft-vanilla#primaryimage"},"thumbnailUrl":"https:\/\/elipharmgroup.com\/wp-content\/uploads\/2025\/06\/SoftVanilla.jpg","datePublished":"2025-06-04T16:53:57+00:00","dateModified":"2025-12-08T16:12:16+00:00","breadcrumb":{"@id":"https:\/\/elipharmgroup.com\/?product=lr-figuactive-shake-soft-vanilla#breadcrumb"},"inLanguage":"fr-FR","potentialAction":[{"@type":"ReadAction","target":["https:\/\/elipharmgroup.com\/?product=lr-figuactive-shake-soft-vanilla"]}]},{"@type":"ImageObject","inLanguage":"fr-FR","@id":"https:\/\/elipharmgroup.com\/?product=lr-figuactive-shake-soft-vanilla#primaryimage","url":"https:\/\/elipharmgroup.com\/wp-content\/uploads\/2025\/06\/SoftVanilla.jpg","contentUrl":"https:\/\/elipharmgroup.com\/wp-content\/uploads\/2025\/06\/SoftVanilla.jpg","width":500,"height":500},{"@type":"BreadcrumbList","@id":"https:\/\/elipharmgroup.com\/?product=lr-figuactive-shake-soft-vanilla#breadcrumb","itemListElement":[{"@type":"ListItem","position":1,"name":"Accueil","item":"https:\/\/elipharmgroup.com\/"},{"@type":"ListItem","position":2,"name":"Boutique","item":"https:\/\/elipharmgroup.com\/?page_id=51"},{"@type":"ListItem","position":3,"name":"Bien-\u00eatre","item":"https:\/\/elipharmgroup.com\/?product_cat=produits-bien-etre"},{"@type":"ListItem","position":4,"name":"Nutrition","item":"https:\/\/elipharmgroup.com\/?product_cat=nutrition-bien-etre"},{"@type":"ListItem","position":5,"name":"Shakes","item":"https:\/\/elipharmgroup.com\/?product_cat=shakes"},{"@type":"ListItem","position":6,"name":"LR FiguActive Shake Soft Vanilla"}]},{"@type":"WebSite","@id":"https:\/\/elipharmgroup.com\/#website","url":"https:\/\/elipharmgroup.com\/","name":"EliPharm Group","description":"Entreprise pharmaceutique","publisher":{"@id":"https:\/\/elipharmgroup.com\/#organization"},"potentialAction":[{"@type":"SearchAction","target":{"@type":"EntryPoint","urlTemplate":"https:\/\/elipharmgroup.com\/?s={search_term_string}"},"query-input":{"@type":"PropertyValueSpecification","valueRequired":true,"valueName":"search_term_string"}}],"inLanguage":"fr-FR"},{"@type":"Organization","@id":"https:\/\/elipharmgroup.com\/#organization","name":"EliPharm Group","url":"https:\/\/elipharmgroup.com\/","logo":{"@type":"ImageObject","inLanguage":"fr-FR","@id":"https:\/\/elipharmgroup.com\/#\/schema\/logo\/image\/","url":"https:\/\/elipharmgroup.com\/wp-content\/uploads\/2025\/02\/cropped-Logo-Elipharm-group-2.png","contentUrl":"https:\/\/elipharmgroup.com\/wp-content\/uploads\/2025\/02\/cropped-Logo-Elipharm-group-2.png","width":652,"height":467,"caption":"EliPharm Group"},"image":{"@id":"https:\/\/elipharmgroup.com\/#\/schema\/logo\/image\/"},"sameAs":["https:\/\/www.facebook.com\/profile.php?id=61571934707378","https:\/\/www.instagram.com\/elipharmgroup\/","https:\/\/www.youtube.com\/@ElipharmGroup"]}]}},"_links":{"self":[{"href":"https:\/\/elipharmgroup.com\/index.php?rest_route=\/wp\/v2\/product\/602","targetHints":{"allow":["GET"]}}],"collection":[{"href":"https:\/\/elipharmgroup.com\/index.php?rest_route=\/wp\/v2\/product"}],"about":[{"href":"https:\/\/elipharmgroup.com\/index.php?rest_route=\/wp\/v2\/types\/product"}],"replies":[{"embeddable":true,"href":"https:\/\/elipharmgroup.com\/index.php?rest_route=%2Fwp%2Fv2%2Fcomments&post=602"}],"wp:featuredmedia":[{"embeddable":true,"href":"https:\/\/elipharmgroup.com\/index.php?rest_route=\/wp\/v2\/media\/626"}],"wp:attachment":[{"href":"https:\/\/elipharmgroup.com\/index.php?rest_route=%2Fwp%2Fv2%2Fmedia&parent=602"}],"wp:term":[{"taxonomy":"product_brand","embeddable":true,"href":"https:\/\/elipharmgroup.com\/index.php?rest_route=%2Fwp%2Fv2%2Fproduct_brand&post=602"},{"taxonomy":"product_cat","embeddable":true,"href":"https:\/\/elipharmgroup.com\/index.php?rest_route=%2Fwp%2Fv2%2Fproduct_cat&post=602"},{"taxonomy":"product_tag","embeddable":true,"href":"https:\/\/elipharmgroup.com\/index.php?rest_route=%2Fwp%2Fv2%2Fproduct_tag&post=602"}],"curies":[{"name":"wp","href":"https:\/\/api.w.org\/{rel}","templated":true}]}}