{"id":301,"date":"2025-03-09T14:30:29","date_gmt":"2025-03-09T14:30:29","guid":{"rendered":"https:\/\/elipharmgroup.com\/?product=champ-de-soin-non-troue-dim-75-x-90-cm"},"modified":"2025-09-25T12:41:36","modified_gmt":"2025-09-25T12:41:36","slug":"champ-de-soin-non-troue-dim-75-x-90-cm","status":"publish","type":"product","link":"https:\/\/elipharmgroup.com\/?product=champ-de-soin-non-troue-dim-75-x-90-cm","title":{"rendered":"CHAMP DE SOIN NON TROUE 75 x 90 cm"},"content":{"rendered":"<p>Le champ de soins Nessidrape LCH est id\u00e9al pour toute intervention chirurgicale, et adapt\u00e9 pour la protection du patient. Il est utile lors d&rsquo;une op\u00e9ration ou de la pose d&rsquo;une perfusion afin de respecter un environnement st\u00e9rile. Il permet de pr\u00e9venir les risques de contaminations crois\u00e9es.<\/p>\n<p>Le champ de soins Nessidrape LCH se pr\u00e9sente sous emballage individuel, \u00e0 usage unique, et se d\u00e9plie en drap avec une pince sur le patient.<\/p>\n<p>Hypoallerg\u00e9niques et sans latex, les champs de soins Nessidrape ont un pliage \u00e9tudi\u00e9 pour une meilleure pr\u00e9hension et un d\u00e9pliage facile. La double \u00e9paisseur leur permet un fort pouvoir d\u2019absorption. La r\u00e9sistance renforc\u00e9e de cette gamme r\u00e9pondra \u00e0 l\u2019ensemble des besoins en termes de dimensions et diam\u00e8tres.<\/p>\n<p>Le champ de soins non trou\u00e9 Nessidrape est compos\u00e9 de 2 couches :<\/p>\n<ul>\n<li>La couche sup\u00e9rieure est con\u00e7ue en mati\u00e8re absorbante non tiss\u00e9e afin de retenir les diff\u00e9rents liquides tels que le sang ou liquides m\u00e9dicaux, et \u00e9viter le contact avec le reste du corps ou table d&rsquo;op\u00e9ration.<\/li>\n<li>La couche inf\u00e9rieure, positionn\u00e9e \u00e0 m\u00eame la peau, est recouverte d&rsquo;un film imperm\u00e9able. Le retrait du champ est atraumatique et facile.<\/li>\n<\/ul>\n<p>Le champ de soin se pr\u00e9sente sous blister individuel pour garantir une st\u00e9rilit\u00e9 des diff\u00e9rents composants tout au long du soin.<\/p>\n<h3>Avantages du produit :<\/h3>\n<ul>\n<li>Pliage \u00e9tudi\u00e9 pour une meilleure pr\u00e9hension.<\/li>\n<li>D\u00e9pliage facile<\/li>\n<li>Double \u00e9paisseur<\/li>\n<li>Fort pouvoir d&rsquo;absorption<\/li>\n<li>Douceur<\/li>\n<li>R\u00e9sistance renforc\u00e9e<\/li>\n<li>Large gamme r\u00e9pondant \u00e0 l&rsquo;ensemble des besoins.<\/li>\n<li>Sans latex<\/li>\n<\/ul>\n","protected":false},"excerpt":{"rendered":"<h3>Caract\u00e9ristiques techniques du produit :<\/h3>\n<ul>\n<li>A usage unique<\/li>\n<li>St\u00e9rile : st\u00e9rilisation \u00e0 l&rsquo;oxyde d&rsquo;\u00e9thyl\u00e8ne<\/li>\n<li>1 face absorbante non-tiss\u00e9e sPP 30g\/m\u00b2<\/li>\n<li>1 face poly\u00e9thyl\u00e8ne 25<\/li>\n<li>Couleur : Bleu<\/li>\n<li>Dimensions : 75 x 90 cm<\/li>\n<li>Conditionn\u00e9 sous blister individuel<\/li>\n<li>Dispositif m\u00e9dical classe Is<\/li>\n<li>Conditionnement :<span class=\"fontstyle0\">\u00a050 pi\u00e8ces<\/span><\/li>\n<\/ul>\n","protected":false},"featured_media":500,"comment_status":"open","ping_status":"closed","template":"","meta":[],"product_brand":[46],"product_cat":[100,119],"product_tag":[],"class_list":{"0":"post-301","1":"product","2":"type-product","3":"status-publish","4":"has-post-thumbnail","6":"product_brand-lch","7":"product_cat-soins-et-pansements","8":"product_cat-suture","10":"first","11":"instock","12":"taxable","13":"shipping-taxable","14":"purchasable","15":"product-type-simple"},"yoast_head":"<!-- This site is optimized with the Yoast SEO plugin v27.3 - https:\/\/yoast.com\/product\/yoast-seo-wordpress\/ -->\n<title>CHAMP DE SOIN NON TROUE 75 x 90 cm - EliPharm Group<\/title>\n<meta name=\"robots\" content=\"index, follow, max-snippet:-1, max-image-preview:large, max-video-preview:-1\" \/>\n<link rel=\"canonical\" href=\"https:\/\/elipharmgroup.com\/?product=champ-de-soin-non-troue-dim-75-x-90-cm\" \/>\n<meta property=\"og:locale\" content=\"fr_FR\" \/>\n<meta property=\"og:type\" content=\"article\" \/>\n<meta property=\"og:title\" content=\"CHAMP DE SOIN NON TROUE 75 x 90 cm - EliPharm Group\" \/>\n<meta property=\"og:description\" content=\"Caract\u00e9ristiques techniques du produit :   A usage unique  St\u00e9rile : st\u00e9rilisation \u00e0 l&#039;oxyde d&#039;\u00e9thyl\u00e8ne  1 face absorbante non-tiss\u00e9e sPP 30g\/m\u00b2  1 face poly\u00e9thyl\u00e8ne 25  Couleur : Bleu  Dimensions : 75 x 90 cm  Conditionn\u00e9 sous blister individuel  Dispositif m\u00e9dical classe Is  Conditionnement :\u00a050 pi\u00e8ces\" \/>\n<meta property=\"og:url\" content=\"https:\/\/elipharmgroup.com\/?product=champ-de-soin-non-troue-dim-75-x-90-cm\" \/>\n<meta property=\"og:site_name\" content=\"EliPharm Group\" \/>\n<meta property=\"article:publisher\" content=\"https:\/\/www.facebook.com\/profile.php?id=61571934707378\" \/>\n<meta property=\"article:modified_time\" content=\"2025-09-25T12:41:36+00:00\" \/>\n<meta property=\"og:image\" content=\"https:\/\/elipharmgroup.com\/wp-content\/uploads\/2025\/03\/champ-de-soin-non-troue.jpg\" \/>\n\t<meta property=\"og:image:width\" content=\"1122\" \/>\n\t<meta property=\"og:image:height\" content=\"1122\" \/>\n\t<meta property=\"og:image:type\" content=\"image\/jpeg\" \/>\n<meta name=\"twitter:card\" content=\"summary_large_image\" \/>\n<meta name=\"twitter:label1\" content=\"Dur\u00e9e de lecture estim\u00e9e\" \/>\n\t<meta name=\"twitter:data1\" content=\"1 minute\" \/>\n<script type=\"application\/ld+json\" class=\"yoast-schema-graph\">{\"@context\":\"https:\\\/\\\/schema.org\",\"@graph\":[{\"@type\":\"WebPage\",\"@id\":\"https:\\\/\\\/elipharmgroup.com\\\/?product=champ-de-soin-non-troue-dim-75-x-90-cm\",\"url\":\"https:\\\/\\\/elipharmgroup.com\\\/?product=champ-de-soin-non-troue-dim-75-x-90-cm\",\"name\":\"CHAMP DE SOIN NON TROUE 75 x 90 cm - EliPharm Group\",\"isPartOf\":{\"@id\":\"https:\\\/\\\/elipharmgroup.com\\\/#website\"},\"primaryImageOfPage\":{\"@id\":\"https:\\\/\\\/elipharmgroup.com\\\/?product=champ-de-soin-non-troue-dim-75-x-90-cm#primaryimage\"},\"image\":{\"@id\":\"https:\\\/\\\/elipharmgroup.com\\\/?product=champ-de-soin-non-troue-dim-75-x-90-cm#primaryimage\"},\"thumbnailUrl\":\"https:\\\/\\\/elipharmgroup.com\\\/wp-content\\\/uploads\\\/2025\\\/03\\\/champ-de-soin-non-troue.jpg\",\"datePublished\":\"2025-03-09T14:30:29+00:00\",\"dateModified\":\"2025-09-25T12:41:36+00:00\",\"breadcrumb\":{\"@id\":\"https:\\\/\\\/elipharmgroup.com\\\/?product=champ-de-soin-non-troue-dim-75-x-90-cm#breadcrumb\"},\"inLanguage\":\"fr-FR\",\"potentialAction\":[{\"@type\":\"ReadAction\",\"target\":[\"https:\\\/\\\/elipharmgroup.com\\\/?product=champ-de-soin-non-troue-dim-75-x-90-cm\"]}]},{\"@type\":\"ImageObject\",\"inLanguage\":\"fr-FR\",\"@id\":\"https:\\\/\\\/elipharmgroup.com\\\/?product=champ-de-soin-non-troue-dim-75-x-90-cm#primaryimage\",\"url\":\"https:\\\/\\\/elipharmgroup.com\\\/wp-content\\\/uploads\\\/2025\\\/03\\\/champ-de-soin-non-troue.jpg\",\"contentUrl\":\"https:\\\/\\\/elipharmgroup.com\\\/wp-content\\\/uploads\\\/2025\\\/03\\\/champ-de-soin-non-troue.jpg\",\"width\":1122,\"height\":1122},{\"@type\":\"BreadcrumbList\",\"@id\":\"https:\\\/\\\/elipharmgroup.com\\\/?product=champ-de-soin-non-troue-dim-75-x-90-cm#breadcrumb\",\"itemListElement\":[{\"@type\":\"ListItem\",\"position\":1,\"name\":\"Accueil\",\"item\":\"https:\\\/\\\/elipharmgroup.com\\\/\"},{\"@type\":\"ListItem\",\"position\":2,\"name\":\"Boutique\",\"item\":\"https:\\\/\\\/elipharmgroup.com\\\/?page_id=51\"},{\"@type\":\"ListItem\",\"position\":3,\"name\":\"Soins et pansements\",\"item\":\"https:\\\/\\\/elipharmgroup.com\\\/?product_cat=soins-et-pansements\"},{\"@type\":\"ListItem\",\"position\":4,\"name\":\"Suture\",\"item\":\"https:\\\/\\\/elipharmgroup.com\\\/?product_cat=suture\"},{\"@type\":\"ListItem\",\"position\":5,\"name\":\"CHAMP DE SOIN NON TROUE 75 x 90 cm\"}]},{\"@type\":\"WebSite\",\"@id\":\"https:\\\/\\\/elipharmgroup.com\\\/#website\",\"url\":\"https:\\\/\\\/elipharmgroup.com\\\/\",\"name\":\"EliPharm Group\",\"description\":\"Entreprise pharmaceutique\",\"publisher\":{\"@id\":\"https:\\\/\\\/elipharmgroup.com\\\/#organization\"},\"potentialAction\":[{\"@type\":\"SearchAction\",\"target\":{\"@type\":\"EntryPoint\",\"urlTemplate\":\"https:\\\/\\\/elipharmgroup.com\\\/?s={search_term_string}\"},\"query-input\":{\"@type\":\"PropertyValueSpecification\",\"valueRequired\":true,\"valueName\":\"search_term_string\"}}],\"inLanguage\":\"fr-FR\"},{\"@type\":\"Organization\",\"@id\":\"https:\\\/\\\/elipharmgroup.com\\\/#organization\",\"name\":\"EliPharm Group\",\"url\":\"https:\\\/\\\/elipharmgroup.com\\\/\",\"logo\":{\"@type\":\"ImageObject\",\"inLanguage\":\"fr-FR\",\"@id\":\"https:\\\/\\\/elipharmgroup.com\\\/#\\\/schema\\\/logo\\\/image\\\/\",\"url\":\"https:\\\/\\\/elipharmgroup.com\\\/wp-content\\\/uploads\\\/2025\\\/02\\\/cropped-Logo-Elipharm-group-2.png\",\"contentUrl\":\"https:\\\/\\\/elipharmgroup.com\\\/wp-content\\\/uploads\\\/2025\\\/02\\\/cropped-Logo-Elipharm-group-2.png\",\"width\":652,\"height\":467,\"caption\":\"EliPharm Group\"},\"image\":{\"@id\":\"https:\\\/\\\/elipharmgroup.com\\\/#\\\/schema\\\/logo\\\/image\\\/\"},\"sameAs\":[\"https:\\\/\\\/www.facebook.com\\\/profile.php?id=61571934707378\",\"https:\\\/\\\/www.instagram.com\\\/elipharmgroup\\\/\",\"https:\\\/\\\/www.youtube.com\\\/@ElipharmGroup\"]}]}<\/script>\n<!-- \/ Yoast SEO plugin. -->","yoast_head_json":{"title":"CHAMP DE SOIN NON TROUE 75 x 90 cm - EliPharm Group","robots":{"index":"index","follow":"follow","max-snippet":"max-snippet:-1","max-image-preview":"max-image-preview:large","max-video-preview":"max-video-preview:-1"},"canonical":"https:\/\/elipharmgroup.com\/?product=champ-de-soin-non-troue-dim-75-x-90-cm","og_locale":"fr_FR","og_type":"article","og_title":"CHAMP DE SOIN NON TROUE 75 x 90 cm - EliPharm Group","og_description":"Caract\u00e9ristiques techniques du produit :   A usage unique  St\u00e9rile : st\u00e9rilisation \u00e0 l'oxyde d'\u00e9thyl\u00e8ne  1 face absorbante non-tiss\u00e9e sPP 30g\/m\u00b2  1 face poly\u00e9thyl\u00e8ne 25  Couleur : Bleu  Dimensions : 75 x 90 cm  Conditionn\u00e9 sous blister individuel  Dispositif m\u00e9dical classe Is  Conditionnement :\u00a050 pi\u00e8ces","og_url":"https:\/\/elipharmgroup.com\/?product=champ-de-soin-non-troue-dim-75-x-90-cm","og_site_name":"EliPharm Group","article_publisher":"https:\/\/www.facebook.com\/profile.php?id=61571934707378","article_modified_time":"2025-09-25T12:41:36+00:00","og_image":[{"width":1122,"height":1122,"url":"https:\/\/elipharmgroup.com\/wp-content\/uploads\/2025\/03\/champ-de-soin-non-troue.jpg","type":"image\/jpeg"}],"twitter_card":"summary_large_image","twitter_misc":{"Dur\u00e9e de lecture estim\u00e9e":"1 minute"},"schema":{"@context":"https:\/\/schema.org","@graph":[{"@type":"WebPage","@id":"https:\/\/elipharmgroup.com\/?product=champ-de-soin-non-troue-dim-75-x-90-cm","url":"https:\/\/elipharmgroup.com\/?product=champ-de-soin-non-troue-dim-75-x-90-cm","name":"CHAMP DE SOIN NON TROUE 75 x 90 cm - EliPharm Group","isPartOf":{"@id":"https:\/\/elipharmgroup.com\/#website"},"primaryImageOfPage":{"@id":"https:\/\/elipharmgroup.com\/?product=champ-de-soin-non-troue-dim-75-x-90-cm#primaryimage"},"image":{"@id":"https:\/\/elipharmgroup.com\/?product=champ-de-soin-non-troue-dim-75-x-90-cm#primaryimage"},"thumbnailUrl":"https:\/\/elipharmgroup.com\/wp-content\/uploads\/2025\/03\/champ-de-soin-non-troue.jpg","datePublished":"2025-03-09T14:30:29+00:00","dateModified":"2025-09-25T12:41:36+00:00","breadcrumb":{"@id":"https:\/\/elipharmgroup.com\/?product=champ-de-soin-non-troue-dim-75-x-90-cm#breadcrumb"},"inLanguage":"fr-FR","potentialAction":[{"@type":"ReadAction","target":["https:\/\/elipharmgroup.com\/?product=champ-de-soin-non-troue-dim-75-x-90-cm"]}]},{"@type":"ImageObject","inLanguage":"fr-FR","@id":"https:\/\/elipharmgroup.com\/?product=champ-de-soin-non-troue-dim-75-x-90-cm#primaryimage","url":"https:\/\/elipharmgroup.com\/wp-content\/uploads\/2025\/03\/champ-de-soin-non-troue.jpg","contentUrl":"https:\/\/elipharmgroup.com\/wp-content\/uploads\/2025\/03\/champ-de-soin-non-troue.jpg","width":1122,"height":1122},{"@type":"BreadcrumbList","@id":"https:\/\/elipharmgroup.com\/?product=champ-de-soin-non-troue-dim-75-x-90-cm#breadcrumb","itemListElement":[{"@type":"ListItem","position":1,"name":"Accueil","item":"https:\/\/elipharmgroup.com\/"},{"@type":"ListItem","position":2,"name":"Boutique","item":"https:\/\/elipharmgroup.com\/?page_id=51"},{"@type":"ListItem","position":3,"name":"Soins et pansements","item":"https:\/\/elipharmgroup.com\/?product_cat=soins-et-pansements"},{"@type":"ListItem","position":4,"name":"Suture","item":"https:\/\/elipharmgroup.com\/?product_cat=suture"},{"@type":"ListItem","position":5,"name":"CHAMP DE SOIN NON TROUE 75 x 90 cm"}]},{"@type":"WebSite","@id":"https:\/\/elipharmgroup.com\/#website","url":"https:\/\/elipharmgroup.com\/","name":"EliPharm Group","description":"Entreprise pharmaceutique","publisher":{"@id":"https:\/\/elipharmgroup.com\/#organization"},"potentialAction":[{"@type":"SearchAction","target":{"@type":"EntryPoint","urlTemplate":"https:\/\/elipharmgroup.com\/?s={search_term_string}"},"query-input":{"@type":"PropertyValueSpecification","valueRequired":true,"valueName":"search_term_string"}}],"inLanguage":"fr-FR"},{"@type":"Organization","@id":"https:\/\/elipharmgroup.com\/#organization","name":"EliPharm Group","url":"https:\/\/elipharmgroup.com\/","logo":{"@type":"ImageObject","inLanguage":"fr-FR","@id":"https:\/\/elipharmgroup.com\/#\/schema\/logo\/image\/","url":"https:\/\/elipharmgroup.com\/wp-content\/uploads\/2025\/02\/cropped-Logo-Elipharm-group-2.png","contentUrl":"https:\/\/elipharmgroup.com\/wp-content\/uploads\/2025\/02\/cropped-Logo-Elipharm-group-2.png","width":652,"height":467,"caption":"EliPharm Group"},"image":{"@id":"https:\/\/elipharmgroup.com\/#\/schema\/logo\/image\/"},"sameAs":["https:\/\/www.facebook.com\/profile.php?id=61571934707378","https:\/\/www.instagram.com\/elipharmgroup\/","https:\/\/www.youtube.com\/@ElipharmGroup"]}]}},"_links":{"self":[{"href":"https:\/\/elipharmgroup.com\/index.php?rest_route=\/wp\/v2\/product\/301","targetHints":{"allow":["GET"]}}],"collection":[{"href":"https:\/\/elipharmgroup.com\/index.php?rest_route=\/wp\/v2\/product"}],"about":[{"href":"https:\/\/elipharmgroup.com\/index.php?rest_route=\/wp\/v2\/types\/product"}],"replies":[{"embeddable":true,"href":"https:\/\/elipharmgroup.com\/index.php?rest_route=%2Fwp%2Fv2%2Fcomments&post=301"}],"wp:featuredmedia":[{"embeddable":true,"href":"https:\/\/elipharmgroup.com\/index.php?rest_route=\/wp\/v2\/media\/500"}],"wp:attachment":[{"href":"https:\/\/elipharmgroup.com\/index.php?rest_route=%2Fwp%2Fv2%2Fmedia&parent=301"}],"wp:term":[{"taxonomy":"product_brand","embeddable":true,"href":"https:\/\/elipharmgroup.com\/index.php?rest_route=%2Fwp%2Fv2%2Fproduct_brand&post=301"},{"taxonomy":"product_cat","embeddable":true,"href":"https:\/\/elipharmgroup.com\/index.php?rest_route=%2Fwp%2Fv2%2Fproduct_cat&post=301"},{"taxonomy":"product_tag","embeddable":true,"href":"https:\/\/elipharmgroup.com\/index.php?rest_route=%2Fwp%2Fv2%2Fproduct_tag&post=301"}],"curies":[{"name":"wp","href":"https:\/\/api.w.org\/{rel}","templated":true}]}}