{"id":286,"date":"2025-03-09T14:30:15","date_gmt":"2025-03-09T14:30:15","guid":{"rendered":"https:\/\/elipharmgroup.com\/?product=doigtier"},"modified":"2025-04-16T16:17:11","modified_gmt":"2025-04-16T16:17:11","slug":"doigtier","status":"publish","type":"product","link":"https:\/\/elipharmgroup.com\/?product=doigtier","title":{"rendered":"Doigtiers poly\u00e9thyl\u00e8ne 2 doigts non st\u00e9riles"},"content":{"rendered":"<h2><strong>Pour une protection\u00a0confortable et r\u00e9sistante.<\/strong><\/h2>\n<p>Doigtiers poly\u00e9thyl\u00e8ne 2 doigts, non st\u00e9riles.<\/p>\n<p>&#8211; R\u00e9sistant<br \/>\n&#8211; Confortable<br \/>\n&#8211; Souple<\/p>\n<p>Poly\u00e9thyl\u00e8ne blanc opaque.<br \/>\nSachet de 100 doigtiers.<\/p>\n<p>Protection des\u00a0mains en examen gyn\u00e9cologiques et proctologiques.<\/p>\n<p>Mat\u00e9riel m\u00e9dical CE<\/p>\n","protected":false},"excerpt":{"rendered":"<h2><strong>Pour une protection\u00a0confortable et r\u00e9sistante.<\/strong><\/h2>\n<p>Doigtiers poly\u00e9thyl\u00e8ne 2 doigts, non st\u00e9riles.<\/p>\n<p>&#8211; R\u00e9sistant<br \/>\n&#8211; Confortable<br \/>\n&#8211; Souple<\/p>\n<p>Poly\u00e9thyl\u00e8ne blanc opaque.<br \/>\nSachet de 100 doigtiers.<\/p>\n<p>Protection des\u00a0mains en examen gyn\u00e9cologiques et proctologiques.<\/p>\n<p>Mat\u00e9riel m\u00e9dical CE<\/p>\n","protected":false},"featured_media":428,"comment_status":"open","ping_status":"closed","template":"","meta":[],"product_brand":[46],"product_cat":[102,101],"product_tag":[],"class_list":{"0":"post-286","1":"product","2":"type-product","3":"status-publish","4":"has-post-thumbnail","6":"product_brand-lch","7":"product_cat-gants-et-doigtier","8":"product_cat-hygiene","10":"first","11":"onbackorder","12":"taxable","13":"shipping-taxable","14":"purchasable","15":"product-type-simple"},"yoast_head":"<!-- This site is optimized with the Yoast SEO plugin v27.3 - https:\/\/yoast.com\/product\/yoast-seo-wordpress\/ -->\n<title>Doigtiers poly\u00e9thyl\u00e8ne 2 doigts non st\u00e9riles - EliPharm Group<\/title>\n<meta name=\"robots\" content=\"index, follow, max-snippet:-1, max-image-preview:large, max-video-preview:-1\" \/>\n<link rel=\"canonical\" href=\"https:\/\/elipharmgroup.com\/?product=doigtier\" \/>\n<meta property=\"og:locale\" content=\"fr_FR\" \/>\n<meta property=\"og:type\" content=\"article\" \/>\n<meta property=\"og:title\" content=\"Doigtiers poly\u00e9thyl\u00e8ne 2 doigts non st\u00e9riles - EliPharm Group\" \/>\n<meta property=\"og:description\" content=\"Pour une protection\u00a0confortable et r\u00e9sistante. Doigtiers poly\u00e9thyl\u00e8ne 2 doigts, non st\u00e9riles.  - R\u00e9sistant - Confortable - Souple  Poly\u00e9thyl\u00e8ne blanc opaque. Sachet de 100 doigtiers.  Protection des\u00a0mains en examen gyn\u00e9cologiques et proctologiques.  Mat\u00e9riel m\u00e9dical CE\" \/>\n<meta property=\"og:url\" content=\"https:\/\/elipharmgroup.com\/?product=doigtier\" \/>\n<meta property=\"og:site_name\" content=\"EliPharm Group\" \/>\n<meta property=\"article:publisher\" content=\"https:\/\/www.facebook.com\/profile.php?id=61571934707378\" \/>\n<meta property=\"article:modified_time\" content=\"2025-04-16T16:17:11+00:00\" \/>\n<meta property=\"og:image\" content=\"https:\/\/elipharmgroup.com\/wp-content\/uploads\/2025\/03\/7-2.jpg\" \/>\n\t<meta property=\"og:image:width\" content=\"1181\" \/>\n\t<meta property=\"og:image:height\" content=\"1181\" \/>\n\t<meta property=\"og:image:type\" content=\"image\/jpeg\" \/>\n<meta name=\"twitter:card\" content=\"summary_large_image\" \/>\n<script type=\"application\/ld+json\" class=\"yoast-schema-graph\">{\"@context\":\"https:\\\/\\\/schema.org\",\"@graph\":[{\"@type\":\"WebPage\",\"@id\":\"https:\\\/\\\/elipharmgroup.com\\\/?product=doigtier\",\"url\":\"https:\\\/\\\/elipharmgroup.com\\\/?product=doigtier\",\"name\":\"Doigtiers poly\u00e9thyl\u00e8ne 2 doigts non st\u00e9riles - EliPharm Group\",\"isPartOf\":{\"@id\":\"https:\\\/\\\/elipharmgroup.com\\\/#website\"},\"primaryImageOfPage\":{\"@id\":\"https:\\\/\\\/elipharmgroup.com\\\/?product=doigtier#primaryimage\"},\"image\":{\"@id\":\"https:\\\/\\\/elipharmgroup.com\\\/?product=doigtier#primaryimage\"},\"thumbnailUrl\":\"https:\\\/\\\/elipharmgroup.com\\\/wp-content\\\/uploads\\\/2025\\\/03\\\/7-2.jpg\",\"datePublished\":\"2025-03-09T14:30:15+00:00\",\"dateModified\":\"2025-04-16T16:17:11+00:00\",\"breadcrumb\":{\"@id\":\"https:\\\/\\\/elipharmgroup.com\\\/?product=doigtier#breadcrumb\"},\"inLanguage\":\"fr-FR\",\"potentialAction\":[{\"@type\":\"ReadAction\",\"target\":[\"https:\\\/\\\/elipharmgroup.com\\\/?product=doigtier\"]}]},{\"@type\":\"ImageObject\",\"inLanguage\":\"fr-FR\",\"@id\":\"https:\\\/\\\/elipharmgroup.com\\\/?product=doigtier#primaryimage\",\"url\":\"https:\\\/\\\/elipharmgroup.com\\\/wp-content\\\/uploads\\\/2025\\\/03\\\/7-2.jpg\",\"contentUrl\":\"https:\\\/\\\/elipharmgroup.com\\\/wp-content\\\/uploads\\\/2025\\\/03\\\/7-2.jpg\",\"width\":1181,\"height\":1181},{\"@type\":\"BreadcrumbList\",\"@id\":\"https:\\\/\\\/elipharmgroup.com\\\/?product=doigtier#breadcrumb\",\"itemListElement\":[{\"@type\":\"ListItem\",\"position\":1,\"name\":\"Accueil\",\"item\":\"https:\\\/\\\/elipharmgroup.com\\\/\"},{\"@type\":\"ListItem\",\"position\":2,\"name\":\"Boutique\",\"item\":\"https:\\\/\\\/elipharmgroup.com\\\/?page_id=51\"},{\"@type\":\"ListItem\",\"position\":3,\"name\":\"Hygi\u00e8ne\",\"item\":\"https:\\\/\\\/elipharmgroup.com\\\/?product_cat=hygiene\"},{\"@type\":\"ListItem\",\"position\":4,\"name\":\"Gants et Doigtier\",\"item\":\"https:\\\/\\\/elipharmgroup.com\\\/?product_cat=gants-et-doigtier\"},{\"@type\":\"ListItem\",\"position\":5,\"name\":\"Doigtiers poly\u00e9thyl\u00e8ne 2 doigts non st\u00e9riles\"}]},{\"@type\":\"WebSite\",\"@id\":\"https:\\\/\\\/elipharmgroup.com\\\/#website\",\"url\":\"https:\\\/\\\/elipharmgroup.com\\\/\",\"name\":\"EliPharm Group\",\"description\":\"Entreprise pharmaceutique\",\"publisher\":{\"@id\":\"https:\\\/\\\/elipharmgroup.com\\\/#organization\"},\"potentialAction\":[{\"@type\":\"SearchAction\",\"target\":{\"@type\":\"EntryPoint\",\"urlTemplate\":\"https:\\\/\\\/elipharmgroup.com\\\/?s={search_term_string}\"},\"query-input\":{\"@type\":\"PropertyValueSpecification\",\"valueRequired\":true,\"valueName\":\"search_term_string\"}}],\"inLanguage\":\"fr-FR\"},{\"@type\":\"Organization\",\"@id\":\"https:\\\/\\\/elipharmgroup.com\\\/#organization\",\"name\":\"EliPharm Group\",\"url\":\"https:\\\/\\\/elipharmgroup.com\\\/\",\"logo\":{\"@type\":\"ImageObject\",\"inLanguage\":\"fr-FR\",\"@id\":\"https:\\\/\\\/elipharmgroup.com\\\/#\\\/schema\\\/logo\\\/image\\\/\",\"url\":\"https:\\\/\\\/elipharmgroup.com\\\/wp-content\\\/uploads\\\/2025\\\/02\\\/cropped-Logo-Elipharm-group-2.png\",\"contentUrl\":\"https:\\\/\\\/elipharmgroup.com\\\/wp-content\\\/uploads\\\/2025\\\/02\\\/cropped-Logo-Elipharm-group-2.png\",\"width\":652,\"height\":467,\"caption\":\"EliPharm Group\"},\"image\":{\"@id\":\"https:\\\/\\\/elipharmgroup.com\\\/#\\\/schema\\\/logo\\\/image\\\/\"},\"sameAs\":[\"https:\\\/\\\/www.facebook.com\\\/profile.php?id=61571934707378\",\"https:\\\/\\\/www.instagram.com\\\/elipharmgroup\\\/\",\"https:\\\/\\\/www.youtube.com\\\/@ElipharmGroup\"]}]}<\/script>\n<!-- \/ Yoast SEO plugin. -->","yoast_head_json":{"title":"Doigtiers poly\u00e9thyl\u00e8ne 2 doigts non st\u00e9riles - EliPharm Group","robots":{"index":"index","follow":"follow","max-snippet":"max-snippet:-1","max-image-preview":"max-image-preview:large","max-video-preview":"max-video-preview:-1"},"canonical":"https:\/\/elipharmgroup.com\/?product=doigtier","og_locale":"fr_FR","og_type":"article","og_title":"Doigtiers poly\u00e9thyl\u00e8ne 2 doigts non st\u00e9riles - EliPharm Group","og_description":"Pour une protection\u00a0confortable et r\u00e9sistante. Doigtiers poly\u00e9thyl\u00e8ne 2 doigts, non st\u00e9riles.  - R\u00e9sistant - Confortable - Souple  Poly\u00e9thyl\u00e8ne blanc opaque. Sachet de 100 doigtiers.  Protection des\u00a0mains en examen gyn\u00e9cologiques et proctologiques.  Mat\u00e9riel m\u00e9dical CE","og_url":"https:\/\/elipharmgroup.com\/?product=doigtier","og_site_name":"EliPharm Group","article_publisher":"https:\/\/www.facebook.com\/profile.php?id=61571934707378","article_modified_time":"2025-04-16T16:17:11+00:00","og_image":[{"width":1181,"height":1181,"url":"https:\/\/elipharmgroup.com\/wp-content\/uploads\/2025\/03\/7-2.jpg","type":"image\/jpeg"}],"twitter_card":"summary_large_image","schema":{"@context":"https:\/\/schema.org","@graph":[{"@type":"WebPage","@id":"https:\/\/elipharmgroup.com\/?product=doigtier","url":"https:\/\/elipharmgroup.com\/?product=doigtier","name":"Doigtiers poly\u00e9thyl\u00e8ne 2 doigts non st\u00e9riles - EliPharm Group","isPartOf":{"@id":"https:\/\/elipharmgroup.com\/#website"},"primaryImageOfPage":{"@id":"https:\/\/elipharmgroup.com\/?product=doigtier#primaryimage"},"image":{"@id":"https:\/\/elipharmgroup.com\/?product=doigtier#primaryimage"},"thumbnailUrl":"https:\/\/elipharmgroup.com\/wp-content\/uploads\/2025\/03\/7-2.jpg","datePublished":"2025-03-09T14:30:15+00:00","dateModified":"2025-04-16T16:17:11+00:00","breadcrumb":{"@id":"https:\/\/elipharmgroup.com\/?product=doigtier#breadcrumb"},"inLanguage":"fr-FR","potentialAction":[{"@type":"ReadAction","target":["https:\/\/elipharmgroup.com\/?product=doigtier"]}]},{"@type":"ImageObject","inLanguage":"fr-FR","@id":"https:\/\/elipharmgroup.com\/?product=doigtier#primaryimage","url":"https:\/\/elipharmgroup.com\/wp-content\/uploads\/2025\/03\/7-2.jpg","contentUrl":"https:\/\/elipharmgroup.com\/wp-content\/uploads\/2025\/03\/7-2.jpg","width":1181,"height":1181},{"@type":"BreadcrumbList","@id":"https:\/\/elipharmgroup.com\/?product=doigtier#breadcrumb","itemListElement":[{"@type":"ListItem","position":1,"name":"Accueil","item":"https:\/\/elipharmgroup.com\/"},{"@type":"ListItem","position":2,"name":"Boutique","item":"https:\/\/elipharmgroup.com\/?page_id=51"},{"@type":"ListItem","position":3,"name":"Hygi\u00e8ne","item":"https:\/\/elipharmgroup.com\/?product_cat=hygiene"},{"@type":"ListItem","position":4,"name":"Gants et Doigtier","item":"https:\/\/elipharmgroup.com\/?product_cat=gants-et-doigtier"},{"@type":"ListItem","position":5,"name":"Doigtiers poly\u00e9thyl\u00e8ne 2 doigts non st\u00e9riles"}]},{"@type":"WebSite","@id":"https:\/\/elipharmgroup.com\/#website","url":"https:\/\/elipharmgroup.com\/","name":"EliPharm Group","description":"Entreprise pharmaceutique","publisher":{"@id":"https:\/\/elipharmgroup.com\/#organization"},"potentialAction":[{"@type":"SearchAction","target":{"@type":"EntryPoint","urlTemplate":"https:\/\/elipharmgroup.com\/?s={search_term_string}"},"query-input":{"@type":"PropertyValueSpecification","valueRequired":true,"valueName":"search_term_string"}}],"inLanguage":"fr-FR"},{"@type":"Organization","@id":"https:\/\/elipharmgroup.com\/#organization","name":"EliPharm Group","url":"https:\/\/elipharmgroup.com\/","logo":{"@type":"ImageObject","inLanguage":"fr-FR","@id":"https:\/\/elipharmgroup.com\/#\/schema\/logo\/image\/","url":"https:\/\/elipharmgroup.com\/wp-content\/uploads\/2025\/02\/cropped-Logo-Elipharm-group-2.png","contentUrl":"https:\/\/elipharmgroup.com\/wp-content\/uploads\/2025\/02\/cropped-Logo-Elipharm-group-2.png","width":652,"height":467,"caption":"EliPharm Group"},"image":{"@id":"https:\/\/elipharmgroup.com\/#\/schema\/logo\/image\/"},"sameAs":["https:\/\/www.facebook.com\/profile.php?id=61571934707378","https:\/\/www.instagram.com\/elipharmgroup\/","https:\/\/www.youtube.com\/@ElipharmGroup"]}]}},"_links":{"self":[{"href":"https:\/\/elipharmgroup.com\/index.php?rest_route=\/wp\/v2\/product\/286","targetHints":{"allow":["GET"]}}],"collection":[{"href":"https:\/\/elipharmgroup.com\/index.php?rest_route=\/wp\/v2\/product"}],"about":[{"href":"https:\/\/elipharmgroup.com\/index.php?rest_route=\/wp\/v2\/types\/product"}],"replies":[{"embeddable":true,"href":"https:\/\/elipharmgroup.com\/index.php?rest_route=%2Fwp%2Fv2%2Fcomments&post=286"}],"wp:featuredmedia":[{"embeddable":true,"href":"https:\/\/elipharmgroup.com\/index.php?rest_route=\/wp\/v2\/media\/428"}],"wp:attachment":[{"href":"https:\/\/elipharmgroup.com\/index.php?rest_route=%2Fwp%2Fv2%2Fmedia&parent=286"}],"wp:term":[{"taxonomy":"product_brand","embeddable":true,"href":"https:\/\/elipharmgroup.com\/index.php?rest_route=%2Fwp%2Fv2%2Fproduct_brand&post=286"},{"taxonomy":"product_cat","embeddable":true,"href":"https:\/\/elipharmgroup.com\/index.php?rest_route=%2Fwp%2Fv2%2Fproduct_cat&post=286"},{"taxonomy":"product_tag","embeddable":true,"href":"https:\/\/elipharmgroup.com\/index.php?rest_route=%2Fwp%2Fv2%2Fproduct_tag&post=286"}],"curies":[{"name":"wp","href":"https:\/\/api.w.org\/{rel}","templated":true}]}}