{"id":265,"date":"2025-03-08T19:42:54","date_gmt":"2025-03-08T19:42:54","guid":{"rendered":"https:\/\/elipharmgroup.com\/?product=patch-chauffant-adhesif-12h10120"},"modified":"2025-10-13T13:53:00","modified_gmt":"2025-10-13T13:53:00","slug":"patch-chauffant-adhesif-12h","status":"publish","type":"product","link":"https:\/\/elipharmgroup.com\/?product=patch-chauffant-adhesif-12h","title":{"rendered":"PATCH CHAUFFANT ADHESIF 12H"},"content":{"rendered":"<p>Le patch chauffant se colle sur la peau sous vos v\u00eatements. Le r\u00e9chauffement du patch est provoqu\u00e9 par l&rsquo;oxydation du fer contenu \u00e0 l&rsquo;int\u00e9rieur au contact de l&rsquo;air. Cette chaleur th\u00e9rapeutique aide les muscles \u00e0 se d\u00e9contracter et favorise l&rsquo;augmentation de la circulation sanguine.<\/p>\n<p>Mince et tr\u00e8s discret, le patch chauffant va vous procurer une chaleur douce et agr\u00e9able pendant 8 heures et plus.\u00a0 Il est con\u00e7u pour chauffer graduellement et atteindre sa<br \/>\ntemp\u00e9rature moyenne d&rsquo;environ 55\u00b0 C.<\/p>\n<p>Conseils d&rsquo;utilisation<\/p>\n<ul>\n<li>Positionnez votre patch sur un sous-v\u00eatement.<\/li>\n<li>Ne pas coller directement sur la peau.<\/li>\n<\/ul>\n<p><strong>Caract\u00e9ristiques techniques<\/strong><\/p>\n<ul>\n<li><em>Chaleur douce et confortable<\/em><\/li>\n<li><em>Dur\u00e9e d&rsquo;utilisation de 8 heures et plus<\/em><\/li>\n<li><em>Usage unique<\/em><\/li>\n<li><em>Dimensions : 13 x 9 cm<\/em><\/li>\n<\/ul>\n<p><strong>Conditionnement<\/strong><\/p>\n<ul>\n<li><em>Lot de 2 patchs chauffants adh\u00e9sifs<\/em><\/li>\n<\/ul>\n","protected":false},"excerpt":{"rendered":"<p><strong>Caract\u00e9ristiques techniques<\/strong><\/p>\n<ul>\n<li><em>Chaleur douce et confortable<\/em><\/li>\n<li><em>Dur\u00e9e d&rsquo;utilisation de 8 heures et plus<\/em><\/li>\n<li><em>Usage unique<\/em><\/li>\n<li><em>Dimensions 13&#215;9 cm<\/em><\/li>\n<\/ul>\n","protected":false},"featured_media":369,"comment_status":"open","ping_status":"closed","template":"","meta":[],"product_brand":[27],"product_cat":[110,112],"product_tag":[28,127],"class_list":{"0":"post-265","1":"product","2":"type-product","3":"status-publish","4":"has-post-thumbnail","6":"product_brand-novolife","7":"product_cat-kine-et-reeducation","8":"product_cat-reeducation","9":"product_tag-orthopedie","10":"product_tag-patch-chauffant","12":"first","13":"instock","14":"featured","15":"taxable","16":"shipping-taxable","17":"purchasable","18":"product-type-simple"},"yoast_head":"<!-- This site is optimized with the Yoast SEO plugin v27.3 - https:\/\/yoast.com\/product\/yoast-seo-wordpress\/ -->\n<title>PATCH CHAUFFANT ADHESIF 12H - EliPharm Group<\/title>\n<meta name=\"robots\" content=\"index, follow, max-snippet:-1, max-image-preview:large, max-video-preview:-1\" \/>\n<link rel=\"canonical\" href=\"https:\/\/elipharmgroup.com\/?product=patch-chauffant-adhesif-12h\" \/>\n<meta property=\"og:locale\" content=\"fr_FR\" \/>\n<meta property=\"og:type\" content=\"article\" \/>\n<meta property=\"og:title\" content=\"PATCH CHAUFFANT ADHESIF 12H - EliPharm Group\" \/>\n<meta property=\"og:description\" content=\"Caract\u00e9ristiques techniques   Chaleur douce et confortable  Dur\u00e9e d&#039;utilisation de 8 heures et plus  Usage unique  Dimensions 13x9 cm\" \/>\n<meta property=\"og:url\" content=\"https:\/\/elipharmgroup.com\/?product=patch-chauffant-adhesif-12h\" \/>\n<meta property=\"og:site_name\" content=\"EliPharm Group\" \/>\n<meta property=\"article:publisher\" content=\"https:\/\/www.facebook.com\/profile.php?id=61571934707378\" \/>\n<meta property=\"article:modified_time\" content=\"2025-10-13T13:53:00+00:00\" \/>\n<meta property=\"og:image\" content=\"https:\/\/elipharmgroup.com\/wp-content\/uploads\/2025\/03\/Patch-chauffant-adhesif.jpg\" \/>\n\t<meta property=\"og:image:width\" content=\"1568\" \/>\n\t<meta property=\"og:image:height\" content=\"1568\" \/>\n\t<meta property=\"og:image:type\" content=\"image\/jpeg\" \/>\n<meta name=\"twitter:card\" content=\"summary_large_image\" \/>\n<meta name=\"twitter:label1\" content=\"Dur\u00e9e de lecture estim\u00e9e\" \/>\n\t<meta name=\"twitter:data1\" content=\"1 minute\" \/>\n<script type=\"application\/ld+json\" class=\"yoast-schema-graph\">{\"@context\":\"https:\\\/\\\/schema.org\",\"@graph\":[{\"@type\":\"WebPage\",\"@id\":\"https:\\\/\\\/elipharmgroup.com\\\/?product=patch-chauffant-adhesif-12h\",\"url\":\"https:\\\/\\\/elipharmgroup.com\\\/?product=patch-chauffant-adhesif-12h\",\"name\":\"PATCH CHAUFFANT ADHESIF 12H - EliPharm Group\",\"isPartOf\":{\"@id\":\"https:\\\/\\\/elipharmgroup.com\\\/#website\"},\"primaryImageOfPage\":{\"@id\":\"https:\\\/\\\/elipharmgroup.com\\\/?product=patch-chauffant-adhesif-12h#primaryimage\"},\"image\":{\"@id\":\"https:\\\/\\\/elipharmgroup.com\\\/?product=patch-chauffant-adhesif-12h#primaryimage\"},\"thumbnailUrl\":\"https:\\\/\\\/elipharmgroup.com\\\/wp-content\\\/uploads\\\/2025\\\/03\\\/Patch-chauffant-adhesif.jpg\",\"datePublished\":\"2025-03-08T19:42:54+00:00\",\"dateModified\":\"2025-10-13T13:53:00+00:00\",\"breadcrumb\":{\"@id\":\"https:\\\/\\\/elipharmgroup.com\\\/?product=patch-chauffant-adhesif-12h#breadcrumb\"},\"inLanguage\":\"fr-FR\",\"potentialAction\":[{\"@type\":\"ReadAction\",\"target\":[\"https:\\\/\\\/elipharmgroup.com\\\/?product=patch-chauffant-adhesif-12h\"]}]},{\"@type\":\"ImageObject\",\"inLanguage\":\"fr-FR\",\"@id\":\"https:\\\/\\\/elipharmgroup.com\\\/?product=patch-chauffant-adhesif-12h#primaryimage\",\"url\":\"https:\\\/\\\/elipharmgroup.com\\\/wp-content\\\/uploads\\\/2025\\\/03\\\/Patch-chauffant-adhesif.jpg\",\"contentUrl\":\"https:\\\/\\\/elipharmgroup.com\\\/wp-content\\\/uploads\\\/2025\\\/03\\\/Patch-chauffant-adhesif.jpg\",\"width\":1568,\"height\":1568},{\"@type\":\"BreadcrumbList\",\"@id\":\"https:\\\/\\\/elipharmgroup.com\\\/?product=patch-chauffant-adhesif-12h#breadcrumb\",\"itemListElement\":[{\"@type\":\"ListItem\",\"position\":1,\"name\":\"Accueil\",\"item\":\"https:\\\/\\\/elipharmgroup.com\\\/\"},{\"@type\":\"ListItem\",\"position\":2,\"name\":\"Boutique\",\"item\":\"https:\\\/\\\/elipharmgroup.com\\\/?page_id=51\"},{\"@type\":\"ListItem\",\"position\":3,\"name\":\"Kin\u00e9 et R\u00e9\u00e9ducation\",\"item\":\"https:\\\/\\\/elipharmgroup.com\\\/?product_cat=kine-et-reeducation\"},{\"@type\":\"ListItem\",\"position\":4,\"name\":\"R\u00e9\u00e9ducation\",\"item\":\"https:\\\/\\\/elipharmgroup.com\\\/?product_cat=reeducation\"},{\"@type\":\"ListItem\",\"position\":5,\"name\":\"PATCH CHAUFFANT ADHESIF 12H\"}]},{\"@type\":\"WebSite\",\"@id\":\"https:\\\/\\\/elipharmgroup.com\\\/#website\",\"url\":\"https:\\\/\\\/elipharmgroup.com\\\/\",\"name\":\"EliPharm Group\",\"description\":\"Entreprise pharmaceutique\",\"publisher\":{\"@id\":\"https:\\\/\\\/elipharmgroup.com\\\/#organization\"},\"potentialAction\":[{\"@type\":\"SearchAction\",\"target\":{\"@type\":\"EntryPoint\",\"urlTemplate\":\"https:\\\/\\\/elipharmgroup.com\\\/?s={search_term_string}\"},\"query-input\":{\"@type\":\"PropertyValueSpecification\",\"valueRequired\":true,\"valueName\":\"search_term_string\"}}],\"inLanguage\":\"fr-FR\"},{\"@type\":\"Organization\",\"@id\":\"https:\\\/\\\/elipharmgroup.com\\\/#organization\",\"name\":\"EliPharm Group\",\"url\":\"https:\\\/\\\/elipharmgroup.com\\\/\",\"logo\":{\"@type\":\"ImageObject\",\"inLanguage\":\"fr-FR\",\"@id\":\"https:\\\/\\\/elipharmgroup.com\\\/#\\\/schema\\\/logo\\\/image\\\/\",\"url\":\"https:\\\/\\\/elipharmgroup.com\\\/wp-content\\\/uploads\\\/2025\\\/02\\\/cropped-Logo-Elipharm-group-2.png\",\"contentUrl\":\"https:\\\/\\\/elipharmgroup.com\\\/wp-content\\\/uploads\\\/2025\\\/02\\\/cropped-Logo-Elipharm-group-2.png\",\"width\":652,\"height\":467,\"caption\":\"EliPharm Group\"},\"image\":{\"@id\":\"https:\\\/\\\/elipharmgroup.com\\\/#\\\/schema\\\/logo\\\/image\\\/\"},\"sameAs\":[\"https:\\\/\\\/www.facebook.com\\\/profile.php?id=61571934707378\",\"https:\\\/\\\/www.instagram.com\\\/elipharmgroup\\\/\",\"https:\\\/\\\/www.youtube.com\\\/@ElipharmGroup\"]}]}<\/script>\n<!-- \/ Yoast SEO plugin. -->","yoast_head_json":{"title":"PATCH CHAUFFANT ADHESIF 12H - EliPharm Group","robots":{"index":"index","follow":"follow","max-snippet":"max-snippet:-1","max-image-preview":"max-image-preview:large","max-video-preview":"max-video-preview:-1"},"canonical":"https:\/\/elipharmgroup.com\/?product=patch-chauffant-adhesif-12h","og_locale":"fr_FR","og_type":"article","og_title":"PATCH CHAUFFANT ADHESIF 12H - EliPharm Group","og_description":"Caract\u00e9ristiques techniques   Chaleur douce et confortable  Dur\u00e9e d'utilisation de 8 heures et plus  Usage unique  Dimensions 13x9 cm","og_url":"https:\/\/elipharmgroup.com\/?product=patch-chauffant-adhesif-12h","og_site_name":"EliPharm Group","article_publisher":"https:\/\/www.facebook.com\/profile.php?id=61571934707378","article_modified_time":"2025-10-13T13:53:00+00:00","og_image":[{"width":1568,"height":1568,"url":"https:\/\/elipharmgroup.com\/wp-content\/uploads\/2025\/03\/Patch-chauffant-adhesif.jpg","type":"image\/jpeg"}],"twitter_card":"summary_large_image","twitter_misc":{"Dur\u00e9e de lecture estim\u00e9e":"1 minute"},"schema":{"@context":"https:\/\/schema.org","@graph":[{"@type":"WebPage","@id":"https:\/\/elipharmgroup.com\/?product=patch-chauffant-adhesif-12h","url":"https:\/\/elipharmgroup.com\/?product=patch-chauffant-adhesif-12h","name":"PATCH CHAUFFANT ADHESIF 12H - EliPharm Group","isPartOf":{"@id":"https:\/\/elipharmgroup.com\/#website"},"primaryImageOfPage":{"@id":"https:\/\/elipharmgroup.com\/?product=patch-chauffant-adhesif-12h#primaryimage"},"image":{"@id":"https:\/\/elipharmgroup.com\/?product=patch-chauffant-adhesif-12h#primaryimage"},"thumbnailUrl":"https:\/\/elipharmgroup.com\/wp-content\/uploads\/2025\/03\/Patch-chauffant-adhesif.jpg","datePublished":"2025-03-08T19:42:54+00:00","dateModified":"2025-10-13T13:53:00+00:00","breadcrumb":{"@id":"https:\/\/elipharmgroup.com\/?product=patch-chauffant-adhesif-12h#breadcrumb"},"inLanguage":"fr-FR","potentialAction":[{"@type":"ReadAction","target":["https:\/\/elipharmgroup.com\/?product=patch-chauffant-adhesif-12h"]}]},{"@type":"ImageObject","inLanguage":"fr-FR","@id":"https:\/\/elipharmgroup.com\/?product=patch-chauffant-adhesif-12h#primaryimage","url":"https:\/\/elipharmgroup.com\/wp-content\/uploads\/2025\/03\/Patch-chauffant-adhesif.jpg","contentUrl":"https:\/\/elipharmgroup.com\/wp-content\/uploads\/2025\/03\/Patch-chauffant-adhesif.jpg","width":1568,"height":1568},{"@type":"BreadcrumbList","@id":"https:\/\/elipharmgroup.com\/?product=patch-chauffant-adhesif-12h#breadcrumb","itemListElement":[{"@type":"ListItem","position":1,"name":"Accueil","item":"https:\/\/elipharmgroup.com\/"},{"@type":"ListItem","position":2,"name":"Boutique","item":"https:\/\/elipharmgroup.com\/?page_id=51"},{"@type":"ListItem","position":3,"name":"Kin\u00e9 et R\u00e9\u00e9ducation","item":"https:\/\/elipharmgroup.com\/?product_cat=kine-et-reeducation"},{"@type":"ListItem","position":4,"name":"R\u00e9\u00e9ducation","item":"https:\/\/elipharmgroup.com\/?product_cat=reeducation"},{"@type":"ListItem","position":5,"name":"PATCH CHAUFFANT ADHESIF 12H"}]},{"@type":"WebSite","@id":"https:\/\/elipharmgroup.com\/#website","url":"https:\/\/elipharmgroup.com\/","name":"EliPharm Group","description":"Entreprise pharmaceutique","publisher":{"@id":"https:\/\/elipharmgroup.com\/#organization"},"potentialAction":[{"@type":"SearchAction","target":{"@type":"EntryPoint","urlTemplate":"https:\/\/elipharmgroup.com\/?s={search_term_string}"},"query-input":{"@type":"PropertyValueSpecification","valueRequired":true,"valueName":"search_term_string"}}],"inLanguage":"fr-FR"},{"@type":"Organization","@id":"https:\/\/elipharmgroup.com\/#organization","name":"EliPharm Group","url":"https:\/\/elipharmgroup.com\/","logo":{"@type":"ImageObject","inLanguage":"fr-FR","@id":"https:\/\/elipharmgroup.com\/#\/schema\/logo\/image\/","url":"https:\/\/elipharmgroup.com\/wp-content\/uploads\/2025\/02\/cropped-Logo-Elipharm-group-2.png","contentUrl":"https:\/\/elipharmgroup.com\/wp-content\/uploads\/2025\/02\/cropped-Logo-Elipharm-group-2.png","width":652,"height":467,"caption":"EliPharm Group"},"image":{"@id":"https:\/\/elipharmgroup.com\/#\/schema\/logo\/image\/"},"sameAs":["https:\/\/www.facebook.com\/profile.php?id=61571934707378","https:\/\/www.instagram.com\/elipharmgroup\/","https:\/\/www.youtube.com\/@ElipharmGroup"]}]}},"_links":{"self":[{"href":"https:\/\/elipharmgroup.com\/index.php?rest_route=\/wp\/v2\/product\/265","targetHints":{"allow":["GET"]}}],"collection":[{"href":"https:\/\/elipharmgroup.com\/index.php?rest_route=\/wp\/v2\/product"}],"about":[{"href":"https:\/\/elipharmgroup.com\/index.php?rest_route=\/wp\/v2\/types\/product"}],"replies":[{"embeddable":true,"href":"https:\/\/elipharmgroup.com\/index.php?rest_route=%2Fwp%2Fv2%2Fcomments&post=265"}],"wp:featuredmedia":[{"embeddable":true,"href":"https:\/\/elipharmgroup.com\/index.php?rest_route=\/wp\/v2\/media\/369"}],"wp:attachment":[{"href":"https:\/\/elipharmgroup.com\/index.php?rest_route=%2Fwp%2Fv2%2Fmedia&parent=265"}],"wp:term":[{"taxonomy":"product_brand","embeddable":true,"href":"https:\/\/elipharmgroup.com\/index.php?rest_route=%2Fwp%2Fv2%2Fproduct_brand&post=265"},{"taxonomy":"product_cat","embeddable":true,"href":"https:\/\/elipharmgroup.com\/index.php?rest_route=%2Fwp%2Fv2%2Fproduct_cat&post=265"},{"taxonomy":"product_tag","embeddable":true,"href":"https:\/\/elipharmgroup.com\/index.php?rest_route=%2Fwp%2Fv2%2Fproduct_tag&post=265"}],"curies":[{"name":"wp","href":"https:\/\/api.w.org\/{rel}","templated":true}]}}