{"id":261,"date":"2025-03-08T19:42:52","date_gmt":"2025-03-08T19:42:52","guid":{"rendered":"https:\/\/elipharmgroup.com\/?product=compresse-chauffante-dispo-hot3280"},"modified":"2025-11-13T10:48:14","modified_gmt":"2025-11-13T10:48:14","slug":"compresse-chauffante-dispo-hot","status":"publish","type":"product","link":"https:\/\/elipharmgroup.com\/?product=compresse-chauffante-dispo-hot","title":{"rendered":"COMPRESSE CHAUFFANTE DISPO HOT"},"content":{"rendered":"<p><strong>La compresse qui se chauffe par simple pression.<\/strong><\/p>\n<p>Con\u00e7ue en textile non tiss\u00e9 imprim\u00e9, la poche de chaud \u00e0 usage unique peut \u00eatre utilis\u00e9e par tout le monde (professionnels de sant\u00e9 ou non) afin de soulager et calmer les douleurs musculaires en permettant une chaleur instantan\u00e9e (+50\u00b0C) apr\u00e8s l\u2019avoir positionn\u00e9e sur la zone douloureuse.<\/p>\n<p>Il est conseill\u00e9 d\u2019utiliser une housse de protection si la chaleur est excessive.<\/p>\n<p><strong>Utiliser la compresse chauffante.<br \/>\n<\/strong>La compresse chauffante \u00e0 usage unique permet de soulager efficacement la douleur par la thermoth\u00e9rapie.<br \/>\nApr\u00e8s pression et agitation, la compresse se r\u00e9chauffe. Elle atteint alors sa temp\u00e9rature maximale de 56\u00b0C et ne retrouve sa temp\u00e9rature normale qu&rsquo;apr\u00e8s 30 minutes.<\/p>\n<p><strong>Soulager par la <\/strong><strong>thermoth\u00e9rapie<\/strong><br \/>\nLa chaleur apaisante permet le traitement des douleurs rhumatismales, articulaires ou encore de soulager les tensions musculaires.<\/p>\n","protected":false},"excerpt":{"rendered":"<h3><em><strong>Caract\u00e9ristiques techniques :<\/strong><\/em><\/h3>\n<ul>\n<li>Dimensions : 14 x 18 cm<\/li>\n<li>S&rsquo;active par simple pression.<\/li>\n<li>Refroidi en 30 minutes.<\/li>\n<\/ul>\n<p><strong><em>\u00a0 \u00a0 \u00a0 DM classe IIa<\/em><\/strong><\/p>\n","protected":false},"featured_media":334,"comment_status":"open","ping_status":"closed","template":"","meta":[],"product_brand":[27],"product_cat":[113,100],"product_tag":[123,28],"class_list":{"0":"post-261","1":"product","2":"type-product","3":"status-publish","4":"has-post-thumbnail","6":"product_brand-novolife","7":"product_cat-compresses-sparadraps","8":"product_cat-soins-et-pansements","9":"product_tag-compresse-chauffante","10":"product_tag-orthopedie","12":"first","13":"instock","14":"featured","15":"taxable","16":"shipping-taxable","17":"purchasable","18":"product-type-simple"},"yoast_head":"<!-- This site is optimized with the Yoast SEO plugin v27.3 - https:\/\/yoast.com\/product\/yoast-seo-wordpress\/ -->\n<title>COMPRESSE CHAUFFANTE DISPO HOT - EliPharm Group<\/title>\n<meta name=\"robots\" content=\"index, follow, max-snippet:-1, max-image-preview:large, max-video-preview:-1\" \/>\n<link rel=\"canonical\" href=\"https:\/\/elipharmgroup.com\/?product=compresse-chauffante-dispo-hot\" \/>\n<meta property=\"og:locale\" content=\"fr_FR\" \/>\n<meta property=\"og:type\" content=\"article\" \/>\n<meta property=\"og:title\" content=\"COMPRESSE CHAUFFANTE DISPO HOT - EliPharm Group\" \/>\n<meta property=\"og:description\" content=\"Caract\u00e9ristiques techniques :   Dimensions : 14 x 18 cm  S&#039;active par simple pression.  Refroidi en 30 minutes.  \u00a0 \u00a0 \u00a0 DM classe IIa\" \/>\n<meta property=\"og:url\" content=\"https:\/\/elipharmgroup.com\/?product=compresse-chauffante-dispo-hot\" \/>\n<meta property=\"og:site_name\" content=\"EliPharm Group\" \/>\n<meta property=\"article:publisher\" content=\"https:\/\/www.facebook.com\/profile.php?id=61571934707378\" \/>\n<meta property=\"article:modified_time\" content=\"2025-11-13T10:48:14+00:00\" \/>\n<meta property=\"og:image\" content=\"https:\/\/elipharmgroup.com\/wp-content\/uploads\/2025\/03\/9-1.jpg\" \/>\n\t<meta property=\"og:image:width\" content=\"500\" \/>\n\t<meta property=\"og:image:height\" content=\"500\" \/>\n\t<meta property=\"og:image:type\" content=\"image\/jpeg\" \/>\n<meta name=\"twitter:card\" content=\"summary_large_image\" \/>\n<meta name=\"twitter:label1\" content=\"Dur\u00e9e de lecture estim\u00e9e\" \/>\n\t<meta name=\"twitter:data1\" content=\"1 minute\" \/>\n<script type=\"application\/ld+json\" class=\"yoast-schema-graph\">{\"@context\":\"https:\\\/\\\/schema.org\",\"@graph\":[{\"@type\":\"WebPage\",\"@id\":\"https:\\\/\\\/elipharmgroup.com\\\/?product=compresse-chauffante-dispo-hot\",\"url\":\"https:\\\/\\\/elipharmgroup.com\\\/?product=compresse-chauffante-dispo-hot\",\"name\":\"COMPRESSE CHAUFFANTE DISPO HOT - EliPharm Group\",\"isPartOf\":{\"@id\":\"https:\\\/\\\/elipharmgroup.com\\\/#website\"},\"primaryImageOfPage\":{\"@id\":\"https:\\\/\\\/elipharmgroup.com\\\/?product=compresse-chauffante-dispo-hot#primaryimage\"},\"image\":{\"@id\":\"https:\\\/\\\/elipharmgroup.com\\\/?product=compresse-chauffante-dispo-hot#primaryimage\"},\"thumbnailUrl\":\"https:\\\/\\\/elipharmgroup.com\\\/wp-content\\\/uploads\\\/2025\\\/03\\\/9-1.jpg\",\"datePublished\":\"2025-03-08T19:42:52+00:00\",\"dateModified\":\"2025-11-13T10:48:14+00:00\",\"breadcrumb\":{\"@id\":\"https:\\\/\\\/elipharmgroup.com\\\/?product=compresse-chauffante-dispo-hot#breadcrumb\"},\"inLanguage\":\"fr-FR\",\"potentialAction\":[{\"@type\":\"ReadAction\",\"target\":[\"https:\\\/\\\/elipharmgroup.com\\\/?product=compresse-chauffante-dispo-hot\"]}]},{\"@type\":\"ImageObject\",\"inLanguage\":\"fr-FR\",\"@id\":\"https:\\\/\\\/elipharmgroup.com\\\/?product=compresse-chauffante-dispo-hot#primaryimage\",\"url\":\"https:\\\/\\\/elipharmgroup.com\\\/wp-content\\\/uploads\\\/2025\\\/03\\\/9-1.jpg\",\"contentUrl\":\"https:\\\/\\\/elipharmgroup.com\\\/wp-content\\\/uploads\\\/2025\\\/03\\\/9-1.jpg\",\"width\":500,\"height\":500},{\"@type\":\"BreadcrumbList\",\"@id\":\"https:\\\/\\\/elipharmgroup.com\\\/?product=compresse-chauffante-dispo-hot#breadcrumb\",\"itemListElement\":[{\"@type\":\"ListItem\",\"position\":1,\"name\":\"Accueil\",\"item\":\"https:\\\/\\\/elipharmgroup.com\\\/\"},{\"@type\":\"ListItem\",\"position\":2,\"name\":\"Boutique\",\"item\":\"https:\\\/\\\/elipharmgroup.com\\\/?page_id=51\"},{\"@type\":\"ListItem\",\"position\":3,\"name\":\"Soins et pansements\",\"item\":\"https:\\\/\\\/elipharmgroup.com\\\/?product_cat=soins-et-pansements\"},{\"@type\":\"ListItem\",\"position\":4,\"name\":\"Compresses \\\/ Sparadraps\",\"item\":\"https:\\\/\\\/elipharmgroup.com\\\/?product_cat=compresses-sparadraps\"},{\"@type\":\"ListItem\",\"position\":5,\"name\":\"COMPRESSE CHAUFFANTE DISPO HOT\"}]},{\"@type\":\"WebSite\",\"@id\":\"https:\\\/\\\/elipharmgroup.com\\\/#website\",\"url\":\"https:\\\/\\\/elipharmgroup.com\\\/\",\"name\":\"EliPharm Group\",\"description\":\"Entreprise pharmaceutique\",\"publisher\":{\"@id\":\"https:\\\/\\\/elipharmgroup.com\\\/#organization\"},\"potentialAction\":[{\"@type\":\"SearchAction\",\"target\":{\"@type\":\"EntryPoint\",\"urlTemplate\":\"https:\\\/\\\/elipharmgroup.com\\\/?s={search_term_string}\"},\"query-input\":{\"@type\":\"PropertyValueSpecification\",\"valueRequired\":true,\"valueName\":\"search_term_string\"}}],\"inLanguage\":\"fr-FR\"},{\"@type\":\"Organization\",\"@id\":\"https:\\\/\\\/elipharmgroup.com\\\/#organization\",\"name\":\"EliPharm Group\",\"url\":\"https:\\\/\\\/elipharmgroup.com\\\/\",\"logo\":{\"@type\":\"ImageObject\",\"inLanguage\":\"fr-FR\",\"@id\":\"https:\\\/\\\/elipharmgroup.com\\\/#\\\/schema\\\/logo\\\/image\\\/\",\"url\":\"https:\\\/\\\/elipharmgroup.com\\\/wp-content\\\/uploads\\\/2025\\\/02\\\/cropped-Logo-Elipharm-group-2.png\",\"contentUrl\":\"https:\\\/\\\/elipharmgroup.com\\\/wp-content\\\/uploads\\\/2025\\\/02\\\/cropped-Logo-Elipharm-group-2.png\",\"width\":652,\"height\":467,\"caption\":\"EliPharm Group\"},\"image\":{\"@id\":\"https:\\\/\\\/elipharmgroup.com\\\/#\\\/schema\\\/logo\\\/image\\\/\"},\"sameAs\":[\"https:\\\/\\\/www.facebook.com\\\/profile.php?id=61571934707378\",\"https:\\\/\\\/www.instagram.com\\\/elipharmgroup\\\/\",\"https:\\\/\\\/www.youtube.com\\\/@ElipharmGroup\"]}]}<\/script>\n<!-- \/ Yoast SEO plugin. -->","yoast_head_json":{"title":"COMPRESSE CHAUFFANTE DISPO HOT - EliPharm Group","robots":{"index":"index","follow":"follow","max-snippet":"max-snippet:-1","max-image-preview":"max-image-preview:large","max-video-preview":"max-video-preview:-1"},"canonical":"https:\/\/elipharmgroup.com\/?product=compresse-chauffante-dispo-hot","og_locale":"fr_FR","og_type":"article","og_title":"COMPRESSE CHAUFFANTE DISPO HOT - EliPharm Group","og_description":"Caract\u00e9ristiques techniques :   Dimensions : 14 x 18 cm  S'active par simple pression.  Refroidi en 30 minutes.  \u00a0 \u00a0 \u00a0 DM classe IIa","og_url":"https:\/\/elipharmgroup.com\/?product=compresse-chauffante-dispo-hot","og_site_name":"EliPharm Group","article_publisher":"https:\/\/www.facebook.com\/profile.php?id=61571934707378","article_modified_time":"2025-11-13T10:48:14+00:00","og_image":[{"width":500,"height":500,"url":"https:\/\/elipharmgroup.com\/wp-content\/uploads\/2025\/03\/9-1.jpg","type":"image\/jpeg"}],"twitter_card":"summary_large_image","twitter_misc":{"Dur\u00e9e de lecture estim\u00e9e":"1 minute"},"schema":{"@context":"https:\/\/schema.org","@graph":[{"@type":"WebPage","@id":"https:\/\/elipharmgroup.com\/?product=compresse-chauffante-dispo-hot","url":"https:\/\/elipharmgroup.com\/?product=compresse-chauffante-dispo-hot","name":"COMPRESSE CHAUFFANTE DISPO HOT - EliPharm Group","isPartOf":{"@id":"https:\/\/elipharmgroup.com\/#website"},"primaryImageOfPage":{"@id":"https:\/\/elipharmgroup.com\/?product=compresse-chauffante-dispo-hot#primaryimage"},"image":{"@id":"https:\/\/elipharmgroup.com\/?product=compresse-chauffante-dispo-hot#primaryimage"},"thumbnailUrl":"https:\/\/elipharmgroup.com\/wp-content\/uploads\/2025\/03\/9-1.jpg","datePublished":"2025-03-08T19:42:52+00:00","dateModified":"2025-11-13T10:48:14+00:00","breadcrumb":{"@id":"https:\/\/elipharmgroup.com\/?product=compresse-chauffante-dispo-hot#breadcrumb"},"inLanguage":"fr-FR","potentialAction":[{"@type":"ReadAction","target":["https:\/\/elipharmgroup.com\/?product=compresse-chauffante-dispo-hot"]}]},{"@type":"ImageObject","inLanguage":"fr-FR","@id":"https:\/\/elipharmgroup.com\/?product=compresse-chauffante-dispo-hot#primaryimage","url":"https:\/\/elipharmgroup.com\/wp-content\/uploads\/2025\/03\/9-1.jpg","contentUrl":"https:\/\/elipharmgroup.com\/wp-content\/uploads\/2025\/03\/9-1.jpg","width":500,"height":500},{"@type":"BreadcrumbList","@id":"https:\/\/elipharmgroup.com\/?product=compresse-chauffante-dispo-hot#breadcrumb","itemListElement":[{"@type":"ListItem","position":1,"name":"Accueil","item":"https:\/\/elipharmgroup.com\/"},{"@type":"ListItem","position":2,"name":"Boutique","item":"https:\/\/elipharmgroup.com\/?page_id=51"},{"@type":"ListItem","position":3,"name":"Soins et pansements","item":"https:\/\/elipharmgroup.com\/?product_cat=soins-et-pansements"},{"@type":"ListItem","position":4,"name":"Compresses \/ Sparadraps","item":"https:\/\/elipharmgroup.com\/?product_cat=compresses-sparadraps"},{"@type":"ListItem","position":5,"name":"COMPRESSE CHAUFFANTE DISPO HOT"}]},{"@type":"WebSite","@id":"https:\/\/elipharmgroup.com\/#website","url":"https:\/\/elipharmgroup.com\/","name":"EliPharm Group","description":"Entreprise pharmaceutique","publisher":{"@id":"https:\/\/elipharmgroup.com\/#organization"},"potentialAction":[{"@type":"SearchAction","target":{"@type":"EntryPoint","urlTemplate":"https:\/\/elipharmgroup.com\/?s={search_term_string}"},"query-input":{"@type":"PropertyValueSpecification","valueRequired":true,"valueName":"search_term_string"}}],"inLanguage":"fr-FR"},{"@type":"Organization","@id":"https:\/\/elipharmgroup.com\/#organization","name":"EliPharm Group","url":"https:\/\/elipharmgroup.com\/","logo":{"@type":"ImageObject","inLanguage":"fr-FR","@id":"https:\/\/elipharmgroup.com\/#\/schema\/logo\/image\/","url":"https:\/\/elipharmgroup.com\/wp-content\/uploads\/2025\/02\/cropped-Logo-Elipharm-group-2.png","contentUrl":"https:\/\/elipharmgroup.com\/wp-content\/uploads\/2025\/02\/cropped-Logo-Elipharm-group-2.png","width":652,"height":467,"caption":"EliPharm Group"},"image":{"@id":"https:\/\/elipharmgroup.com\/#\/schema\/logo\/image\/"},"sameAs":["https:\/\/www.facebook.com\/profile.php?id=61571934707378","https:\/\/www.instagram.com\/elipharmgroup\/","https:\/\/www.youtube.com\/@ElipharmGroup"]}]}},"_links":{"self":[{"href":"https:\/\/elipharmgroup.com\/index.php?rest_route=\/wp\/v2\/product\/261","targetHints":{"allow":["GET"]}}],"collection":[{"href":"https:\/\/elipharmgroup.com\/index.php?rest_route=\/wp\/v2\/product"}],"about":[{"href":"https:\/\/elipharmgroup.com\/index.php?rest_route=\/wp\/v2\/types\/product"}],"replies":[{"embeddable":true,"href":"https:\/\/elipharmgroup.com\/index.php?rest_route=%2Fwp%2Fv2%2Fcomments&post=261"}],"wp:featuredmedia":[{"embeddable":true,"href":"https:\/\/elipharmgroup.com\/index.php?rest_route=\/wp\/v2\/media\/334"}],"wp:attachment":[{"href":"https:\/\/elipharmgroup.com\/index.php?rest_route=%2Fwp%2Fv2%2Fmedia&parent=261"}],"wp:term":[{"taxonomy":"product_brand","embeddable":true,"href":"https:\/\/elipharmgroup.com\/index.php?rest_route=%2Fwp%2Fv2%2Fproduct_brand&post=261"},{"taxonomy":"product_cat","embeddable":true,"href":"https:\/\/elipharmgroup.com\/index.php?rest_route=%2Fwp%2Fv2%2Fproduct_cat&post=261"},{"taxonomy":"product_tag","embeddable":true,"href":"https:\/\/elipharmgroup.com\/index.php?rest_route=%2Fwp%2Fv2%2Fproduct_tag&post=261"}],"curies":[{"name":"wp","href":"https:\/\/api.w.org\/{rel}","templated":true}]}}