{"id":256,"date":"2025-03-08T19:42:50","date_gmt":"2025-03-08T19:42:50","guid":{"rendered":"https:\/\/elipharmgroup.com\/?product=chevillere-arnitex16730"},"modified":"2025-06-11T09:45:16","modified_gmt":"2025-06-11T09:45:16","slug":"chevillere-arnitex","status":"publish","type":"product","link":"https:\/\/elipharmgroup.com\/?product=chevillere-arnitex","title":{"rendered":"CHEVILL\u00c8RE ARNITEX"},"content":{"rendered":"<p>Gr\u00e2ce \u00e0 sa double action, cette chevill\u00e8re procure \u00e0 la cheville un maintien imm\u00e9diat, un soulagement et une souplesse optimale. Tr\u00e8s l\u00e9g\u00e8re, elle est invisible sous les v\u00eatements. Sa forte contention cibl\u00e9e au niveau de la cheville permet d\u2019avoir un soutien imm\u00e9diat. Textile aux microcapsules qui r\u00e9duit de mani\u00e8re consid\u00e9rable la fatigue musculaire.<\/p>\n<p><strong>Les actifs microencapsul\u00e9s<\/strong><\/p>\n<p>Les microcapsules incorpor\u00e9es dans ce textile ont de l\u2019Arnica et du camphre. L\u2019ARNICA aux propri\u00e9t\u00e9s apaisantes, adoucissantes et r\u00e9g\u00e9n\u00e9rantes facilite le confort musculaire et articulaire. Par des mouvements massants associ\u00e9s, le textile permet de favoriser la microcirculation. LE CAMPHRE tonique et \u00e9nergisant am\u00e9liore force et vigueur.<\/p>\n<p><strong>Conseils d&rsquo;utilisation<br \/>\n<\/strong><\/p>\n<p><em>Il est recommand\u00e9 de porter la chevill\u00e8re la journ\u00e9e de 4 \u00e0 8 heures. La dur\u00e9e des microcapsules est d\u2019environ 30 lavages, mais les bienfaits du textile sont illimit\u00e9s. D\u00e9conseill\u00e9e aux femmes enceintes et aux femmes qui allaitent, ainsi qu\u2019aux enfants de moins de 15 ans. L\u2019ARNICA est une plante d\u2019usage traditionnelle tr\u00e8s r\u00e9pandue pour apaiser les tensions du corps. Le CAMPHRE est un arbre connu depuis longtemps pour ses propri\u00e9t\u00e9s stimulantes et toniques.<\/em><\/p>\n","protected":false},"excerpt":{"rendered":"<p><strong>Taille unique<\/strong><\/p>\n","protected":false},"featured_media":221,"comment_status":"open","ping_status":"closed","template":"","meta":[],"product_brand":[27],"product_cat":[116,100],"product_tag":[56,28],"class_list":{"0":"post-256","1":"product","2":"type-product","3":"status-publish","4":"has-post-thumbnail","6":"product_brand-novolife","7":"product_cat-immobilisation","8":"product_cat-soins-et-pansements","9":"product_tag-chevillere","10":"product_tag-orthopedie","12":"first","13":"onbackorder","14":"featured","15":"taxable","16":"shipping-taxable","17":"purchasable","18":"product-type-simple"},"yoast_head":"<!-- This site is optimized with the Yoast SEO plugin v27.3 - https:\/\/yoast.com\/product\/yoast-seo-wordpress\/ -->\n<title>CHEVILL\u00c8RE ARNITEX - EliPharm Group<\/title>\n<meta name=\"robots\" content=\"index, follow, max-snippet:-1, max-image-preview:large, max-video-preview:-1\" \/>\n<link rel=\"canonical\" href=\"https:\/\/elipharmgroup.com\/?product=chevillere-arnitex\" \/>\n<meta property=\"og:locale\" content=\"fr_FR\" \/>\n<meta property=\"og:type\" content=\"article\" \/>\n<meta property=\"og:title\" content=\"CHEVILL\u00c8RE ARNITEX - EliPharm Group\" \/>\n<meta property=\"og:description\" content=\"Taille unique\" \/>\n<meta property=\"og:url\" content=\"https:\/\/elipharmgroup.com\/?product=chevillere-arnitex\" \/>\n<meta property=\"og:site_name\" content=\"EliPharm Group\" \/>\n<meta property=\"article:publisher\" content=\"https:\/\/www.facebook.com\/profile.php?id=61571934707378\" \/>\n<meta property=\"article:modified_time\" content=\"2025-06-11T09:45:16+00:00\" \/>\n<meta property=\"og:image\" content=\"https:\/\/elipharmgroup.com\/wp-content\/uploads\/2025\/03\/5.jpg\" \/>\n\t<meta property=\"og:image:width\" content=\"500\" \/>\n\t<meta property=\"og:image:height\" content=\"500\" \/>\n\t<meta property=\"og:image:type\" content=\"image\/jpeg\" \/>\n<meta name=\"twitter:card\" content=\"summary_large_image\" \/>\n<meta name=\"twitter:label1\" content=\"Dur\u00e9e de lecture estim\u00e9e\" \/>\n\t<meta name=\"twitter:data1\" content=\"1 minute\" \/>\n<script type=\"application\/ld+json\" class=\"yoast-schema-graph\">{\"@context\":\"https:\\\/\\\/schema.org\",\"@graph\":[{\"@type\":\"WebPage\",\"@id\":\"https:\\\/\\\/elipharmgroup.com\\\/?product=chevillere-arnitex\",\"url\":\"https:\\\/\\\/elipharmgroup.com\\\/?product=chevillere-arnitex\",\"name\":\"CHEVILL\u00c8RE ARNITEX - EliPharm Group\",\"isPartOf\":{\"@id\":\"https:\\\/\\\/elipharmgroup.com\\\/#website\"},\"primaryImageOfPage\":{\"@id\":\"https:\\\/\\\/elipharmgroup.com\\\/?product=chevillere-arnitex#primaryimage\"},\"image\":{\"@id\":\"https:\\\/\\\/elipharmgroup.com\\\/?product=chevillere-arnitex#primaryimage\"},\"thumbnailUrl\":\"https:\\\/\\\/elipharmgroup.com\\\/wp-content\\\/uploads\\\/2025\\\/03\\\/5.jpg\",\"datePublished\":\"2025-03-08T19:42:50+00:00\",\"dateModified\":\"2025-06-11T09:45:16+00:00\",\"breadcrumb\":{\"@id\":\"https:\\\/\\\/elipharmgroup.com\\\/?product=chevillere-arnitex#breadcrumb\"},\"inLanguage\":\"fr-FR\",\"potentialAction\":[{\"@type\":\"ReadAction\",\"target\":[\"https:\\\/\\\/elipharmgroup.com\\\/?product=chevillere-arnitex\"]}]},{\"@type\":\"ImageObject\",\"inLanguage\":\"fr-FR\",\"@id\":\"https:\\\/\\\/elipharmgroup.com\\\/?product=chevillere-arnitex#primaryimage\",\"url\":\"https:\\\/\\\/elipharmgroup.com\\\/wp-content\\\/uploads\\\/2025\\\/03\\\/5.jpg\",\"contentUrl\":\"https:\\\/\\\/elipharmgroup.com\\\/wp-content\\\/uploads\\\/2025\\\/03\\\/5.jpg\",\"width\":500,\"height\":500},{\"@type\":\"BreadcrumbList\",\"@id\":\"https:\\\/\\\/elipharmgroup.com\\\/?product=chevillere-arnitex#breadcrumb\",\"itemListElement\":[{\"@type\":\"ListItem\",\"position\":1,\"name\":\"Accueil\",\"item\":\"https:\\\/\\\/elipharmgroup.com\\\/\"},{\"@type\":\"ListItem\",\"position\":2,\"name\":\"Boutique\",\"item\":\"https:\\\/\\\/elipharmgroup.com\\\/?page_id=51\"},{\"@type\":\"ListItem\",\"position\":3,\"name\":\"Soins et pansements\",\"item\":\"https:\\\/\\\/elipharmgroup.com\\\/?product_cat=soins-et-pansements\"},{\"@type\":\"ListItem\",\"position\":4,\"name\":\"Immobilisation\",\"item\":\"https:\\\/\\\/elipharmgroup.com\\\/?product_cat=immobilisation\"},{\"@type\":\"ListItem\",\"position\":5,\"name\":\"CHEVILL\u00c8RE ARNITEX\"}]},{\"@type\":\"WebSite\",\"@id\":\"https:\\\/\\\/elipharmgroup.com\\\/#website\",\"url\":\"https:\\\/\\\/elipharmgroup.com\\\/\",\"name\":\"EliPharm Group\",\"description\":\"Entreprise pharmaceutique\",\"publisher\":{\"@id\":\"https:\\\/\\\/elipharmgroup.com\\\/#organization\"},\"potentialAction\":[{\"@type\":\"SearchAction\",\"target\":{\"@type\":\"EntryPoint\",\"urlTemplate\":\"https:\\\/\\\/elipharmgroup.com\\\/?s={search_term_string}\"},\"query-input\":{\"@type\":\"PropertyValueSpecification\",\"valueRequired\":true,\"valueName\":\"search_term_string\"}}],\"inLanguage\":\"fr-FR\"},{\"@type\":\"Organization\",\"@id\":\"https:\\\/\\\/elipharmgroup.com\\\/#organization\",\"name\":\"EliPharm Group\",\"url\":\"https:\\\/\\\/elipharmgroup.com\\\/\",\"logo\":{\"@type\":\"ImageObject\",\"inLanguage\":\"fr-FR\",\"@id\":\"https:\\\/\\\/elipharmgroup.com\\\/#\\\/schema\\\/logo\\\/image\\\/\",\"url\":\"https:\\\/\\\/elipharmgroup.com\\\/wp-content\\\/uploads\\\/2025\\\/02\\\/cropped-Logo-Elipharm-group-2.png\",\"contentUrl\":\"https:\\\/\\\/elipharmgroup.com\\\/wp-content\\\/uploads\\\/2025\\\/02\\\/cropped-Logo-Elipharm-group-2.png\",\"width\":652,\"height\":467,\"caption\":\"EliPharm Group\"},\"image\":{\"@id\":\"https:\\\/\\\/elipharmgroup.com\\\/#\\\/schema\\\/logo\\\/image\\\/\"},\"sameAs\":[\"https:\\\/\\\/www.facebook.com\\\/profile.php?id=61571934707378\",\"https:\\\/\\\/www.instagram.com\\\/elipharmgroup\\\/\",\"https:\\\/\\\/www.youtube.com\\\/@ElipharmGroup\"]}]}<\/script>\n<!-- \/ Yoast SEO plugin. -->","yoast_head_json":{"title":"CHEVILL\u00c8RE ARNITEX - EliPharm Group","robots":{"index":"index","follow":"follow","max-snippet":"max-snippet:-1","max-image-preview":"max-image-preview:large","max-video-preview":"max-video-preview:-1"},"canonical":"https:\/\/elipharmgroup.com\/?product=chevillere-arnitex","og_locale":"fr_FR","og_type":"article","og_title":"CHEVILL\u00c8RE ARNITEX - EliPharm Group","og_description":"Taille unique","og_url":"https:\/\/elipharmgroup.com\/?product=chevillere-arnitex","og_site_name":"EliPharm Group","article_publisher":"https:\/\/www.facebook.com\/profile.php?id=61571934707378","article_modified_time":"2025-06-11T09:45:16+00:00","og_image":[{"width":500,"height":500,"url":"https:\/\/elipharmgroup.com\/wp-content\/uploads\/2025\/03\/5.jpg","type":"image\/jpeg"}],"twitter_card":"summary_large_image","twitter_misc":{"Dur\u00e9e de lecture estim\u00e9e":"1 minute"},"schema":{"@context":"https:\/\/schema.org","@graph":[{"@type":"WebPage","@id":"https:\/\/elipharmgroup.com\/?product=chevillere-arnitex","url":"https:\/\/elipharmgroup.com\/?product=chevillere-arnitex","name":"CHEVILL\u00c8RE ARNITEX - EliPharm Group","isPartOf":{"@id":"https:\/\/elipharmgroup.com\/#website"},"primaryImageOfPage":{"@id":"https:\/\/elipharmgroup.com\/?product=chevillere-arnitex#primaryimage"},"image":{"@id":"https:\/\/elipharmgroup.com\/?product=chevillere-arnitex#primaryimage"},"thumbnailUrl":"https:\/\/elipharmgroup.com\/wp-content\/uploads\/2025\/03\/5.jpg","datePublished":"2025-03-08T19:42:50+00:00","dateModified":"2025-06-11T09:45:16+00:00","breadcrumb":{"@id":"https:\/\/elipharmgroup.com\/?product=chevillere-arnitex#breadcrumb"},"inLanguage":"fr-FR","potentialAction":[{"@type":"ReadAction","target":["https:\/\/elipharmgroup.com\/?product=chevillere-arnitex"]}]},{"@type":"ImageObject","inLanguage":"fr-FR","@id":"https:\/\/elipharmgroup.com\/?product=chevillere-arnitex#primaryimage","url":"https:\/\/elipharmgroup.com\/wp-content\/uploads\/2025\/03\/5.jpg","contentUrl":"https:\/\/elipharmgroup.com\/wp-content\/uploads\/2025\/03\/5.jpg","width":500,"height":500},{"@type":"BreadcrumbList","@id":"https:\/\/elipharmgroup.com\/?product=chevillere-arnitex#breadcrumb","itemListElement":[{"@type":"ListItem","position":1,"name":"Accueil","item":"https:\/\/elipharmgroup.com\/"},{"@type":"ListItem","position":2,"name":"Boutique","item":"https:\/\/elipharmgroup.com\/?page_id=51"},{"@type":"ListItem","position":3,"name":"Soins et pansements","item":"https:\/\/elipharmgroup.com\/?product_cat=soins-et-pansements"},{"@type":"ListItem","position":4,"name":"Immobilisation","item":"https:\/\/elipharmgroup.com\/?product_cat=immobilisation"},{"@type":"ListItem","position":5,"name":"CHEVILL\u00c8RE ARNITEX"}]},{"@type":"WebSite","@id":"https:\/\/elipharmgroup.com\/#website","url":"https:\/\/elipharmgroup.com\/","name":"EliPharm Group","description":"Entreprise pharmaceutique","publisher":{"@id":"https:\/\/elipharmgroup.com\/#organization"},"potentialAction":[{"@type":"SearchAction","target":{"@type":"EntryPoint","urlTemplate":"https:\/\/elipharmgroup.com\/?s={search_term_string}"},"query-input":{"@type":"PropertyValueSpecification","valueRequired":true,"valueName":"search_term_string"}}],"inLanguage":"fr-FR"},{"@type":"Organization","@id":"https:\/\/elipharmgroup.com\/#organization","name":"EliPharm Group","url":"https:\/\/elipharmgroup.com\/","logo":{"@type":"ImageObject","inLanguage":"fr-FR","@id":"https:\/\/elipharmgroup.com\/#\/schema\/logo\/image\/","url":"https:\/\/elipharmgroup.com\/wp-content\/uploads\/2025\/02\/cropped-Logo-Elipharm-group-2.png","contentUrl":"https:\/\/elipharmgroup.com\/wp-content\/uploads\/2025\/02\/cropped-Logo-Elipharm-group-2.png","width":652,"height":467,"caption":"EliPharm Group"},"image":{"@id":"https:\/\/elipharmgroup.com\/#\/schema\/logo\/image\/"},"sameAs":["https:\/\/www.facebook.com\/profile.php?id=61571934707378","https:\/\/www.instagram.com\/elipharmgroup\/","https:\/\/www.youtube.com\/@ElipharmGroup"]}]}},"_links":{"self":[{"href":"https:\/\/elipharmgroup.com\/index.php?rest_route=\/wp\/v2\/product\/256","targetHints":{"allow":["GET"]}}],"collection":[{"href":"https:\/\/elipharmgroup.com\/index.php?rest_route=\/wp\/v2\/product"}],"about":[{"href":"https:\/\/elipharmgroup.com\/index.php?rest_route=\/wp\/v2\/types\/product"}],"replies":[{"embeddable":true,"href":"https:\/\/elipharmgroup.com\/index.php?rest_route=%2Fwp%2Fv2%2Fcomments&post=256"}],"wp:featuredmedia":[{"embeddable":true,"href":"https:\/\/elipharmgroup.com\/index.php?rest_route=\/wp\/v2\/media\/221"}],"wp:attachment":[{"href":"https:\/\/elipharmgroup.com\/index.php?rest_route=%2Fwp%2Fv2%2Fmedia&parent=256"}],"wp:term":[{"taxonomy":"product_brand","embeddable":true,"href":"https:\/\/elipharmgroup.com\/index.php?rest_route=%2Fwp%2Fv2%2Fproduct_brand&post=256"},{"taxonomy":"product_cat","embeddable":true,"href":"https:\/\/elipharmgroup.com\/index.php?rest_route=%2Fwp%2Fv2%2Fproduct_cat&post=256"},{"taxonomy":"product_tag","embeddable":true,"href":"https:\/\/elipharmgroup.com\/index.php?rest_route=%2Fwp%2Fv2%2Fproduct_tag&post=256"}],"curies":[{"name":"wp","href":"https:\/\/api.w.org\/{rel}","templated":true}]}}