{"id":191,"date":"2025-03-07T10:54:37","date_gmt":"2025-03-07T10:54:37","guid":{"rendered":"https:\/\/elipharmgroup.com\/?post_type=product&#038;p=191"},"modified":"2025-06-11T09:45:14","modified_gmt":"2025-06-11T09:45:14","slug":"ceinture-arnitex-pour-homme","status":"publish","type":"product","link":"https:\/\/elipharmgroup.com\/?product=ceinture-arnitex-pour-homme","title":{"rendered":"CEINTURE ARNITEX"},"content":{"rendered":"<p>Gr\u00e2ce \u00e0 sa double action et \u00e0 sa forte contention, la ceinture dorsale ARNITEX procure \u00e0 votre dos un maintien imm\u00e9diat, un soulagement et une souplesse optimale. Elle stimule la microcirculation et am\u00e9liore ainsi la distribution de temp\u00e9rature sur la peau. son textile aux microcapsules diminue la fatigue musculaire. \u00c0 cela s&rsquo;associe une augmentation de l&rsquo;\u00e9nergie du corps \u00e0 travers la thermor\u00e9gulation. L\u2019\u00e9nergie infrarouge cr\u00e9\u00e9e par le corps humain est absorb\u00e9e par la fibre et est ensuite renvoy\u00e9e au corps.<\/p>\n<p>Les actifs microencapsul\u00e9s :<\/p>\n<p>Les microcapsules pr\u00e9sentes dans ce textile sont dot\u00e9es de l\u2019Arnica et du camphre. L\u2019ARNICA aux propri\u00e9t\u00e9s apaisantes, adoucissantes et r\u00e9g\u00e9n\u00e9rantes facilite le confort musculaire et articulaire. Le textile permet de favoriser la microcirculation gr\u00e2ce \u00e0 des mouvements massants. LE CAMPHRE tonique et \u00e9nergisant\u00a0 vous garanti force et vigueur.<\/p>\n<p>Conseils d&rsquo;utilisation<\/p>\n<p>Il est recommand\u00e9 de porter la ceinture la journ\u00e9e de 4 \u00e0 8 heures. La dur\u00e9e des microcapsules est d\u2019environ 30 lavages, mais les bienfaits du textile sont illimit\u00e9s. Elle est d\u00e9conseill\u00e9e aux femmes enceintes et aux femmes qui allaitent, ainsi qu\u2019aux enfants de moins de 15 ans. L\u2019ARNICA est une plante d\u2019usage traditionnel tr\u00e8s r\u00e9pandue pour apaiser les tensions du corps. Le CAMPHRE est un arbre connu depuis longtemps pour ses propri\u00e9t\u00e9s stimulantes et toniques.<\/p>\n","protected":false},"excerpt":{"rendered":"<p>Gr\u00e2ce \u00e0 sa double action et \u00e0 sa forte contention, la ceinture dorsale ARNITEX procure \u00e0 votre dos un maintien imm\u00e9diat, un soulagement et une souplesse optimale. Elle stimule la microcirculation et am\u00e9liore ainsi la distribution de temp\u00e9rature sur la peau. son textile aux microcapsules diminue la fatigue musculaire. \u00c0 cela s&rsquo;associe une augmentation de [&#8230;]\n","protected":false},"featured_media":192,"comment_status":"open","ping_status":"closed","template":"","meta":[],"product_brand":[27],"product_cat":[116,100],"product_tag":[30,28],"class_list":{"0":"post-191","1":"product","2":"type-product","3":"status-publish","4":"has-post-thumbnail","6":"product_brand-novolife","7":"product_cat-immobilisation","8":"product_cat-soins-et-pansements","9":"product_tag-ceinture-dorsale","10":"product_tag-orthopedie","12":"first","13":"onbackorder","14":"featured","15":"taxable","16":"shipping-taxable","17":"purchasable","18":"product-type-variable"},"yoast_head":"<!-- This site is optimized with the Yoast SEO plugin v27.3 - https:\/\/yoast.com\/product\/yoast-seo-wordpress\/ -->\n<title>CEINTURE ARNITEX - EliPharm Group<\/title>\n<meta name=\"robots\" content=\"index, follow, max-snippet:-1, max-image-preview:large, max-video-preview:-1\" \/>\n<link rel=\"canonical\" href=\"https:\/\/elipharmgroup.com\/?product=ceinture-arnitex-pour-homme\" \/>\n<meta property=\"og:locale\" content=\"fr_FR\" \/>\n<meta property=\"og:type\" content=\"article\" \/>\n<meta property=\"og:title\" content=\"CEINTURE ARNITEX - EliPharm Group\" \/>\n<meta property=\"og:description\" content=\"Gr\u00e2ce \u00e0 sa double action et \u00e0 sa forte contention, la ceinture dorsale ARNITEX procure \u00e0 votre dos un maintien imm\u00e9diat, un soulagement et une souplesse optimale. Elle stimule la microcirculation et am\u00e9liore ainsi la distribution de temp\u00e9rature sur la peau. son textile aux microcapsules diminue la fatigue musculaire. \u00c0 cela s&rsquo;associe une augmentation de [...]\" \/>\n<meta property=\"og:url\" content=\"https:\/\/elipharmgroup.com\/?product=ceinture-arnitex-pour-homme\" \/>\n<meta property=\"og:site_name\" content=\"EliPharm Group\" \/>\n<meta property=\"article:publisher\" content=\"https:\/\/www.facebook.com\/profile.php?id=61571934707378\" \/>\n<meta property=\"article:modified_time\" content=\"2025-06-11T09:45:14+00:00\" \/>\n<meta property=\"og:image\" content=\"https:\/\/elipharmgroup.com\/wp-content\/uploads\/2025\/03\/1.jpg\" \/>\n\t<meta property=\"og:image:width\" content=\"500\" \/>\n\t<meta property=\"og:image:height\" content=\"500\" \/>\n\t<meta property=\"og:image:type\" content=\"image\/jpeg\" \/>\n<meta name=\"twitter:card\" content=\"summary_large_image\" \/>\n<meta name=\"twitter:label1\" content=\"Dur\u00e9e de lecture estim\u00e9e\" \/>\n\t<meta name=\"twitter:data1\" content=\"1 minute\" \/>\n<script type=\"application\/ld+json\" class=\"yoast-schema-graph\">{\"@context\":\"https:\\\/\\\/schema.org\",\"@graph\":[{\"@type\":\"WebPage\",\"@id\":\"https:\\\/\\\/elipharmgroup.com\\\/?product=ceinture-arnitex-pour-homme\",\"url\":\"https:\\\/\\\/elipharmgroup.com\\\/?product=ceinture-arnitex-pour-homme\",\"name\":\"CEINTURE ARNITEX - EliPharm Group\",\"isPartOf\":{\"@id\":\"https:\\\/\\\/elipharmgroup.com\\\/#website\"},\"primaryImageOfPage\":{\"@id\":\"https:\\\/\\\/elipharmgroup.com\\\/?product=ceinture-arnitex-pour-homme#primaryimage\"},\"image\":{\"@id\":\"https:\\\/\\\/elipharmgroup.com\\\/?product=ceinture-arnitex-pour-homme#primaryimage\"},\"thumbnailUrl\":\"https:\\\/\\\/elipharmgroup.com\\\/wp-content\\\/uploads\\\/2025\\\/03\\\/1.jpg\",\"datePublished\":\"2025-03-07T10:54:37+00:00\",\"dateModified\":\"2025-06-11T09:45:14+00:00\",\"breadcrumb\":{\"@id\":\"https:\\\/\\\/elipharmgroup.com\\\/?product=ceinture-arnitex-pour-homme#breadcrumb\"},\"inLanguage\":\"fr-FR\",\"potentialAction\":[{\"@type\":\"ReadAction\",\"target\":[\"https:\\\/\\\/elipharmgroup.com\\\/?product=ceinture-arnitex-pour-homme\"]}]},{\"@type\":\"ImageObject\",\"inLanguage\":\"fr-FR\",\"@id\":\"https:\\\/\\\/elipharmgroup.com\\\/?product=ceinture-arnitex-pour-homme#primaryimage\",\"url\":\"https:\\\/\\\/elipharmgroup.com\\\/wp-content\\\/uploads\\\/2025\\\/03\\\/1.jpg\",\"contentUrl\":\"https:\\\/\\\/elipharmgroup.com\\\/wp-content\\\/uploads\\\/2025\\\/03\\\/1.jpg\",\"width\":500,\"height\":500},{\"@type\":\"BreadcrumbList\",\"@id\":\"https:\\\/\\\/elipharmgroup.com\\\/?product=ceinture-arnitex-pour-homme#breadcrumb\",\"itemListElement\":[{\"@type\":\"ListItem\",\"position\":1,\"name\":\"Accueil\",\"item\":\"https:\\\/\\\/elipharmgroup.com\\\/\"},{\"@type\":\"ListItem\",\"position\":2,\"name\":\"Boutique\",\"item\":\"https:\\\/\\\/elipharmgroup.com\\\/?page_id=51\"},{\"@type\":\"ListItem\",\"position\":3,\"name\":\"Soins et pansements\",\"item\":\"https:\\\/\\\/elipharmgroup.com\\\/?product_cat=soins-et-pansements\"},{\"@type\":\"ListItem\",\"position\":4,\"name\":\"Immobilisation\",\"item\":\"https:\\\/\\\/elipharmgroup.com\\\/?product_cat=immobilisation\"},{\"@type\":\"ListItem\",\"position\":5,\"name\":\"CEINTURE ARNITEX\"}]},{\"@type\":\"WebSite\",\"@id\":\"https:\\\/\\\/elipharmgroup.com\\\/#website\",\"url\":\"https:\\\/\\\/elipharmgroup.com\\\/\",\"name\":\"EliPharm Group\",\"description\":\"Entreprise pharmaceutique\",\"publisher\":{\"@id\":\"https:\\\/\\\/elipharmgroup.com\\\/#organization\"},\"potentialAction\":[{\"@type\":\"SearchAction\",\"target\":{\"@type\":\"EntryPoint\",\"urlTemplate\":\"https:\\\/\\\/elipharmgroup.com\\\/?s={search_term_string}\"},\"query-input\":{\"@type\":\"PropertyValueSpecification\",\"valueRequired\":true,\"valueName\":\"search_term_string\"}}],\"inLanguage\":\"fr-FR\"},{\"@type\":\"Organization\",\"@id\":\"https:\\\/\\\/elipharmgroup.com\\\/#organization\",\"name\":\"EliPharm Group\",\"url\":\"https:\\\/\\\/elipharmgroup.com\\\/\",\"logo\":{\"@type\":\"ImageObject\",\"inLanguage\":\"fr-FR\",\"@id\":\"https:\\\/\\\/elipharmgroup.com\\\/#\\\/schema\\\/logo\\\/image\\\/\",\"url\":\"https:\\\/\\\/elipharmgroup.com\\\/wp-content\\\/uploads\\\/2025\\\/02\\\/cropped-Logo-Elipharm-group-2.png\",\"contentUrl\":\"https:\\\/\\\/elipharmgroup.com\\\/wp-content\\\/uploads\\\/2025\\\/02\\\/cropped-Logo-Elipharm-group-2.png\",\"width\":652,\"height\":467,\"caption\":\"EliPharm Group\"},\"image\":{\"@id\":\"https:\\\/\\\/elipharmgroup.com\\\/#\\\/schema\\\/logo\\\/image\\\/\"},\"sameAs\":[\"https:\\\/\\\/www.facebook.com\\\/profile.php?id=61571934707378\",\"https:\\\/\\\/www.instagram.com\\\/elipharmgroup\\\/\",\"https:\\\/\\\/www.youtube.com\\\/@ElipharmGroup\"]}]}<\/script>\n<!-- \/ Yoast SEO plugin. -->","yoast_head_json":{"title":"CEINTURE ARNITEX - EliPharm Group","robots":{"index":"index","follow":"follow","max-snippet":"max-snippet:-1","max-image-preview":"max-image-preview:large","max-video-preview":"max-video-preview:-1"},"canonical":"https:\/\/elipharmgroup.com\/?product=ceinture-arnitex-pour-homme","og_locale":"fr_FR","og_type":"article","og_title":"CEINTURE ARNITEX - EliPharm Group","og_description":"Gr\u00e2ce \u00e0 sa double action et \u00e0 sa forte contention, la ceinture dorsale ARNITEX procure \u00e0 votre dos un maintien imm\u00e9diat, un soulagement et une souplesse optimale. Elle stimule la microcirculation et am\u00e9liore ainsi la distribution de temp\u00e9rature sur la peau. son textile aux microcapsules diminue la fatigue musculaire. \u00c0 cela s&rsquo;associe une augmentation de [...]","og_url":"https:\/\/elipharmgroup.com\/?product=ceinture-arnitex-pour-homme","og_site_name":"EliPharm Group","article_publisher":"https:\/\/www.facebook.com\/profile.php?id=61571934707378","article_modified_time":"2025-06-11T09:45:14+00:00","og_image":[{"width":500,"height":500,"url":"https:\/\/elipharmgroup.com\/wp-content\/uploads\/2025\/03\/1.jpg","type":"image\/jpeg"}],"twitter_card":"summary_large_image","twitter_misc":{"Dur\u00e9e de lecture estim\u00e9e":"1 minute"},"schema":{"@context":"https:\/\/schema.org","@graph":[{"@type":"WebPage","@id":"https:\/\/elipharmgroup.com\/?product=ceinture-arnitex-pour-homme","url":"https:\/\/elipharmgroup.com\/?product=ceinture-arnitex-pour-homme","name":"CEINTURE ARNITEX - EliPharm Group","isPartOf":{"@id":"https:\/\/elipharmgroup.com\/#website"},"primaryImageOfPage":{"@id":"https:\/\/elipharmgroup.com\/?product=ceinture-arnitex-pour-homme#primaryimage"},"image":{"@id":"https:\/\/elipharmgroup.com\/?product=ceinture-arnitex-pour-homme#primaryimage"},"thumbnailUrl":"https:\/\/elipharmgroup.com\/wp-content\/uploads\/2025\/03\/1.jpg","datePublished":"2025-03-07T10:54:37+00:00","dateModified":"2025-06-11T09:45:14+00:00","breadcrumb":{"@id":"https:\/\/elipharmgroup.com\/?product=ceinture-arnitex-pour-homme#breadcrumb"},"inLanguage":"fr-FR","potentialAction":[{"@type":"ReadAction","target":["https:\/\/elipharmgroup.com\/?product=ceinture-arnitex-pour-homme"]}]},{"@type":"ImageObject","inLanguage":"fr-FR","@id":"https:\/\/elipharmgroup.com\/?product=ceinture-arnitex-pour-homme#primaryimage","url":"https:\/\/elipharmgroup.com\/wp-content\/uploads\/2025\/03\/1.jpg","contentUrl":"https:\/\/elipharmgroup.com\/wp-content\/uploads\/2025\/03\/1.jpg","width":500,"height":500},{"@type":"BreadcrumbList","@id":"https:\/\/elipharmgroup.com\/?product=ceinture-arnitex-pour-homme#breadcrumb","itemListElement":[{"@type":"ListItem","position":1,"name":"Accueil","item":"https:\/\/elipharmgroup.com\/"},{"@type":"ListItem","position":2,"name":"Boutique","item":"https:\/\/elipharmgroup.com\/?page_id=51"},{"@type":"ListItem","position":3,"name":"Soins et pansements","item":"https:\/\/elipharmgroup.com\/?product_cat=soins-et-pansements"},{"@type":"ListItem","position":4,"name":"Immobilisation","item":"https:\/\/elipharmgroup.com\/?product_cat=immobilisation"},{"@type":"ListItem","position":5,"name":"CEINTURE ARNITEX"}]},{"@type":"WebSite","@id":"https:\/\/elipharmgroup.com\/#website","url":"https:\/\/elipharmgroup.com\/","name":"EliPharm Group","description":"Entreprise pharmaceutique","publisher":{"@id":"https:\/\/elipharmgroup.com\/#organization"},"potentialAction":[{"@type":"SearchAction","target":{"@type":"EntryPoint","urlTemplate":"https:\/\/elipharmgroup.com\/?s={search_term_string}"},"query-input":{"@type":"PropertyValueSpecification","valueRequired":true,"valueName":"search_term_string"}}],"inLanguage":"fr-FR"},{"@type":"Organization","@id":"https:\/\/elipharmgroup.com\/#organization","name":"EliPharm Group","url":"https:\/\/elipharmgroup.com\/","logo":{"@type":"ImageObject","inLanguage":"fr-FR","@id":"https:\/\/elipharmgroup.com\/#\/schema\/logo\/image\/","url":"https:\/\/elipharmgroup.com\/wp-content\/uploads\/2025\/02\/cropped-Logo-Elipharm-group-2.png","contentUrl":"https:\/\/elipharmgroup.com\/wp-content\/uploads\/2025\/02\/cropped-Logo-Elipharm-group-2.png","width":652,"height":467,"caption":"EliPharm Group"},"image":{"@id":"https:\/\/elipharmgroup.com\/#\/schema\/logo\/image\/"},"sameAs":["https:\/\/www.facebook.com\/profile.php?id=61571934707378","https:\/\/www.instagram.com\/elipharmgroup\/","https:\/\/www.youtube.com\/@ElipharmGroup"]}]}},"_links":{"self":[{"href":"https:\/\/elipharmgroup.com\/index.php?rest_route=\/wp\/v2\/product\/191","targetHints":{"allow":["GET"]}}],"collection":[{"href":"https:\/\/elipharmgroup.com\/index.php?rest_route=\/wp\/v2\/product"}],"about":[{"href":"https:\/\/elipharmgroup.com\/index.php?rest_route=\/wp\/v2\/types\/product"}],"replies":[{"embeddable":true,"href":"https:\/\/elipharmgroup.com\/index.php?rest_route=%2Fwp%2Fv2%2Fcomments&post=191"}],"wp:featuredmedia":[{"embeddable":true,"href":"https:\/\/elipharmgroup.com\/index.php?rest_route=\/wp\/v2\/media\/192"}],"wp:attachment":[{"href":"https:\/\/elipharmgroup.com\/index.php?rest_route=%2Fwp%2Fv2%2Fmedia&parent=191"}],"wp:term":[{"taxonomy":"product_brand","embeddable":true,"href":"https:\/\/elipharmgroup.com\/index.php?rest_route=%2Fwp%2Fv2%2Fproduct_brand&post=191"},{"taxonomy":"product_cat","embeddable":true,"href":"https:\/\/elipharmgroup.com\/index.php?rest_route=%2Fwp%2Fv2%2Fproduct_cat&post=191"},{"taxonomy":"product_tag","embeddable":true,"href":"https:\/\/elipharmgroup.com\/index.php?rest_route=%2Fwp%2Fv2%2Fproduct_tag&post=191"}],"curies":[{"name":"wp","href":"https:\/\/api.w.org\/{rel}","templated":true}]}}