{"id":880,"date":"2025-12-08T13:15:45","date_gmt":"2025-12-08T13:15:45","guid":{"rendered":"https:\/\/elipharmgroup.com\/?page_id=880"},"modified":"2025-12-08T18:07:16","modified_gmt":"2025-12-08T18:07:16","slug":"gamme-orthopedique","status":"publish","type":"page","link":"https:\/\/elipharmgroup.com\/?page_id=880","title":{"rendered":"Gamme orthop\u00e9dique"},"content":{"rendered":"\n<div class=\"row row-collapse row-full-width\"  id=\"row-2041538128\">\n\n\n\t<div id=\"col-885139275\" class=\"col small-12 large-12\"  >\n\t\t\t\t<div class=\"col-inner\"  >\n\t\t\t\n\t\t\t\n\n<div class=\"row row-collapse row-full-width align-equal\"  id=\"row-14562376\">\n\n\n\t<div id=\"col-1121632445\" class=\"col medium-12 small-12 large-12\"  >\n\t\t\t\t<div class=\"col-inner\"  >\n\t\t\t\n\t\t\t\n\n\t<section class=\"section dark\" id=\"section_30463098\">\n\t\t<div class=\"bg section-bg fill bg-fill  \" >\n\n\t\t\t\n\t\t\t<div class=\"section-bg-overlay absolute fill\"><\/div>\n\t\t\t\n\n\t\t<\/div>\n\n\t\t<div class=\"section-content relative\">\n\t\t\t\n\n<div class=\"row\"  id=\"row-616637225\">\n\n\n\t<div id=\"col-969439894\" class=\"col medium-12 small-12 large-11\"  >\n\t\t\t\t<div class=\"col-inner\"  >\n\t\t\t\n\t\t\t\n\n\t<div id=\"gap-22728112\" class=\"gap-element clearfix\" style=\"display:block; height:auto;\">\n\t\t\n<style>\n#gap-22728112 {\n  padding-top: 40px;\n}\n<\/style>\n\t<\/div>\n\t\n\n\t<div id=\"text-3534469675\" class=\"text\">\n\t\t\n\n<h2>Gamme orthop\u00e9dieque<\/h2>\n\t\t\n<style>\n#text-3534469675 {\n  font-size: 1.25rem;\n}\n@media (min-width:550px) {\n  #text-3534469675 {\n    font-size: 1.5rem;\n  }\n}\n<\/style>\n\t<\/div>\n\t\n<p>Nos dispositifs m\u00e9dicaux orthop\u00e9diques con\u00e7us pour soutenir, aligner, corriger ou remplacer les parties du syst\u00e8me musculo-squelettique (os, articulations, muscles, tendons&#8230;).<\/p>\n<p><strong class=\"Yjhzub\" data-processed=\"true\">Orth\u00e8se, Proth\u00e8se, Aides Techniques&#8230;<\/strong><\/p>\n\t<div id=\"gap-847245380\" class=\"gap-element clearfix\" style=\"display:block; height:auto;\">\n\t\t\n<style>\n#gap-847245380 {\n  padding-top: 10px;\n}\n<\/style>\n\t<\/div>\n\t\n\n<a rel=\"noopener noreferrer\" href=\"https:\/\/elipharmgroup.com\/?post_type=product\" target=\"_blank\" class=\"button white\"  style=\"border-radius:5px;padding:5px 30px 5px 30px;\">\n    <span>Voir les produits<\/span>\n  <\/a>\n\n\n\t<div id=\"gap-1779483426\" class=\"gap-element clearfix\" style=\"display:block; height:auto;\">\n\t\t\n<style>\n#gap-1779483426 {\n  padding-top: 30px;\n}\n<\/style>\n\t<\/div>\n\t\n\n\n\t\t<\/div>\n\t\t\t\t\n<style>\n#col-969439894 > .col-inner {\n  padding: 0px 5% 0px 5%;\n}\n@media (min-width:550px) {\n  #col-969439894 > .col-inner {\n    padding: 0px 15% 0px 15%;\n  }\n}\n@media (min-width:850px) {\n  #col-969439894 > .col-inner {\n    padding: 0px 0px 0px 15%;\n  }\n}\n<\/style>\n\t<\/div>\n\n\t\n\n<\/div>\n\n\t\t<\/div>\n\n\t\t\n<style>\n#section_30463098 {\n  padding-top: 30px;\n  padding-bottom: 30px;\n  min-height: 600px;\n  background-color: rgb(0,0,0);\n}\n#section_30463098 .section-bg-overlay {\n  background-color: rgba(0,0,0,.5);\n}\n#section_30463098 .section-bg.bg-loaded {\n  background-image: url(https:\/\/elipharmgroup.com\/wp-content\/uploads\/2025\/03\/Gen2.jpg);\n}\n#section_30463098 .section-bg {\n  background-position: 35% 88%;\n}\n<\/style>\n\t<\/section>\n\t\n\n\t\t<\/div>\n\t\t\t\t\t<\/div>\n\n\t\n\n<\/div>\n\n\t\t<\/div>\n\t\t\t\t\t<\/div>\n\n\t\n\n<\/div>\n\t<section class=\"section\" id=\"section_1753988341\">\n\t\t<div class=\"bg section-bg fill bg-fill  bg-loaded\" >\n\n\t\t\t\n\t\t\t\n\t\t\t\n\n\t\t<\/div>\n\n\t\t<div class=\"section-content relative\">\n\t\t\t\n\n<div class=\"row\"  id=\"row-1589496354\">\n\n\n\t<div id=\"col-192310066\" class=\"col small-12 large-12\"  >\n\t\t\t\t<div class=\"col-inner\"  >\n\t\t\t\n\t\t\t\n\n<div class=\"_df_book df-lite\" id=\"df_906\"  _slug=\"catalogue-orthopedique\" data-title=\"catalogue-orthopedique\" wpoptions=\"true\" thumb=\"https:\/\/elipharmgroup.com\/wp-content\/uploads\/2025\/06\/2.jpg\" thumbtype=\"\" ><\/div><script class=\"df-shortcode-script\" nowprocket type=\"application\/javascript\">window.option_df_906 = {\"outline\":[],\"autoEnableOutline\":\"false\",\"autoEnableThumbnail\":\"false\",\"overwritePDFOutline\":\"false\",\"direction\":\"1\",\"pageSize\":\"0\",\"source\":\"https:\\\/\\\/elipharmgroup.com\\\/wp-content\\\/uploads\\\/2025\\\/12\\\/Catalogue-Orthopedie-19-09-205.pdf\",\"wpOptions\":\"true\"}; if(window.DFLIP && window.DFLIP.parseBooks){window.DFLIP.parseBooks();}<\/script>\n\n\t\t<\/div>\n\t\t\t\t\t<\/div>\n\n\t\n\n<\/div>\n\n\t\t<\/div>\n\n\t\t\n<style>\n#section_1753988341 {\n  padding-top: 30px;\n  padding-bottom: 30px;\n}\n<\/style>\n\t<\/section>\n\t\n\n","protected":false},"excerpt":{"rendered":"","protected":false},"author":1,"featured_media":0,"parent":0,"menu_order":0,"comment_status":"closed","ping_status":"closed","template":"","meta":{"footnotes":""},"class_list":["post-880","page","type-page","status-publish","hentry"],"yoast_head":"<!-- This site is optimized with the Yoast SEO plugin v27.3 - https:\/\/yoast.com\/product\/yoast-seo-wordpress\/ -->\n<title>Gamme orthop\u00e9dique - EliPharm Group<\/title>\n<meta name=\"robots\" content=\"index, follow, max-snippet:-1, max-image-preview:large, max-video-preview:-1\" \/>\n<link rel=\"canonical\" href=\"https:\/\/elipharmgroup.com\/?page_id=880\" \/>\n<meta property=\"og:locale\" content=\"fr_FR\" \/>\n<meta property=\"og:type\" content=\"article\" \/>\n<meta property=\"og:title\" content=\"Gamme orthop\u00e9dique - EliPharm Group\" \/>\n<meta property=\"og:url\" content=\"https:\/\/elipharmgroup.com\/?page_id=880\" \/>\n<meta property=\"og:site_name\" content=\"EliPharm Group\" \/>\n<meta property=\"article:publisher\" content=\"https:\/\/www.facebook.com\/profile.php?id=61571934707378\" \/>\n<meta property=\"article:modified_time\" content=\"2025-12-08T18:07:16+00:00\" \/>\n<meta name=\"twitter:card\" content=\"summary_large_image\" \/>\n<script type=\"application\/ld+json\" class=\"yoast-schema-graph\">{\"@context\":\"https:\\\/\\\/schema.org\",\"@graph\":[{\"@type\":[\"Article\",\"SocialMediaPosting\"],\"@id\":\"https:\\\/\\\/elipharmgroup.com\\\/?page_id=880#article\",\"isPartOf\":{\"@id\":\"https:\\\/\\\/elipharmgroup.com\\\/?page_id=880\"},\"author\":{\"name\":\"ADMIN ELIPHARM\",\"@id\":\"https:\\\/\\\/elipharmgroup.com\\\/#\\\/schema\\\/person\\\/73d7ce78ac24cd3ccec9eb4c81d464b2\"},\"headline\":\"Gamme orthop\u00e9dique\",\"datePublished\":\"2025-12-08T13:15:45+00:00\",\"dateModified\":\"2025-12-08T18:07:16+00:00\",\"mainEntityOfPage\":{\"@id\":\"https:\\\/\\\/elipharmgroup.com\\\/?page_id=880\"},\"wordCount\":156,\"publisher\":{\"@id\":\"https:\\\/\\\/elipharmgroup.com\\\/#organization\"},\"inLanguage\":\"fr-FR\"},{\"@type\":\"WebPage\",\"@id\":\"https:\\\/\\\/elipharmgroup.com\\\/?page_id=880\",\"url\":\"https:\\\/\\\/elipharmgroup.com\\\/?page_id=880\",\"name\":\"Gamme orthop\u00e9dique - EliPharm Group\",\"isPartOf\":{\"@id\":\"https:\\\/\\\/elipharmgroup.com\\\/#website\"},\"datePublished\":\"2025-12-08T13:15:45+00:00\",\"dateModified\":\"2025-12-08T18:07:16+00:00\",\"breadcrumb\":{\"@id\":\"https:\\\/\\\/elipharmgroup.com\\\/?page_id=880#breadcrumb\"},\"inLanguage\":\"fr-FR\",\"potentialAction\":[{\"@type\":\"ReadAction\",\"target\":[\"https:\\\/\\\/elipharmgroup.com\\\/?page_id=880\"]}]},{\"@type\":\"BreadcrumbList\",\"@id\":\"https:\\\/\\\/elipharmgroup.com\\\/?page_id=880#breadcrumb\",\"itemListElement\":[{\"@type\":\"ListItem\",\"position\":1,\"name\":\"Accueil\",\"item\":\"https:\\\/\\\/elipharmgroup.com\\\/\"},{\"@type\":\"ListItem\",\"position\":2,\"name\":\"Gamme orthop\u00e9dique\"}]},{\"@type\":\"WebSite\",\"@id\":\"https:\\\/\\\/elipharmgroup.com\\\/#website\",\"url\":\"https:\\\/\\\/elipharmgroup.com\\\/\",\"name\":\"EliPharm Group\",\"description\":\"Entreprise pharmaceutique\",\"publisher\":{\"@id\":\"https:\\\/\\\/elipharmgroup.com\\\/#organization\"},\"potentialAction\":[{\"@type\":\"SearchAction\",\"target\":{\"@type\":\"EntryPoint\",\"urlTemplate\":\"https:\\\/\\\/elipharmgroup.com\\\/?s={search_term_string}\"},\"query-input\":{\"@type\":\"PropertyValueSpecification\",\"valueRequired\":true,\"valueName\":\"search_term_string\"}}],\"inLanguage\":\"fr-FR\"},{\"@type\":\"Organization\",\"@id\":\"https:\\\/\\\/elipharmgroup.com\\\/#organization\",\"name\":\"EliPharm Group\",\"url\":\"https:\\\/\\\/elipharmgroup.com\\\/\",\"logo\":{\"@type\":\"ImageObject\",\"inLanguage\":\"fr-FR\",\"@id\":\"https:\\\/\\\/elipharmgroup.com\\\/#\\\/schema\\\/logo\\\/image\\\/\",\"url\":\"https:\\\/\\\/elipharmgroup.com\\\/wp-content\\\/uploads\\\/2025\\\/02\\\/cropped-Logo-Elipharm-group-2.png\",\"contentUrl\":\"https:\\\/\\\/elipharmgroup.com\\\/wp-content\\\/uploads\\\/2025\\\/02\\\/cropped-Logo-Elipharm-group-2.png\",\"width\":652,\"height\":467,\"caption\":\"EliPharm Group\"},\"image\":{\"@id\":\"https:\\\/\\\/elipharmgroup.com\\\/#\\\/schema\\\/logo\\\/image\\\/\"},\"sameAs\":[\"https:\\\/\\\/www.facebook.com\\\/profile.php?id=61571934707378\",\"https:\\\/\\\/www.instagram.com\\\/elipharmgroup\\\/\",\"https:\\\/\\\/www.youtube.com\\\/@ElipharmGroup\"]},{\"@type\":\"Person\",\"@id\":\"https:\\\/\\\/elipharmgroup.com\\\/#\\\/schema\\\/person\\\/73d7ce78ac24cd3ccec9eb4c81d464b2\",\"name\":\"ADMIN ELIPHARM\",\"image\":{\"@type\":\"ImageObject\",\"inLanguage\":\"fr-FR\",\"@id\":\"https:\\\/\\\/secure.gravatar.com\\\/avatar\\\/4d6127f9bbeb1be73b45b80f8865ac33b85b35553464fe5e2e758d9574e465a5?s=96&d=mm&r=g\",\"url\":\"https:\\\/\\\/secure.gravatar.com\\\/avatar\\\/4d6127f9bbeb1be73b45b80f8865ac33b85b35553464fe5e2e758d9574e465a5?s=96&d=mm&r=g\",\"contentUrl\":\"https:\\\/\\\/secure.gravatar.com\\\/avatar\\\/4d6127f9bbeb1be73b45b80f8865ac33b85b35553464fe5e2e758d9574e465a5?s=96&d=mm&r=g\",\"caption\":\"ADMIN ELIPHARM\"},\"sameAs\":[\"https:\\\/\\\/elipharmgroup.com\"],\"url\":\"https:\\\/\\\/elipharmgroup.com\\\/?author=1\"}]}<\/script>\n<!-- \/ Yoast SEO plugin. -->","yoast_head_json":{"title":"Gamme orthop\u00e9dique - EliPharm Group","robots":{"index":"index","follow":"follow","max-snippet":"max-snippet:-1","max-image-preview":"max-image-preview:large","max-video-preview":"max-video-preview:-1"},"canonical":"https:\/\/elipharmgroup.com\/?page_id=880","og_locale":"fr_FR","og_type":"article","og_title":"Gamme orthop\u00e9dique - EliPharm Group","og_url":"https:\/\/elipharmgroup.com\/?page_id=880","og_site_name":"EliPharm Group","article_publisher":"https:\/\/www.facebook.com\/profile.php?id=61571934707378","article_modified_time":"2025-12-08T18:07:16+00:00","twitter_card":"summary_large_image","schema":{"@context":"https:\/\/schema.org","@graph":[{"@type":["Article","SocialMediaPosting"],"@id":"https:\/\/elipharmgroup.com\/?page_id=880#article","isPartOf":{"@id":"https:\/\/elipharmgroup.com\/?page_id=880"},"author":{"name":"ADMIN ELIPHARM","@id":"https:\/\/elipharmgroup.com\/#\/schema\/person\/73d7ce78ac24cd3ccec9eb4c81d464b2"},"headline":"Gamme orthop\u00e9dique","datePublished":"2025-12-08T13:15:45+00:00","dateModified":"2025-12-08T18:07:16+00:00","mainEntityOfPage":{"@id":"https:\/\/elipharmgroup.com\/?page_id=880"},"wordCount":156,"publisher":{"@id":"https:\/\/elipharmgroup.com\/#organization"},"inLanguage":"fr-FR"},{"@type":"WebPage","@id":"https:\/\/elipharmgroup.com\/?page_id=880","url":"https:\/\/elipharmgroup.com\/?page_id=880","name":"Gamme orthop\u00e9dique - EliPharm Group","isPartOf":{"@id":"https:\/\/elipharmgroup.com\/#website"},"datePublished":"2025-12-08T13:15:45+00:00","dateModified":"2025-12-08T18:07:16+00:00","breadcrumb":{"@id":"https:\/\/elipharmgroup.com\/?page_id=880#breadcrumb"},"inLanguage":"fr-FR","potentialAction":[{"@type":"ReadAction","target":["https:\/\/elipharmgroup.com\/?page_id=880"]}]},{"@type":"BreadcrumbList","@id":"https:\/\/elipharmgroup.com\/?page_id=880#breadcrumb","itemListElement":[{"@type":"ListItem","position":1,"name":"Accueil","item":"https:\/\/elipharmgroup.com\/"},{"@type":"ListItem","position":2,"name":"Gamme orthop\u00e9dique"}]},{"@type":"WebSite","@id":"https:\/\/elipharmgroup.com\/#website","url":"https:\/\/elipharmgroup.com\/","name":"EliPharm Group","description":"Entreprise pharmaceutique","publisher":{"@id":"https:\/\/elipharmgroup.com\/#organization"},"potentialAction":[{"@type":"SearchAction","target":{"@type":"EntryPoint","urlTemplate":"https:\/\/elipharmgroup.com\/?s={search_term_string}"},"query-input":{"@type":"PropertyValueSpecification","valueRequired":true,"valueName":"search_term_string"}}],"inLanguage":"fr-FR"},{"@type":"Organization","@id":"https:\/\/elipharmgroup.com\/#organization","name":"EliPharm Group","url":"https:\/\/elipharmgroup.com\/","logo":{"@type":"ImageObject","inLanguage":"fr-FR","@id":"https:\/\/elipharmgroup.com\/#\/schema\/logo\/image\/","url":"https:\/\/elipharmgroup.com\/wp-content\/uploads\/2025\/02\/cropped-Logo-Elipharm-group-2.png","contentUrl":"https:\/\/elipharmgroup.com\/wp-content\/uploads\/2025\/02\/cropped-Logo-Elipharm-group-2.png","width":652,"height":467,"caption":"EliPharm Group"},"image":{"@id":"https:\/\/elipharmgroup.com\/#\/schema\/logo\/image\/"},"sameAs":["https:\/\/www.facebook.com\/profile.php?id=61571934707378","https:\/\/www.instagram.com\/elipharmgroup\/","https:\/\/www.youtube.com\/@ElipharmGroup"]},{"@type":"Person","@id":"https:\/\/elipharmgroup.com\/#\/schema\/person\/73d7ce78ac24cd3ccec9eb4c81d464b2","name":"ADMIN ELIPHARM","image":{"@type":"ImageObject","inLanguage":"fr-FR","@id":"https:\/\/secure.gravatar.com\/avatar\/4d6127f9bbeb1be73b45b80f8865ac33b85b35553464fe5e2e758d9574e465a5?s=96&d=mm&r=g","url":"https:\/\/secure.gravatar.com\/avatar\/4d6127f9bbeb1be73b45b80f8865ac33b85b35553464fe5e2e758d9574e465a5?s=96&d=mm&r=g","contentUrl":"https:\/\/secure.gravatar.com\/avatar\/4d6127f9bbeb1be73b45b80f8865ac33b85b35553464fe5e2e758d9574e465a5?s=96&d=mm&r=g","caption":"ADMIN ELIPHARM"},"sameAs":["https:\/\/elipharmgroup.com"],"url":"https:\/\/elipharmgroup.com\/?author=1"}]}},"_links":{"self":[{"href":"https:\/\/elipharmgroup.com\/index.php?rest_route=\/wp\/v2\/pages\/880","targetHints":{"allow":["GET"]}}],"collection":[{"href":"https:\/\/elipharmgroup.com\/index.php?rest_route=\/wp\/v2\/pages"}],"about":[{"href":"https:\/\/elipharmgroup.com\/index.php?rest_route=\/wp\/v2\/types\/page"}],"author":[{"embeddable":true,"href":"https:\/\/elipharmgroup.com\/index.php?rest_route=\/wp\/v2\/users\/1"}],"replies":[{"embeddable":true,"href":"https:\/\/elipharmgroup.com\/index.php?rest_route=%2Fwp%2Fv2%2Fcomments&post=880"}],"version-history":[{"count":5,"href":"https:\/\/elipharmgroup.com\/index.php?rest_route=\/wp\/v2\/pages\/880\/revisions"}],"predecessor-version":[{"id":916,"href":"https:\/\/elipharmgroup.com\/index.php?rest_route=\/wp\/v2\/pages\/880\/revisions\/916"}],"wp:attachment":[{"href":"https:\/\/elipharmgroup.com\/index.php?rest_route=%2Fwp%2Fv2%2Fmedia&parent=880"}],"curies":[{"name":"wp","href":"https:\/\/api.w.org\/{rel}","templated":true}]}}