{"id":878,"date":"2025-12-08T13:14:53","date_gmt":"2025-12-08T13:14:53","guid":{"rendered":"https:\/\/elipharmgroup.com\/?page_id=878"},"modified":"2025-12-08T18:08:19","modified_gmt":"2025-12-08T18:08:19","slug":"consommables-medicaux","status":"publish","type":"page","link":"https:\/\/elipharmgroup.com\/?page_id=878","title":{"rendered":"Consommables m\u00e9dicaux"},"content":{"rendered":"\n\t<section class=\"section dark\" id=\"section_1549567753\">\n\t\t<div class=\"bg section-bg fill bg-fill  \" >\n\n\t\t\t\n\t\t\t<div class=\"section-bg-overlay absolute fill\"><\/div>\n\t\t\t\n\n\t\t<\/div>\n\n\t\t<div class=\"section-content relative\">\n\t\t\t\n\n\t<div id=\"gap-1656333516\" class=\"gap-element clearfix\" style=\"display:block; height:auto;\">\n\t\t\n<style>\n#gap-1656333516 {\n  padding-top: 30px;\n}\n<\/style>\n\t<\/div>\n\t\n\n<div class=\"row align-center\"  id=\"row-1598003810\">\n\n\n\t<div id=\"col-1787628257\" class=\"col medium-8 small-12 large-9\"  >\n\t\t\t\t<div class=\"col-inner text-center\"  >\n\t\t\t\n\t\t\t\n\n\t<div id=\"text-4199918967\" class=\"text\">\n\t\t\n\n<h6>Catalogue des consommables m\u00e9dicaux 2025<\/h6>\n\t\t\n<style>\n#text-4199918967 {\n  line-height: 0.75;\n}\n<\/style>\n\t<\/div>\n\t\n\t<div id=\"gap-1097816860\" class=\"gap-element clearfix\" style=\"display:block; height:auto;\">\n\t\t\n<style>\n#gap-1097816860 {\n  padding-top: 5px;\n}\n<\/style>\n\t<\/div>\n\t\n\n\t<div id=\"text-3148723168\" class=\"text\">\n\t\t\n\n<h3>Consommables m\u00e9dicaux<\/h3>\n\t\t\n<style>\n#text-3148723168 {\n  font-size: 2.25rem;\n  line-height: 1;\n}\n@media (min-width:550px) {\n  #text-3148723168 {\n    font-size: 2.5rem;\n  }\n}\n@media (min-width:850px) {\n  #text-3148723168 {\n    line-height: 0.75;\n  }\n}\n<\/style>\n\t<\/div>\n\t\n<p>Nos produits \u00e0 usage unique ou \u00e0 dur\u00e9e limit\u00e9e utilis\u00e9s quotidiennement par les professionnels de sant\u00e9 (m\u00e9decins, infirmiers, etc.) pour r\u00e9aliser des soins, des examens ou maintenir l&rsquo;hygi\u00e8ne et la s\u00e9curit\u00e9.<\/p>\n\t<div id=\"stack-1547974339\" class=\"stack stack-row justify-center items-stretch\">\n\t\t\n\n<a rel=\"noopener noreferrer\" href=\"https:\/\/elipharmgroup.com\/?post_type=product\" target=\"_blank\" class=\"button white\"  style=\"border-radius:5px;padding:5px 30px 5px 30px;\">\n    <span>Voir les produits<\/span>\n  <\/a>\n\n\n\n\t\t\n<style>\n#stack-1547974339 > * {\n  --stack-gap: 0.75rem;\n}\n<\/style>\n\t<\/div>\n\t\n\n\t\t<\/div>\n\t\t\t\t\t<\/div>\n\n\t\n\n<\/div>\n\n\t\t<\/div>\n\n\t\t\n<style>\n#section_1549567753 {\n  padding-top: 30px;\n  padding-bottom: 30px;\n  min-height: 500px;\n  background-color: rgb(255, 255, 255);\n}\n#section_1549567753 .section-bg-overlay {\n  background-color: rgba(0,0,0,.5);\n}\n#section_1549567753 .section-bg.bg-loaded {\n  background-image: url(https:\/\/elipharmgroup.com\/wp-content\/uploads\/2025\/12\/masque-jetable-blouse.jpg);\n}\n#section_1549567753 .section-bg {\n  background-position: 77% 72%;\n}\n@media (min-width:550px) {\n  #section_1549567753 {\n    min-height: 500px;\n  }\n}\n@media (min-width:850px) {\n  #section_1549567753 {\n    min-height: 425px;\n  }\n}\n<\/style>\n\t<\/section>\n\t\n\t<div id=\"gap-1267609666\" class=\"gap-element clearfix\" style=\"display:block; height:auto;\">\n\t\t\n<style>\n#gap-1267609666 {\n  padding-top: 100px;\n}\n<\/style>\n\t<\/div>\n\t\n\n\t<section class=\"section\" id=\"section_512438431\">\n\t\t<div class=\"bg section-bg fill bg-fill  bg-loaded\" >\n\n\t\t\t\n\t\t\t\n\t\t\t\n\n\t\t<\/div>\n\n\t\t<div class=\"section-content relative\">\n\t\t\t\n\n<div class=\"row row-collapse\"  id=\"row-1360851187\">\n\n\n\t<div id=\"col-910221863\" class=\"col small-12 large-12\"  >\n\t\t\t\t<div class=\"col-inner\"  >\n\t\t\t\n\t\t\t\n\n<div class=\"_df_book df-lite\" id=\"df_900\"  _slug=\"catalogue-consommable-2025\" data-title=\"catalogue-consommable-2025\" wpoptions=\"true\" thumb=\"https:\/\/elipharmgroup.com\/wp-content\/uploads\/2025\/12\/masque-jetable-blouse.jpg\" thumbtype=\"\" ><\/div><script class=\"df-shortcode-script\" nowprocket type=\"application\/javascript\">window.option_df_900 = {\"outline\":[],\"autoEnableOutline\":\"false\",\"autoEnableThumbnail\":\"false\",\"overwritePDFOutline\":\"false\",\"direction\":\"1\",\"pageSize\":\"0\",\"source\":\"https:\\\/\\\/elipharmgroup.com\\\/wp-content\\\/uploads\\\/2025\\\/12\\\/Catalogue-conso-12-2025.pdf\",\"wpOptions\":\"true\"}; if(window.DFLIP && window.DFLIP.parseBooks){window.DFLIP.parseBooks();}<\/script>\n\n\t\t<\/div>\n\t\t\t\t\t<\/div>\n\n\t\n\n<\/div>\n\n\t\t<\/div>\n\n\t\t\n<style>\n#section_512438431 {\n  padding-top: 30px;\n  padding-bottom: 30px;\n  background-color: #11b1c0;\n}\n<\/style>\n\t<\/section>\n\t\n\n","protected":false},"excerpt":{"rendered":"","protected":false},"author":1,"featured_media":0,"parent":0,"menu_order":0,"comment_status":"closed","ping_status":"closed","template":"","meta":{"footnotes":""},"class_list":["post-878","page","type-page","status-publish","hentry"],"yoast_head":"<!-- This site is optimized with the Yoast SEO plugin v27.3 - https:\/\/yoast.com\/product\/yoast-seo-wordpress\/ -->\n<title>Consommables m\u00e9dicaux - EliPharm Group<\/title>\n<meta name=\"robots\" content=\"index, follow, max-snippet:-1, max-image-preview:large, max-video-preview:-1\" \/>\n<link rel=\"canonical\" href=\"https:\/\/elipharmgroup.com\/?page_id=878\" \/>\n<meta property=\"og:locale\" content=\"fr_FR\" \/>\n<meta property=\"og:type\" content=\"article\" \/>\n<meta property=\"og:title\" content=\"Consommables m\u00e9dicaux - EliPharm Group\" \/>\n<meta property=\"og:url\" content=\"https:\/\/elipharmgroup.com\/?page_id=878\" \/>\n<meta property=\"og:site_name\" content=\"EliPharm Group\" \/>\n<meta property=\"article:publisher\" content=\"https:\/\/www.facebook.com\/profile.php?id=61571934707378\" \/>\n<meta property=\"article:modified_time\" content=\"2025-12-08T18:08:19+00:00\" \/>\n<meta name=\"twitter:card\" content=\"summary_large_image\" \/>\n<script type=\"application\/ld+json\" class=\"yoast-schema-graph\">{\"@context\":\"https:\\\/\\\/schema.org\",\"@graph\":[{\"@type\":[\"Article\",\"SocialMediaPosting\"],\"@id\":\"https:\\\/\\\/elipharmgroup.com\\\/?page_id=878#article\",\"isPartOf\":{\"@id\":\"https:\\\/\\\/elipharmgroup.com\\\/?page_id=878\"},\"author\":{\"name\":\"ADMIN ELIPHARM\",\"@id\":\"https:\\\/\\\/elipharmgroup.com\\\/#\\\/schema\\\/person\\\/73d7ce78ac24cd3ccec9eb4c81d464b2\"},\"headline\":\"Consommables m\u00e9dicaux\",\"datePublished\":\"2025-12-08T13:14:53+00:00\",\"dateModified\":\"2025-12-08T18:08:19+00:00\",\"mainEntityOfPage\":{\"@id\":\"https:\\\/\\\/elipharmgroup.com\\\/?page_id=878\"},\"wordCount\":158,\"publisher\":{\"@id\":\"https:\\\/\\\/elipharmgroup.com\\\/#organization\"},\"inLanguage\":\"fr-FR\"},{\"@type\":\"WebPage\",\"@id\":\"https:\\\/\\\/elipharmgroup.com\\\/?page_id=878\",\"url\":\"https:\\\/\\\/elipharmgroup.com\\\/?page_id=878\",\"name\":\"Consommables m\u00e9dicaux - EliPharm Group\",\"isPartOf\":{\"@id\":\"https:\\\/\\\/elipharmgroup.com\\\/#website\"},\"datePublished\":\"2025-12-08T13:14:53+00:00\",\"dateModified\":\"2025-12-08T18:08:19+00:00\",\"breadcrumb\":{\"@id\":\"https:\\\/\\\/elipharmgroup.com\\\/?page_id=878#breadcrumb\"},\"inLanguage\":\"fr-FR\",\"potentialAction\":[{\"@type\":\"ReadAction\",\"target\":[\"https:\\\/\\\/elipharmgroup.com\\\/?page_id=878\"]}]},{\"@type\":\"BreadcrumbList\",\"@id\":\"https:\\\/\\\/elipharmgroup.com\\\/?page_id=878#breadcrumb\",\"itemListElement\":[{\"@type\":\"ListItem\",\"position\":1,\"name\":\"Accueil\",\"item\":\"https:\\\/\\\/elipharmgroup.com\\\/\"},{\"@type\":\"ListItem\",\"position\":2,\"name\":\"Consommables m\u00e9dicaux\"}]},{\"@type\":\"WebSite\",\"@id\":\"https:\\\/\\\/elipharmgroup.com\\\/#website\",\"url\":\"https:\\\/\\\/elipharmgroup.com\\\/\",\"name\":\"EliPharm Group\",\"description\":\"Entreprise pharmaceutique\",\"publisher\":{\"@id\":\"https:\\\/\\\/elipharmgroup.com\\\/#organization\"},\"potentialAction\":[{\"@type\":\"SearchAction\",\"target\":{\"@type\":\"EntryPoint\",\"urlTemplate\":\"https:\\\/\\\/elipharmgroup.com\\\/?s={search_term_string}\"},\"query-input\":{\"@type\":\"PropertyValueSpecification\",\"valueRequired\":true,\"valueName\":\"search_term_string\"}}],\"inLanguage\":\"fr-FR\"},{\"@type\":\"Organization\",\"@id\":\"https:\\\/\\\/elipharmgroup.com\\\/#organization\",\"name\":\"EliPharm Group\",\"url\":\"https:\\\/\\\/elipharmgroup.com\\\/\",\"logo\":{\"@type\":\"ImageObject\",\"inLanguage\":\"fr-FR\",\"@id\":\"https:\\\/\\\/elipharmgroup.com\\\/#\\\/schema\\\/logo\\\/image\\\/\",\"url\":\"https:\\\/\\\/elipharmgroup.com\\\/wp-content\\\/uploads\\\/2025\\\/02\\\/cropped-Logo-Elipharm-group-2.png\",\"contentUrl\":\"https:\\\/\\\/elipharmgroup.com\\\/wp-content\\\/uploads\\\/2025\\\/02\\\/cropped-Logo-Elipharm-group-2.png\",\"width\":652,\"height\":467,\"caption\":\"EliPharm Group\"},\"image\":{\"@id\":\"https:\\\/\\\/elipharmgroup.com\\\/#\\\/schema\\\/logo\\\/image\\\/\"},\"sameAs\":[\"https:\\\/\\\/www.facebook.com\\\/profile.php?id=61571934707378\",\"https:\\\/\\\/www.instagram.com\\\/elipharmgroup\\\/\",\"https:\\\/\\\/www.youtube.com\\\/@ElipharmGroup\"]},{\"@type\":\"Person\",\"@id\":\"https:\\\/\\\/elipharmgroup.com\\\/#\\\/schema\\\/person\\\/73d7ce78ac24cd3ccec9eb4c81d464b2\",\"name\":\"ADMIN ELIPHARM\",\"image\":{\"@type\":\"ImageObject\",\"inLanguage\":\"fr-FR\",\"@id\":\"https:\\\/\\\/secure.gravatar.com\\\/avatar\\\/4d6127f9bbeb1be73b45b80f8865ac33b85b35553464fe5e2e758d9574e465a5?s=96&d=mm&r=g\",\"url\":\"https:\\\/\\\/secure.gravatar.com\\\/avatar\\\/4d6127f9bbeb1be73b45b80f8865ac33b85b35553464fe5e2e758d9574e465a5?s=96&d=mm&r=g\",\"contentUrl\":\"https:\\\/\\\/secure.gravatar.com\\\/avatar\\\/4d6127f9bbeb1be73b45b80f8865ac33b85b35553464fe5e2e758d9574e465a5?s=96&d=mm&r=g\",\"caption\":\"ADMIN ELIPHARM\"},\"sameAs\":[\"https:\\\/\\\/elipharmgroup.com\"],\"url\":\"https:\\\/\\\/elipharmgroup.com\\\/?author=1\"}]}<\/script>\n<!-- \/ Yoast SEO plugin. -->","yoast_head_json":{"title":"Consommables m\u00e9dicaux - EliPharm Group","robots":{"index":"index","follow":"follow","max-snippet":"max-snippet:-1","max-image-preview":"max-image-preview:large","max-video-preview":"max-video-preview:-1"},"canonical":"https:\/\/elipharmgroup.com\/?page_id=878","og_locale":"fr_FR","og_type":"article","og_title":"Consommables m\u00e9dicaux - EliPharm Group","og_url":"https:\/\/elipharmgroup.com\/?page_id=878","og_site_name":"EliPharm Group","article_publisher":"https:\/\/www.facebook.com\/profile.php?id=61571934707378","article_modified_time":"2025-12-08T18:08:19+00:00","twitter_card":"summary_large_image","schema":{"@context":"https:\/\/schema.org","@graph":[{"@type":["Article","SocialMediaPosting"],"@id":"https:\/\/elipharmgroup.com\/?page_id=878#article","isPartOf":{"@id":"https:\/\/elipharmgroup.com\/?page_id=878"},"author":{"name":"ADMIN ELIPHARM","@id":"https:\/\/elipharmgroup.com\/#\/schema\/person\/73d7ce78ac24cd3ccec9eb4c81d464b2"},"headline":"Consommables m\u00e9dicaux","datePublished":"2025-12-08T13:14:53+00:00","dateModified":"2025-12-08T18:08:19+00:00","mainEntityOfPage":{"@id":"https:\/\/elipharmgroup.com\/?page_id=878"},"wordCount":158,"publisher":{"@id":"https:\/\/elipharmgroup.com\/#organization"},"inLanguage":"fr-FR"},{"@type":"WebPage","@id":"https:\/\/elipharmgroup.com\/?page_id=878","url":"https:\/\/elipharmgroup.com\/?page_id=878","name":"Consommables m\u00e9dicaux - EliPharm Group","isPartOf":{"@id":"https:\/\/elipharmgroup.com\/#website"},"datePublished":"2025-12-08T13:14:53+00:00","dateModified":"2025-12-08T18:08:19+00:00","breadcrumb":{"@id":"https:\/\/elipharmgroup.com\/?page_id=878#breadcrumb"},"inLanguage":"fr-FR","potentialAction":[{"@type":"ReadAction","target":["https:\/\/elipharmgroup.com\/?page_id=878"]}]},{"@type":"BreadcrumbList","@id":"https:\/\/elipharmgroup.com\/?page_id=878#breadcrumb","itemListElement":[{"@type":"ListItem","position":1,"name":"Accueil","item":"https:\/\/elipharmgroup.com\/"},{"@type":"ListItem","position":2,"name":"Consommables m\u00e9dicaux"}]},{"@type":"WebSite","@id":"https:\/\/elipharmgroup.com\/#website","url":"https:\/\/elipharmgroup.com\/","name":"EliPharm Group","description":"Entreprise pharmaceutique","publisher":{"@id":"https:\/\/elipharmgroup.com\/#organization"},"potentialAction":[{"@type":"SearchAction","target":{"@type":"EntryPoint","urlTemplate":"https:\/\/elipharmgroup.com\/?s={search_term_string}"},"query-input":{"@type":"PropertyValueSpecification","valueRequired":true,"valueName":"search_term_string"}}],"inLanguage":"fr-FR"},{"@type":"Organization","@id":"https:\/\/elipharmgroup.com\/#organization","name":"EliPharm Group","url":"https:\/\/elipharmgroup.com\/","logo":{"@type":"ImageObject","inLanguage":"fr-FR","@id":"https:\/\/elipharmgroup.com\/#\/schema\/logo\/image\/","url":"https:\/\/elipharmgroup.com\/wp-content\/uploads\/2025\/02\/cropped-Logo-Elipharm-group-2.png","contentUrl":"https:\/\/elipharmgroup.com\/wp-content\/uploads\/2025\/02\/cropped-Logo-Elipharm-group-2.png","width":652,"height":467,"caption":"EliPharm Group"},"image":{"@id":"https:\/\/elipharmgroup.com\/#\/schema\/logo\/image\/"},"sameAs":["https:\/\/www.facebook.com\/profile.php?id=61571934707378","https:\/\/www.instagram.com\/elipharmgroup\/","https:\/\/www.youtube.com\/@ElipharmGroup"]},{"@type":"Person","@id":"https:\/\/elipharmgroup.com\/#\/schema\/person\/73d7ce78ac24cd3ccec9eb4c81d464b2","name":"ADMIN ELIPHARM","image":{"@type":"ImageObject","inLanguage":"fr-FR","@id":"https:\/\/secure.gravatar.com\/avatar\/4d6127f9bbeb1be73b45b80f8865ac33b85b35553464fe5e2e758d9574e465a5?s=96&d=mm&r=g","url":"https:\/\/secure.gravatar.com\/avatar\/4d6127f9bbeb1be73b45b80f8865ac33b85b35553464fe5e2e758d9574e465a5?s=96&d=mm&r=g","contentUrl":"https:\/\/secure.gravatar.com\/avatar\/4d6127f9bbeb1be73b45b80f8865ac33b85b35553464fe5e2e758d9574e465a5?s=96&d=mm&r=g","caption":"ADMIN ELIPHARM"},"sameAs":["https:\/\/elipharmgroup.com"],"url":"https:\/\/elipharmgroup.com\/?author=1"}]}},"_links":{"self":[{"href":"https:\/\/elipharmgroup.com\/index.php?rest_route=\/wp\/v2\/pages\/878","targetHints":{"allow":["GET"]}}],"collection":[{"href":"https:\/\/elipharmgroup.com\/index.php?rest_route=\/wp\/v2\/pages"}],"about":[{"href":"https:\/\/elipharmgroup.com\/index.php?rest_route=\/wp\/v2\/types\/page"}],"author":[{"embeddable":true,"href":"https:\/\/elipharmgroup.com\/index.php?rest_route=\/wp\/v2\/users\/1"}],"replies":[{"embeddable":true,"href":"https:\/\/elipharmgroup.com\/index.php?rest_route=%2Fwp%2Fv2%2Fcomments&post=878"}],"version-history":[{"count":9,"href":"https:\/\/elipharmgroup.com\/index.php?rest_route=\/wp\/v2\/pages\/878\/revisions"}],"predecessor-version":[{"id":918,"href":"https:\/\/elipharmgroup.com\/index.php?rest_route=\/wp\/v2\/pages\/878\/revisions\/918"}],"wp:attachment":[{"href":"https:\/\/elipharmgroup.com\/index.php?rest_route=%2Fwp%2Fv2%2Fmedia&parent=878"}],"curies":[{"name":"wp","href":"https:\/\/api.w.org\/{rel}","templated":true}]}}